{"id":12,"date":"2025-03-07T22:36:23","date_gmt":"2025-03-07T22:36:23","guid":{"rendered":"https:\/\/www.nevro-local.com\/de\/?page_id=12"},"modified":"2025-05-02T23:38:02","modified_gmt":"2025-05-02T23:38:02","slug":"patients","status":"publish","type":"page","link":"https:\/\/www.nevro.com\/de\/patients\/","title":{"rendered":"Patienten"},"content":{"rendered":"<div class=\"hero image headline \">\r\n      <div class=\"image-container \">\r\n      \r\n      <picture class=\" \">\r\n                <source\r\n            media=\"(min-width: 1025px)\"\r\n            srcset=\"https:\/\/nevro-production.b-cdn.net\/app\/uploads\/cache\/sites\/4\/2025\/03\/patient-hero-scaled.jpg\/259977e38d8e31481a2b3b4fb6497452\"\r\n            type=\"image\/webp\"\r\n        >\r\n        <source\r\n            media=\"(min-width: 1025px)\"\r\n            srcset=\"https:\/\/nevro-production.b-cdn.net\/app\/uploads\/cache\/sites\/4\/2025\/03\/patient-hero-scaled.jpg\/5de6ee8aa0127045e371455b496eeec9\"\r\n            type=\"image\/jpeg\"\r\n        >\r\n                <source\r\n            media=\"(max-width: 1024px)\"\r\n            srcset=\"\/app\/uploads\/cache\/sites\/4\/2025\/03\/patient-hero-scaled.jpg\/0b15452a11531e890b842ef4d499a153\"\r\n            type=\"image\/webp\"\r\n        >\r\n        <source\r\n            media=\"(max-width: 1024px)\"\r\n            srcset=\"https:\/\/nevro-production.b-cdn.net\/app\/uploads\/cache\/sites\/4\/2025\/03\/patient-hero-scaled.jpg\/2dc828176940809854e8327fc6edef8c\"\r\n            type=\"image\/jpeg\"\r\n        >\r\n        <img decoding=\"async\"\r\n            sizes=\"auto, (max-width: 1024px) 1024px,\r\n                    (max-width: 768px) 768px\"\r\n\r\n            class=\" \"\r\n\r\n            srcset=\"https:\/\/nevro-production.b-cdn.net\/app\/uploads\/cache\/sites\/4\/2025\/03\/patient-hero-scaled.jpg\/5de6ee8aa0127045e371455b496eeec9 1024w,\r\n                    https:\/\/nevro-production.b-cdn.net\/app\/uploads\/cache\/sites\/4\/2025\/03\/patient-hero-scaled.jpg\/2dc828176940809854e8327fc6edef8c 768w\"\r\n            src=\"https:\/\/nevro-production.b-cdn.net\/app\/uploads\/cache\/sites\/4\/2025\/03\/patient-hero-scaled.jpg\/2dc828176940809854e8327fc6edef8c\"\r\n            loading=\"lazy\"\r\n            alt=\"\"\r\n            width=\"2560\"\r\n            height=\"854\"\r\n        >\r\n    <\/picture>\r\n                <\/div>\r\n    \r\n    <div class=\"text-container justify-start\">\r\n        <div class=\"content text-left items-start \">\r\n              <h1 class=\"\r\n          text-white\r\n                                      block\r\n                      \">Gehen Sie neue Wege zur Linderung Ihrer chronischen Schmerzen<\/h1>\r\n             \r\n                <\/div>\r\n  <\/div>\r\n<\/div>\n\n<div class=\"bckt  bg-white \">\r\n  <div class=\"container\">\r\n          <div class=\"heading-container\">\r\n        <h2>Die 10-kHz Therapie kann nachweislich eine Schmerzreduktion unabh\u00e4ngig von Medikamenten und Operationen bewirken.<\/h2>\r\n      <\/div>\r\n            <div class=\"flex flex-col md:flex-row md:flex-wrap justify-center\">\r\n      \r\n                        \r\n          <div class=\"bckt-col\">\r\n                          <div class=\"image-container\">\r\n                <picture class=\"h-[80px] w-auto\">\r\n                <source\r\n            media=\"(max-width: 1024px)\"\r\n            srcset=\"\"\r\n            type=\"image\/webp\"\r\n        >\r\n        <source\r\n            media=\"(max-width: 1024px)\"\r\n            srcset=\"https:\/\/nevro-production.b-cdn.net\/app\/uploads\/cache\/sites\/4\/2025\/03\/significant.png\/972ec96607f2e15f6bdcc41fc16b3396\"\r\n            type=\"image\/jpeg\"\r\n        >\r\n        <img decoding=\"async\"\r\n            sizes=\"auto, (max-width: 1024px) 1024px,\r\n                    (max-width: 768px) 768px\"\r\n\r\n            class=\"h-[80px] w-auto\"\r\n\r\n            srcset=\"https:\/\/nevro-production.b-cdn.net\/app\/uploads\/cache\/sites\/4\/2025\/03\/significant.png\/b84a387523e361540c8793bd51a8acfc 1024w,\r\n                    https:\/\/nevro-production.b-cdn.net\/app\/uploads\/cache\/sites\/4\/2025\/03\/significant.png\/972ec96607f2e15f6bdcc41fc16b3396 768w\"\r\n            src=\"https:\/\/nevro-production.b-cdn.net\/app\/uploads\/cache\/sites\/4\/2025\/03\/significant.png\/972ec96607f2e15f6bdcc41fc16b3396\"\r\n            loading=\"lazy\"\r\n            alt=\"\"\r\n            width=\"auto\"\r\n            height=\"80px\"\r\n        >\r\n    <\/picture>\r\n              <\/div>\r\n                        <div class=\"text-container\">\r\n                              <h5>Erfahren Sie eine deutliche Schmerzlinderung<\/h5>\r\n                                            <p>4 von 5 Personen erfahren eine bedeutsame, nachhaltige Schmerzlinderung\u00b9<\/p>\r\n                                        <\/div>\r\n          <\/div>\r\n                                \r\n          <div class=\"bckt-col\">\r\n                          <div class=\"image-container\">\r\n                <picture class=\"h-[80px] w-auto\">\r\n                <source\r\n            media=\"(max-width: 1024px)\"\r\n            srcset=\"\"\r\n            type=\"image\/webp\"\r\n        >\r\n        <source\r\n            media=\"(max-width: 1024px)\"\r\n            srcset=\"https:\/\/nevro-production.b-cdn.net\/app\/uploads\/cache\/sites\/4\/2025\/03\/independence.png\/708fcaa8159e5f8307a91f8f2a581f1d\"\r\n            type=\"image\/jpeg\"\r\n        >\r\n        <img decoding=\"async\"\r\n            sizes=\"auto, (max-width: 1024px) 1024px,\r\n                    (max-width: 768px) 768px\"\r\n\r\n            class=\"h-[80px] w-auto\"\r\n\r\n            srcset=\"https:\/\/nevro-production.b-cdn.net\/app\/uploads\/cache\/sites\/4\/2025\/03\/independence.png\/c2e7b4d6d7a1b6b28c546d416eb048d3 1024w,\r\n                    https:\/\/nevro-production.b-cdn.net\/app\/uploads\/cache\/sites\/4\/2025\/03\/independence.png\/708fcaa8159e5f8307a91f8f2a581f1d 768w\"\r\n            src=\"https:\/\/nevro-production.b-cdn.net\/app\/uploads\/cache\/sites\/4\/2025\/03\/independence.png\/708fcaa8159e5f8307a91f8f2a581f1d\"\r\n            loading=\"lazy\"\r\n            alt=\"\"\r\n            width=\"auto\"\r\n            height=\"80px\"\r\n        >\r\n    <\/picture>\r\n              <\/div>\r\n                        <div class=\"text-container\">\r\n                              <h5>Gewinnen Sie Ihre Unabh\u00e4ngigkeit zur\u00fcck<\/h5>\r\n                                            <p>HFX kann Menschen helfen, die Aktivit\u00e4ten ihres t\u00e4glichen Lebens wieder aufzunehmen\u00b2<\/p>\r\n                                        <\/div>\r\n          <\/div>\r\n                                \r\n          <div class=\"bckt-col\">\r\n                          <div class=\"image-container\">\r\n                <picture class=\"h-[80px] w-auto\">\r\n                <source\r\n            media=\"(max-width: 1024px)\"\r\n            srcset=\"\"\r\n            type=\"image\/webp\"\r\n        >\r\n        <source\r\n            media=\"(max-width: 1024px)\"\r\n            srcset=\"https:\/\/nevro-production.b-cdn.net\/app\/uploads\/cache\/sites\/4\/2025\/03\/you-decide.png\/a490e5d615df52548433f36cc01ad74c\"\r\n            type=\"image\/jpeg\"\r\n        >\r\n        <img decoding=\"async\"\r\n            sizes=\"auto, (max-width: 1024px) 1024px,\r\n                    (max-width: 768px) 768px\"\r\n\r\n            class=\"h-[80px] w-auto\"\r\n\r\n            srcset=\"https:\/\/nevro-production.b-cdn.net\/app\/uploads\/cache\/sites\/4\/2025\/03\/you-decide.png\/0f6f0d659553324cd55ba65b61556b73 1024w,\r\n                    https:\/\/nevro-production.b-cdn.net\/app\/uploads\/cache\/sites\/4\/2025\/03\/you-decide.png\/a490e5d615df52548433f36cc01ad74c 768w\"\r\n            src=\"https:\/\/nevro-production.b-cdn.net\/app\/uploads\/cache\/sites\/4\/2025\/03\/you-decide.png\/a490e5d615df52548433f36cc01ad74c\"\r\n            loading=\"lazy\"\r\n            alt=\"\"\r\n            width=\"auto\"\r\n            height=\"80px\"\r\n        >\r\n    <\/picture>\r\n              <\/div>\r\n                        <div class=\"text-container\">\r\n                              <h5>Erst ausprobieren, dann entscheiden<\/h5>\r\n                                            <p>Sie k\u00f6nnen HFX im Rahmen einer 1- bis 4-w\u00f6chigen Testphase ausprobieren und herausfinden, ob diese Behandlung f\u00fcr Sie geeignet ist.<\/p>\r\n                                        <\/div>\r\n          <\/div>\r\n                  <\/div>\r\n              <div class=\"cta-container\">\r\n        <a class=\"button left\" href=\"https:\/\/www.nevrohfx.com\/de\/\" target=\"_blank\">Besuchen Sie Unsere Patientenseite<\/a>\r\n      <\/div>\r\n      <\/div>\r\n<\/div>\n\n<div class=\"fw-headline-copy bg-grey\">\r\n  <div class=\"container\">\r\n        <h1>Patientenhandb\u00fccher und MRT-Leitlinien\r\n<\/h1>\r\n    <div class=\"body-container wysiwyg\"><p>Spezifische Informationen zu Ihrem Nevro-R\u00fcckenmarkstimulator finden Sie in den Patientenhandb\u00fcchern.<\/p>\n<\/div>\r\n          <div class=\"link-container\">\r\n        <a class=\"button left\" href=\"https:\/\/www.nevro.com\/de\/patients\/patientenhandbucher\/\" target=\"\">Patientenhandb\u00fccher Ansehen<\/a>\r\n      <\/div>\r\n      <\/div>\r\n<\/div>\n\n<div class=\"rf-4060\">\r\n                  <div class=\"rf-container none\">\r\n        <div class=\"rf-row flex-row-reverse   text-60   padding \">\r\n          <div class=\"rf-col image bg-white\">\r\n                                      <div class=\"image-container cover\">\r\n                <picture class=\"block h-auto w-full\">\r\n                <source\r\n            media=\"(min-width: 1025px)\"\r\n            srcset=\"https:\/\/nevro-production.b-cdn.net\/app\/uploads\/cache\/sites\/4\/2025\/03\/Daisys-Story-Thumbnail.jpg\/695d3008638aefd78b3ca00a782d26d9\"\r\n            type=\"image\/webp\"\r\n        >\r\n        <source\r\n            media=\"(min-width: 1025px)\"\r\n            srcset=\"https:\/\/nevro-production.b-cdn.net\/app\/uploads\/cache\/sites\/4\/2025\/03\/Daisys-Story-Thumbnail.jpg\/d2daddada8b890f85190d1e140dc84a2\"\r\n            type=\"image\/jpeg\"\r\n        >\r\n                <source\r\n            media=\"(max-width: 1024px)\"\r\n            srcset=\"\/app\/uploads\/cache\/sites\/4\/2025\/03\/Daisys-Story-Thumbnail.jpg\/4f4685f11bc65ad993c86e5ec3eaa590\"\r\n            type=\"image\/webp\"\r\n        >\r\n        <source\r\n            media=\"(max-width: 1024px)\"\r\n            srcset=\"https:\/\/nevro-production.b-cdn.net\/app\/uploads\/cache\/sites\/4\/2025\/03\/Daisys-Story-Thumbnail.jpg\/1d3c37951237f106922969648f06f33e\"\r\n            type=\"image\/jpeg\"\r\n        >\r\n        <img decoding=\"async\"\r\n            sizes=\"auto, (max-width: 1024px) 1024px,\r\n                    (max-width: 768px) 768px\"\r\n\r\n            class=\"block h-auto w-full\"\r\n\r\n            srcset=\"https:\/\/nevro-production.b-cdn.net\/app\/uploads\/cache\/sites\/4\/2025\/03\/Daisys-Story-Thumbnail.jpg\/d2daddada8b890f85190d1e140dc84a2 1024w,\r\n                    https:\/\/nevro-production.b-cdn.net\/app\/uploads\/cache\/sites\/4\/2025\/03\/Daisys-Story-Thumbnail.jpg\/1d3c37951237f106922969648f06f33e 768w\"\r\n            src=\"https:\/\/nevro-production.b-cdn.net\/app\/uploads\/cache\/sites\/4\/2025\/03\/Daisys-Story-Thumbnail.jpg\/1d3c37951237f106922969648f06f33e\"\r\n            loading=\"lazy\"\r\n            alt=\"\"\r\n            width=\"1920\"\r\n            height=\"1080\"\r\n        >\r\n    <\/picture>\r\n              <\/div>\r\n                      <\/div>\r\n          <div class=\"rf-col text bg-blue-dark\">\r\n                        <div class=\"rf-col-content\">\r\n              <div class=\"wysiwyg text-white\"><h2>\u201eHeute muss ich alles wieder aufholen, was ich vorher vers\u00e4umt habe\u201c<\/h2>\n<div class=\"author\">\n<div class=\"grid_col grid_col--3-of-5 grid_col--lc-1-of-1 grid_col--md-1-of-1 vmiddle content-section\">\n<p class=\"author\">Erfahrungsbericht Daisy<\/p>\n<\/div>\n<div class=\"grid_col grid_col--2-of-5 grid_col--lc-1-of-1 grid_col--md-1-of-1 vmiddle video-section relative\"><\/div>\n<\/div>\n<\/div>\r\n                                        <\/div>\r\n          <\/div>\r\n        <\/div>\r\n      <\/div>\r\n      <\/div>\n\n<div class=\"container max-w-6xl p-4 mx-auto basic-page-content\">\n<p><\/p>\n<\/div>","protected":false},"excerpt":{"rendered":"","protected":false},"author":1,"featured_media":0,"parent":0,"menu_order":0,"comment_status":"closed","ping_status":"closed","template":"","meta":{"_acf_changed":false,"footnotes":""},"class_list":["post-12","page","type-page","status-publish","hentry"],"acf":[],"yoast_head":"<!-- This site is optimized with the Yoast SEO plugin v26.7 - https:\/\/yoast.com\/wordpress\/plugins\/seo\/ -->\n<title>Patienten - Deutsch<\/title>\n<meta name=\"robots\" content=\"index, follow, max-snippet:-1, max-image-preview:large, max-video-preview:-1\" \/>\n<link rel=\"canonical\" href=\"https:\/\/www.nevro.com\/de\/patients\/\" \/>\n<meta property=\"og:locale\" content=\"en_US\" \/>\n<meta property=\"og:type\" content=\"article\" \/>\n<meta property=\"og:title\" content=\"Patienten - Deutsch\" \/>\n<meta property=\"og:url\" content=\"https:\/\/www.nevro.com\/de\/patients\/\" \/>\n<meta property=\"og:site_name\" content=\"Deutsch\" \/>\n<meta property=\"article:modified_time\" content=\"2025-05-02T23:38:02+00:00\" \/>\n<meta name=\"twitter:card\" content=\"summary_large_image\" \/>\n<script type=\"application\/ld+json\" class=\"yoast-schema-graph\">{\"@context\":\"https:\/\/schema.org\",\"@graph\":[{\"@type\":\"WebPage\",\"@id\":\"https:\/\/www.nevro.com\/de\/patients\/\",\"url\":\"https:\/\/www.nevro.com\/de\/patients\/\",\"name\":\"Patienten - Deutsch\",\"isPartOf\":{\"@id\":\"https:\/\/www.nevro.com\/de\/#website\"},\"datePublished\":\"2025-03-07T22:36:23+00:00\",\"dateModified\":\"2025-05-02T23:38:02+00:00\",\"breadcrumb\":{\"@id\":\"https:\/\/www.nevro.com\/de\/patients\/#breadcrumb\"},\"inLanguage\":\"en-US\",\"potentialAction\":[{\"@type\":\"ReadAction\",\"target\":[\"https:\/\/www.nevro.com\/de\/patients\/\"]}]},{\"@type\":\"BreadcrumbList\",\"@id\":\"https:\/\/www.nevro.com\/de\/patients\/#breadcrumb\",\"itemListElement\":[{\"@type\":\"ListItem\",\"position\":1,\"name\":\"Home\",\"item\":\"https:\/\/www.nevro.com\/de\/\"},{\"@type\":\"ListItem\",\"position\":2,\"name\":\"Patienten\"}]},{\"@type\":\"WebSite\",\"@id\":\"https:\/\/www.nevro.com\/de\/#website\",\"url\":\"https:\/\/www.nevro.com\/de\/\",\"name\":\"Deutsch\",\"description\":\"\",\"potentialAction\":[{\"@type\":\"SearchAction\",\"target\":{\"@type\":\"EntryPoint\",\"urlTemplate\":\"https:\/\/www.nevro.com\/de\/?s={search_term_string}\"},\"query-input\":{\"@type\":\"PropertyValueSpecification\",\"valueRequired\":true,\"valueName\":\"search_term_string\"}}],\"inLanguage\":\"en-US\"}]}<\/script>\n<!-- \/ Yoast SEO plugin. -->","yoast_head_json":{"title":"Patienten - Deutsch","robots":{"index":"index","follow":"follow","max-snippet":"max-snippet:-1","max-image-preview":"max-image-preview:large","max-video-preview":"max-video-preview:-1"},"canonical":"https:\/\/www.nevro.com\/de\/patients\/","og_locale":"en_US","og_type":"article","og_title":"Patienten - Deutsch","og_url":"https:\/\/www.nevro.com\/de\/patients\/","og_site_name":"Deutsch","article_modified_time":"2025-05-02T23:38:02+00:00","twitter_card":"summary_large_image","schema":{"@context":"https:\/\/schema.org","@graph":[{"@type":"WebPage","@id":"https:\/\/www.nevro.com\/de\/patients\/","url":"https:\/\/www.nevro.com\/de\/patients\/","name":"Patienten - Deutsch","isPartOf":{"@id":"https:\/\/www.nevro.com\/de\/#website"},"datePublished":"2025-03-07T22:36:23+00:00","dateModified":"2025-05-02T23:38:02+00:00","breadcrumb":{"@id":"https:\/\/www.nevro.com\/de\/patients\/#breadcrumb"},"inLanguage":"en-US","potentialAction":[{"@type":"ReadAction","target":["https:\/\/www.nevro.com\/de\/patients\/"]}]},{"@type":"BreadcrumbList","@id":"https:\/\/www.nevro.com\/de\/patients\/#breadcrumb","itemListElement":[{"@type":"ListItem","position":1,"name":"Home","item":"https:\/\/www.nevro.com\/de\/"},{"@type":"ListItem","position":2,"name":"Patienten"}]},{"@type":"WebSite","@id":"https:\/\/www.nevro.com\/de\/#website","url":"https:\/\/www.nevro.com\/de\/","name":"Deutsch","description":"","potentialAction":[{"@type":"SearchAction","target":{"@type":"EntryPoint","urlTemplate":"https:\/\/www.nevro.com\/de\/?s={search_term_string}"},"query-input":{"@type":"PropertyValueSpecification","valueRequired":true,"valueName":"search_term_string"}}],"inLanguage":"en-US"}]}},"_links":{"self":[{"href":"https:\/\/www.nevro.com\/de\/wp-json\/wp\/v2\/pages\/12","targetHints":{"allow":["GET"]}}],"collection":[{"href":"https:\/\/www.nevro.com\/de\/wp-json\/wp\/v2\/pages"}],"about":[{"href":"https:\/\/www.nevro.com\/de\/wp-json\/wp\/v2\/types\/page"}],"author":[{"embeddable":true,"href":"https:\/\/www.nevro.com\/de\/wp-json\/wp\/v2\/users\/1"}],"replies":[{"embeddable":true,"href":"https:\/\/www.nevro.com\/de\/wp-json\/wp\/v2\/comments?post=12"}],"version-history":[{"count":10,"href":"https:\/\/www.nevro.com\/de\/wp-json\/wp\/v2\/pages\/12\/revisions"}],"predecessor-version":[{"id":907,"href":"https:\/\/www.nevro.com\/de\/wp-json\/wp\/v2\/pages\/12\/revisions\/907"}],"wp:attachment":[{"href":"https:\/\/www.nevro.com\/de\/wp-json\/wp\/v2\/media?parent=12"}],"curies":[{"name":"wp","href":"https:\/\/api.w.org\/{rel}","templated":true}]}}