{"id":16,"date":"2025-03-07T22:37:38","date_gmt":"2025-03-07T22:37:38","guid":{"rendered":"https:\/\/www.nevro-local.com\/de\/?page_id=16"},"modified":"2025-07-28T21:00:08","modified_gmt":"2025-07-28T21:00:08","slug":"funktionsweise","status":"publish","type":"page","link":"https:\/\/www.nevro.com\/de\/arzte\/funktionsweise\/","title":{"rendered":"HFX Advanced Therapies"},"content":{"rendered":"<div class=\"hero image no-headline \">\r\n      <div class=\"image-container \">\r\n      \r\n      <picture class=\" \">\r\n                <source\r\n            media=\"(min-width: 1025px)\"\r\n            srcset=\"https:\/\/nevro-production.b-cdn.net\/app\/uploads\/cache\/sites\/4\/2025\/05\/banner.jpg\/21cd9b3ecdc7cba07624724323619404\"\r\n            type=\"image\/webp\"\r\n        >\r\n        <source\r\n            media=\"(min-width: 1025px)\"\r\n            srcset=\"https:\/\/nevro-production.b-cdn.net\/app\/uploads\/cache\/sites\/4\/2025\/05\/banner.jpg\/1f16b722c667cfd57c730f0e9b839140\"\r\n            type=\"image\/jpeg\"\r\n        >\r\n                <source\r\n            media=\"(max-width: 1024px)\"\r\n            srcset=\"\/app\/uploads\/cache\/sites\/4\/2025\/05\/banner.jpg\/18afa410bc437d25a3c3454b4b286ea4\"\r\n            type=\"image\/webp\"\r\n        >\r\n        <source\r\n            media=\"(max-width: 1024px)\"\r\n            srcset=\"https:\/\/nevro-production.b-cdn.net\/app\/uploads\/cache\/sites\/4\/2025\/05\/banner.jpg\/9b50aa02b702781f0e3363931c196468\"\r\n            type=\"image\/jpeg\"\r\n        >\r\n        <img decoding=\"async\"\r\n            sizes=\"auto, (max-width: 1024px) 1024px,\r\n                    (max-width: 768px) 768px\"\r\n\r\n            class=\" \"\r\n\r\n            srcset=\"https:\/\/nevro-production.b-cdn.net\/app\/uploads\/cache\/sites\/4\/2025\/05\/banner.jpg\/1f16b722c667cfd57c730f0e9b839140 1024w,\r\n                    https:\/\/nevro-production.b-cdn.net\/app\/uploads\/cache\/sites\/4\/2025\/05\/banner.jpg\/9b50aa02b702781f0e3363931c196468 768w\"\r\n            src=\"https:\/\/nevro-production.b-cdn.net\/app\/uploads\/cache\/sites\/4\/2025\/05\/banner.jpg\/9b50aa02b702781f0e3363931c196468\"\r\n            loading=\"lazy\"\r\n            alt=\"\"\r\n            width=\"2560\"\r\n            height=\"1005\"\r\n        >\r\n    <\/picture>\r\n                <\/div>\r\n    \r\n    <div class=\"text-container justify-center\">\r\n        <div class=\"content text-center items-center \">\r\n             \r\n                <\/div>\r\n  <\/div>\r\n<\/div>\n\n<div class=\"fw-headline-copy bg-white\">\r\n  <div class=\"container\">\r\n        <h1>Alle Frequenzen, die Sie ben\u00f6tigen, um Linderung zu erzielen<\/h1>\r\n    <div class=\"body-container wysiwyg\"><p>HFX erm\u00f6glicht Stimulationen mit 2 \u2013 1.200 sowie 10.000 Hz. Das Senza\u00ae-System bietet sowohl eine direkte Inhibition von Neuronen mit der 10-kHz-Therapie als auch eine par\u00e4sthesiebasierte Hinterstrangstimulation bei niedrigeren Frequenzen. Diese Funktionsweisen k\u00f6nnen kombiniert oder unabh\u00e4ngig voneinander verwendet werden, um beim Management chronischer Schmerzen zu helfen.<\/p>\n<\/div>\r\n      <\/div>\r\n<\/div>\n\n<div class=\"rf-4060\">\r\n                  <div class=\"rf-container none\">\r\n        <div class=\"rf-row flex-row   image-60   padding \">\r\n          <div class=\"rf-col image bg-white\">\r\n                                      <div class=\"image-container cover\">\r\n                <picture class=\"block h-auto w-full\">\r\n                <source\r\n            media=\"(min-width: 1025px)\"\r\n            srcset=\"https:\/\/nevro-production.b-cdn.net\/app\/uploads\/cache\/sites\/4\/2025\/03\/hf10-2.jpg\/70eda6ea7387534514b362c5c5d27d93\"\r\n            type=\"image\/webp\"\r\n        >\r\n        <source\r\n            media=\"(min-width: 1025px)\"\r\n            srcset=\"https:\/\/nevro-production.b-cdn.net\/app\/uploads\/cache\/sites\/4\/2025\/03\/hf10-2.jpg\/c0dd8b3ab71e8f7b364131f8cbaf5a75\"\r\n            type=\"image\/jpeg\"\r\n        >\r\n                <source\r\n            media=\"(max-width: 1024px)\"\r\n            srcset=\"\/app\/uploads\/cache\/sites\/4\/2025\/03\/hf10-2.jpg\/942cd38b2bebf17a95c3fb917e0f383a\"\r\n            type=\"image\/webp\"\r\n        >\r\n        <source\r\n            media=\"(max-width: 1024px)\"\r\n            srcset=\"https:\/\/nevro-production.b-cdn.net\/app\/uploads\/cache\/sites\/4\/2025\/03\/hf10-2.jpg\/ea7d2746ab3b242f47b9e1aee48d34e8\"\r\n            type=\"image\/jpeg\"\r\n        >\r\n        <img decoding=\"async\"\r\n            sizes=\"auto, (max-width: 1024px) 1024px,\r\n                    (max-width: 768px) 768px\"\r\n\r\n            class=\"block h-auto w-full\"\r\n\r\n            srcset=\"https:\/\/nevro-production.b-cdn.net\/app\/uploads\/cache\/sites\/4\/2025\/03\/hf10-2.jpg\/c0dd8b3ab71e8f7b364131f8cbaf5a75 1024w,\r\n                    https:\/\/nevro-production.b-cdn.net\/app\/uploads\/cache\/sites\/4\/2025\/03\/hf10-2.jpg\/ea7d2746ab3b242f47b9e1aee48d34e8 768w\"\r\n            src=\"https:\/\/nevro-production.b-cdn.net\/app\/uploads\/cache\/sites\/4\/2025\/03\/hf10-2.jpg\/ea7d2746ab3b242f47b9e1aee48d34e8\"\r\n            loading=\"lazy\"\r\n            alt=\"\"\r\n            width=\"891\"\r\n            height=\"594\"\r\n        >\r\n    <\/picture>\r\n              <\/div>\r\n                      <\/div>\r\n          <div class=\"rf-col text bg-white\">\r\n                        <div class=\"rf-col-content\">\r\n              <div class=\"wysiwyg \"><h2>So funktioniert<br \/>\ndie 10-kHz Therapie<\/h2>\n<p>Anstatt den Hinterstrang zu stimulieren, werden bei der 10-kHz Therapie die inhibitorischen Neurone im Hinterhorn direkt angesprochen und so eine Schmerzlinderung ohne Par\u00e4sthesie bewirkt.<sup>1,2<\/sup><\/p>\n<\/div>\r\n                                        <\/div>\r\n          <\/div>\r\n        <\/div>\r\n      <\/div>\r\n                <div class=\"rf-container bg-grey-light\">\r\n        <div class=\"rf-row flex-row-reverse   image-60   padding \">\r\n          <div class=\"rf-col image bg-grey-light\">\r\n                                      <div class=\"image-container contain\">\r\n                <picture class=\"block h-auto w-full\">\r\n                <source\r\n            media=\"(min-width: 1025px)\"\r\n            srcset=\"https:\/\/nevro-production.b-cdn.net\/app\/uploads\/cache\/sites\/4\/2025\/03\/GER_Inhibitory_Neurons_Selectively_Activated_900x720_F8C070921DV_v1.jpg\/fd53696ddad7fc63dc7992c58ae3ebe1\"\r\n            type=\"image\/webp\"\r\n        >\r\n        <source\r\n            media=\"(min-width: 1025px)\"\r\n            srcset=\"https:\/\/nevro-production.b-cdn.net\/app\/uploads\/cache\/sites\/4\/2025\/03\/GER_Inhibitory_Neurons_Selectively_Activated_900x720_F8C070921DV_v1.jpg\/766d0749a1cd9b0bbb17c774aacc6722\"\r\n            type=\"image\/jpeg\"\r\n        >\r\n                <source\r\n            media=\"(max-width: 1024px)\"\r\n            srcset=\"\/app\/uploads\/cache\/sites\/4\/2025\/03\/GER_Inhibitory_Neurons_Selectively_Activated_900x720_F8C070921DV_v1.jpg\/b1e1e790d0ea33f13a335cc79beb20eb\"\r\n            type=\"image\/webp\"\r\n        >\r\n        <source\r\n            media=\"(max-width: 1024px)\"\r\n            srcset=\"https:\/\/nevro-production.b-cdn.net\/app\/uploads\/cache\/sites\/4\/2025\/03\/GER_Inhibitory_Neurons_Selectively_Activated_900x720_F8C070921DV_v1.jpg\/3622e2d6a6e9e2820ba612cb8f806cc2\"\r\n            type=\"image\/jpeg\"\r\n        >\r\n        <img decoding=\"async\"\r\n            sizes=\"auto, (max-width: 1024px) 1024px,\r\n                    (max-width: 768px) 768px\"\r\n\r\n            class=\"block h-auto w-full\"\r\n\r\n            srcset=\"https:\/\/nevro-production.b-cdn.net\/app\/uploads\/cache\/sites\/4\/2025\/03\/GER_Inhibitory_Neurons_Selectively_Activated_900x720_F8C070921DV_v1.jpg\/766d0749a1cd9b0bbb17c774aacc6722 1024w,\r\n                    https:\/\/nevro-production.b-cdn.net\/app\/uploads\/cache\/sites\/4\/2025\/03\/GER_Inhibitory_Neurons_Selectively_Activated_900x720_F8C070921DV_v1.jpg\/3622e2d6a6e9e2820ba612cb8f806cc2 768w\"\r\n            src=\"https:\/\/nevro-production.b-cdn.net\/app\/uploads\/cache\/sites\/4\/2025\/03\/GER_Inhibitory_Neurons_Selectively_Activated_900x720_F8C070921DV_v1.jpg\/3622e2d6a6e9e2820ba612cb8f806cc2\"\r\n            loading=\"lazy\"\r\n            alt=\"\"\r\n            width=\"900\"\r\n            height=\"720\"\r\n        >\r\n    <\/picture>\r\n              <\/div>\r\n                      <\/div>\r\n          <div class=\"rf-col text bg-grey-light\">\r\n                        <div class=\"rf-col-content\">\r\n              <div class=\"wysiwyg \"><h2>Auf die Frequenz kommt es an<\/h2>\n<p>Frequenzen oberhalb von 5.000\u00a0Hz besitzen einen einzigartigen inhibitorischen Effekt auf den Schmerzschaltkreis im Hinterhorn. Die Stimulation wirkt auf inhibitorische Neurone, ohne eine nennenswerte Aktivierung exzitatorischer Neurone herbeizuf\u00fchren. Diese als \u201edirekte Inhibition von Neuronen\u201c bezeichnete selektive Aktivierung reduziert die Hyperaktivit\u00e4t von Wide-Dynamic-Range-(WDR-)Neuronen, von denen angenommen wird, dass sie f\u00fcr chronische Schmerzen verantwortlich sind.<\/p>\n<\/div>\r\n                                        <\/div>\r\n          <\/div>\r\n        <\/div>\r\n      <\/div>\r\n                <div class=\"rf-container bg-grey-light\">\r\n        <div class=\"rf-row flex-row   image-60   padding \">\r\n          <div class=\"rf-col image bg-grey-light\">\r\n                                      <div class=\"image-container contain\">\r\n                <picture class=\"block h-auto w-full\">\r\n                <source\r\n            media=\"(max-width: 1024px)\"\r\n            srcset=\"\"\r\n            type=\"image\/webp\"\r\n        >\r\n        <source\r\n            media=\"(max-width: 1024px)\"\r\n            srcset=\"https:\/\/nevro-production.b-cdn.net\/app\/uploads\/cache\/sites\/4\/2025\/03\/frequency-titration-de-updated.png\/c74a83e6e4f8038ab46e038153804e65\"\r\n            type=\"image\/jpeg\"\r\n        >\r\n        <img decoding=\"async\"\r\n            sizes=\"auto, (max-width: 1024px) 1024px,\r\n                    (max-width: 768px) 768px\"\r\n\r\n            class=\"block h-auto w-full\"\r\n\r\n            srcset=\"https:\/\/nevro-production.b-cdn.net\/app\/uploads\/cache\/sites\/4\/2025\/03\/frequency-titration-de-updated.png\/e3229bc89b0ecd2f3c2df2b24459e869 1024w,\r\n                    https:\/\/nevro-production.b-cdn.net\/app\/uploads\/cache\/sites\/4\/2025\/03\/frequency-titration-de-updated.png\/c74a83e6e4f8038ab46e038153804e65 768w\"\r\n            src=\"https:\/\/nevro-production.b-cdn.net\/app\/uploads\/cache\/sites\/4\/2025\/03\/frequency-titration-de-updated.png\/c74a83e6e4f8038ab46e038153804e65\"\r\n            loading=\"lazy\"\r\n            alt=\"\"\r\n            width=\"694\"\r\n            height=\"464\"\r\n        >\r\n    <\/picture>\r\n              <\/div>\r\n                      <\/div>\r\n          <div class=\"rf-col text bg-grey-light\">\r\n                        <div class=\"rf-col-content\">\r\n              <div class=\"wysiwyg \"><h2>Es besteht eine positive Korrelation von Frequenz und Schmerzlinderung<\/h2>\n<p>In der ersten Frequenztitrationsstudie am Menschen wurde den Patienten ein Spektrum von Frequenzen verabreicht, um die klinische Wirkung zu vergleichen. Nur die Frequenz von 5.882\u00a0Hz ergab nachweislich eine signifikant bessere Schmerzlinderung als die Placebo-Kontrolle. Weitere Studien zu HFX validieren die Bedeutung der Frequenz.<\/p>\n<\/div>\r\n                                        <\/div>\r\n          <\/div>\r\n        <\/div>\r\n      <\/div>\r\n      <\/div>\n\n<div class=\"rf-4060\">\r\n                  <div class=\"rf-container none\">\r\n        <div class=\"rf-row flex-row   image-60   padding \">\r\n          <div class=\"rf-col image bg-white\">\r\n                                      <div class=\"image-container contain\">\r\n                <picture class=\"block h-auto w-full\">\r\n                <source\r\n            media=\"(max-width: 1024px)\"\r\n            srcset=\"\"\r\n            type=\"image\/webp\"\r\n        >\r\n        <source\r\n            media=\"(max-width: 1024px)\"\r\n            srcset=\"https:\/\/nevro-production.b-cdn.net\/app\/uploads\/cache\/sites\/4\/2025\/03\/paired-waveforms-de.png\/c4769f4a4b4d67778ca1a014178b7ba7\"\r\n            type=\"image\/jpeg\"\r\n        >\r\n        <img decoding=\"async\"\r\n            sizes=\"auto, (max-width: 1024px) 1024px,\r\n                    (max-width: 768px) 768px\"\r\n\r\n            class=\"block h-auto w-full\"\r\n\r\n            srcset=\"https:\/\/nevro-production.b-cdn.net\/app\/uploads\/cache\/sites\/4\/2025\/03\/paired-waveforms-de.png\/820bf515afc5f3dc21dcec6010ed0c6f 1024w,\r\n                    https:\/\/nevro-production.b-cdn.net\/app\/uploads\/cache\/sites\/4\/2025\/03\/paired-waveforms-de.png\/c4769f4a4b4d67778ca1a014178b7ba7 768w\"\r\n            src=\"https:\/\/nevro-production.b-cdn.net\/app\/uploads\/cache\/sites\/4\/2025\/03\/paired-waveforms-de.png\/c4769f4a4b4d67778ca1a014178b7ba7\"\r\n            loading=\"lazy\"\r\n            alt=\"\"\r\n            width=\"651\"\r\n            height=\"607\"\r\n        >\r\n    <\/picture>\r\n              <\/div>\r\n                      <\/div>\r\n          <div class=\"rf-col text bg-white\">\r\n                        <div class=\"rf-col-content\">\r\n              <div class=\"wysiwyg \"><h2>Maximale Flexibilit\u00e4t mit beiden Funktionsweisen<\/h2>\n<p>Nur mit den Nevro-Systemen k\u00f6nnen Patienten mit direkter Inhibition von Neuronen und Hinterstrangstimulation behandelt werden. Die Wellenformen k\u00f6nnen kombiniert oder unabh\u00e4ngig voneinander abgegeben werden. Damit k\u00f6nnen Sie Ihren Patienten das breiteste Therapiespektrum anbieten.<\/p>\n<\/div>\r\n                              <a class=\"button left\" href=\"https:\/\/www.nevro.com\/de\/arzte\/omnia\/\" target=\"\">Erfahren Sie mehr \u00fcber HFX<\/a>\r\n                                        <\/div>\r\n          <\/div>\r\n        <\/div>\r\n      <\/div>\r\n      <\/div>\n\n<div class=\"fw-image-text\">\r\n      <div class=\"image-container\">\r\n      <picture class=\"flex object-cover w-full h-full\">\r\n                <source\r\n            media=\"(min-width: 1025px)\"\r\n            srcset=\"https:\/\/nevro-production.b-cdn.net\/app\/uploads\/cache\/sites\/4\/2025\/03\/hf10-therapy-1.jpg\/1e382546dcc9c8c04aa3f43819a32b45\"\r\n            type=\"image\/webp\"\r\n        >\r\n        <source\r\n            media=\"(min-width: 1025px)\"\r\n            srcset=\"https:\/\/nevro-production.b-cdn.net\/app\/uploads\/cache\/sites\/4\/2025\/03\/hf10-therapy-1.jpg\/66be37475b0818a271090f5c67886f81\"\r\n            type=\"image\/jpeg\"\r\n        >\r\n                <source\r\n            media=\"(max-width: 1024px)\"\r\n            srcset=\"\/app\/uploads\/cache\/sites\/4\/2025\/03\/hf10-therapy-1.jpg\/6f723dd547c5813c50b0e9db9961e4ac\"\r\n            type=\"image\/webp\"\r\n        >\r\n        <source\r\n            media=\"(max-width: 1024px)\"\r\n            srcset=\"https:\/\/nevro-production.b-cdn.net\/app\/uploads\/cache\/sites\/4\/2025\/03\/hf10-therapy-1.jpg\/f7a3ea526320271061b743df2f4786e5\"\r\n            type=\"image\/jpeg\"\r\n        >\r\n        <img decoding=\"async\"\r\n            sizes=\"auto, (max-width: 1024px) 1024px,\r\n                    (max-width: 768px) 768px\"\r\n\r\n            class=\"flex object-cover w-full h-full\"\r\n\r\n            srcset=\"https:\/\/nevro-production.b-cdn.net\/app\/uploads\/cache\/sites\/4\/2025\/03\/hf10-therapy-1.jpg\/66be37475b0818a271090f5c67886f81 1024w,\r\n                    https:\/\/nevro-production.b-cdn.net\/app\/uploads\/cache\/sites\/4\/2025\/03\/hf10-therapy-1.jpg\/f7a3ea526320271061b743df2f4786e5 768w\"\r\n            src=\"https:\/\/nevro-production.b-cdn.net\/app\/uploads\/cache\/sites\/4\/2025\/03\/hf10-therapy-1.jpg\/f7a3ea526320271061b743df2f4786e5\"\r\n            loading=\"lazy\"\r\n            alt=\"\"\r\n            width=\"1800\"\r\n            height=\"600\"\r\n        >\r\n    <\/picture>\r\n    <\/div>\r\n            <div class=\"container absolute md:relative\">\r\n      <div class=\"text-row\">\r\n        <div class=\"text-container bg-white\">\r\n          <div class=\"wysiwyg\"><h2>88% der Patienten bevorzugen die 10-kHz-Therapie<sup>5<\/sup><\/h2>\n<\/div>\r\n        <\/div>\r\n      <\/div>\r\n    <\/div>\r\n  <\/div>","protected":false},"excerpt":{"rendered":"","protected":false},"author":1,"featured_media":0,"parent":14,"menu_order":0,"comment_status":"closed","ping_status":"closed","template":"","meta":{"_acf_changed":false,"footnotes":""},"class_list":["post-16","page","type-page","status-publish","hentry"],"acf":[],"yoast_head":"<!-- This site is optimized with the Yoast SEO plugin v26.7 - https:\/\/yoast.com\/wordpress\/plugins\/seo\/ -->\n<title>HFX Advanced Therapies - Deutsch<\/title>\n<meta name=\"robots\" content=\"index, follow, max-snippet:-1, max-image-preview:large, max-video-preview:-1\" \/>\n<link rel=\"canonical\" href=\"https:\/\/www.nevro.com\/de\/arzte\/funktionsweise\/\" \/>\n<meta property=\"og:locale\" content=\"en_US\" \/>\n<meta property=\"og:type\" content=\"article\" \/>\n<meta property=\"og:title\" content=\"HFX Advanced Therapies - Deutsch\" \/>\n<meta property=\"og:url\" content=\"https:\/\/www.nevro.com\/de\/arzte\/funktionsweise\/\" \/>\n<meta property=\"og:site_name\" content=\"Deutsch\" \/>\n<meta property=\"article:modified_time\" content=\"2025-07-28T21:00:08+00:00\" \/>\n<meta name=\"twitter:card\" content=\"summary_large_image\" \/>\n<script type=\"application\/ld+json\" class=\"yoast-schema-graph\">{\"@context\":\"https:\/\/schema.org\",\"@graph\":[{\"@type\":\"WebPage\",\"@id\":\"https:\/\/www.nevro.com\/de\/arzte\/funktionsweise\/\",\"url\":\"https:\/\/www.nevro.com\/de\/arzte\/funktionsweise\/\",\"name\":\"HFX Advanced Therapies - Deutsch\",\"isPartOf\":{\"@id\":\"https:\/\/www.nevro.com\/de\/#website\"},\"datePublished\":\"2025-03-07T22:37:38+00:00\",\"dateModified\":\"2025-07-28T21:00:08+00:00\",\"breadcrumb\":{\"@id\":\"https:\/\/www.nevro.com\/de\/arzte\/funktionsweise\/#breadcrumb\"},\"inLanguage\":\"en-US\",\"potentialAction\":[{\"@type\":\"ReadAction\",\"target\":[\"https:\/\/www.nevro.com\/de\/arzte\/funktionsweise\/\"]}]},{\"@type\":\"BreadcrumbList\",\"@id\":\"https:\/\/www.nevro.com\/de\/arzte\/funktionsweise\/#breadcrumb\",\"itemListElement\":[{\"@type\":\"ListItem\",\"position\":1,\"name\":\"Home\",\"item\":\"https:\/\/www.nevro.com\/de\/\"},{\"@type\":\"ListItem\",\"position\":2,\"name\":\"\u00c4rzte\",\"item\":\"https:\/\/www.nevro.com\/de\/arzte\/\"},{\"@type\":\"ListItem\",\"position\":3,\"name\":\"HFX Advanced Therapies\"}]},{\"@type\":\"WebSite\",\"@id\":\"https:\/\/www.nevro.com\/de\/#website\",\"url\":\"https:\/\/www.nevro.com\/de\/\",\"name\":\"Deutsch\",\"description\":\"\",\"potentialAction\":[{\"@type\":\"SearchAction\",\"target\":{\"@type\":\"EntryPoint\",\"urlTemplate\":\"https:\/\/www.nevro.com\/de\/?s={search_term_string}\"},\"query-input\":{\"@type\":\"PropertyValueSpecification\",\"valueRequired\":true,\"valueName\":\"search_term_string\"}}],\"inLanguage\":\"en-US\"}]}<\/script>\n<!-- \/ Yoast SEO plugin. -->","yoast_head_json":{"title":"HFX Advanced Therapies - Deutsch","robots":{"index":"index","follow":"follow","max-snippet":"max-snippet:-1","max-image-preview":"max-image-preview:large","max-video-preview":"max-video-preview:-1"},"canonical":"https:\/\/www.nevro.com\/de\/arzte\/funktionsweise\/","og_locale":"en_US","og_type":"article","og_title":"HFX Advanced Therapies - Deutsch","og_url":"https:\/\/www.nevro.com\/de\/arzte\/funktionsweise\/","og_site_name":"Deutsch","article_modified_time":"2025-07-28T21:00:08+00:00","twitter_card":"summary_large_image","schema":{"@context":"https:\/\/schema.org","@graph":[{"@type":"WebPage","@id":"https:\/\/www.nevro.com\/de\/arzte\/funktionsweise\/","url":"https:\/\/www.nevro.com\/de\/arzte\/funktionsweise\/","name":"HFX Advanced Therapies - Deutsch","isPartOf":{"@id":"https:\/\/www.nevro.com\/de\/#website"},"datePublished":"2025-03-07T22:37:38+00:00","dateModified":"2025-07-28T21:00:08+00:00","breadcrumb":{"@id":"https:\/\/www.nevro.com\/de\/arzte\/funktionsweise\/#breadcrumb"},"inLanguage":"en-US","potentialAction":[{"@type":"ReadAction","target":["https:\/\/www.nevro.com\/de\/arzte\/funktionsweise\/"]}]},{"@type":"BreadcrumbList","@id":"https:\/\/www.nevro.com\/de\/arzte\/funktionsweise\/#breadcrumb","itemListElement":[{"@type":"ListItem","position":1,"name":"Home","item":"https:\/\/www.nevro.com\/de\/"},{"@type":"ListItem","position":2,"name":"\u00c4rzte","item":"https:\/\/www.nevro.com\/de\/arzte\/"},{"@type":"ListItem","position":3,"name":"HFX Advanced Therapies"}]},{"@type":"WebSite","@id":"https:\/\/www.nevro.com\/de\/#website","url":"https:\/\/www.nevro.com\/de\/","name":"Deutsch","description":"","potentialAction":[{"@type":"SearchAction","target":{"@type":"EntryPoint","urlTemplate":"https:\/\/www.nevro.com\/de\/?s={search_term_string}"},"query-input":{"@type":"PropertyValueSpecification","valueRequired":true,"valueName":"search_term_string"}}],"inLanguage":"en-US"}]}},"_links":{"self":[{"href":"https:\/\/www.nevro.com\/de\/wp-json\/wp\/v2\/pages\/16","targetHints":{"allow":["GET"]}}],"collection":[{"href":"https:\/\/www.nevro.com\/de\/wp-json\/wp\/v2\/pages"}],"about":[{"href":"https:\/\/www.nevro.com\/de\/wp-json\/wp\/v2\/types\/page"}],"author":[{"embeddable":true,"href":"https:\/\/www.nevro.com\/de\/wp-json\/wp\/v2\/users\/1"}],"replies":[{"embeddable":true,"href":"https:\/\/www.nevro.com\/de\/wp-json\/wp\/v2\/comments?post=16"}],"version-history":[{"count":10,"href":"https:\/\/www.nevro.com\/de\/wp-json\/wp\/v2\/pages\/16\/revisions"}],"predecessor-version":[{"id":1006,"href":"https:\/\/www.nevro.com\/de\/wp-json\/wp\/v2\/pages\/16\/revisions\/1006"}],"up":[{"embeddable":true,"href":"https:\/\/www.nevro.com\/de\/wp-json\/wp\/v2\/pages\/14"}],"wp:attachment":[{"href":"https:\/\/www.nevro.com\/de\/wp-json\/wp\/v2\/media?parent=16"}],"curies":[{"name":"wp","href":"https:\/\/api.w.org\/{rel}","templated":true}]}}