{"id":17,"date":"2025-03-07T22:38:06","date_gmt":"2025-03-07T22:38:06","guid":{"rendered":"https:\/\/www.nevro-local.com\/de\/?page_id=17"},"modified":"2025-04-30T22:57:09","modified_gmt":"2025-04-30T22:57:09","slug":"klinische-evidenz","status":"publish","type":"page","link":"https:\/\/www.nevro.com\/de\/arzte\/klinische-evidenz\/","title":{"rendered":"Bedeutsame Evidenzdaten f\u00fcr HFX"},"content":{"rendered":"<div class=\"hero image headline \">\r\n      <div class=\"image-container \">\r\n      \r\n      <picture class=\" \">\r\n                <source\r\n            media=\"(min-width: 1025px)\"\r\n            srcset=\"https:\/\/nevro-production.b-cdn.net\/app\/uploads\/cache\/sites\/4\/2025\/03\/banner.jpg\/7a79b38ac0b2084bd12a8db8acc6e9f8\"\r\n            type=\"image\/webp\"\r\n        >\r\n        <source\r\n            media=\"(min-width: 1025px)\"\r\n            srcset=\"https:\/\/nevro-production.b-cdn.net\/app\/uploads\/cache\/sites\/4\/2025\/03\/banner.jpg\/d9357d24025d3d76cfa92f6f9fc72ff6\"\r\n            type=\"image\/jpeg\"\r\n        >\r\n                <source\r\n            media=\"(max-width: 1024px)\"\r\n            srcset=\"\/app\/uploads\/cache\/sites\/4\/2025\/03\/banner.jpg\/7dba5b6adb7556d61bd870b3d574e707\"\r\n            type=\"image\/webp\"\r\n        >\r\n        <source\r\n            media=\"(max-width: 1024px)\"\r\n            srcset=\"https:\/\/nevro-production.b-cdn.net\/app\/uploads\/cache\/sites\/4\/2025\/03\/banner.jpg\/065a9881cf3f912061a9528e6333b90b\"\r\n            type=\"image\/jpeg\"\r\n        >\r\n        <img decoding=\"async\"\r\n            sizes=\"auto, (max-width: 1024px) 1024px,\r\n                    (max-width: 768px) 768px\"\r\n\r\n            class=\" \"\r\n\r\n            srcset=\"https:\/\/nevro-production.b-cdn.net\/app\/uploads\/cache\/sites\/4\/2025\/03\/banner.jpg\/d9357d24025d3d76cfa92f6f9fc72ff6 1024w,\r\n                    https:\/\/nevro-production.b-cdn.net\/app\/uploads\/cache\/sites\/4\/2025\/03\/banner.jpg\/065a9881cf3f912061a9528e6333b90b 768w\"\r\n            src=\"https:\/\/nevro-production.b-cdn.net\/app\/uploads\/cache\/sites\/4\/2025\/03\/banner.jpg\/065a9881cf3f912061a9528e6333b90b\"\r\n            loading=\"lazy\"\r\n            alt=\"\"\r\n            width=\"2560\"\r\n            height=\"1005\"\r\n        >\r\n    <\/picture>\r\n                <\/div>\r\n    \r\n    <div class=\"text-container justify-start\">\r\n        <div class=\"content text-left items-start \">\r\n              <h1 class=\"\r\n          text-white\r\n                                      block\r\n                      \">Branchenf\u00fchrende klinische Evidenzdaten f\u00fcr SCS<\/h1>\r\n             \r\n                <\/div>\r\n  <\/div>\r\n<\/div>\n\n<div class=\"fw-headline-copy bg-white\">\r\n  <div class=\"container\">\r\n        <h1>Der solideste Fundus klinischer Evidenz<\/h1>\r\n    <div class=\"body-container wysiwyg\"><p>Kein anderes Unternehmen hat sich derart umfassend f\u00fcr die Generierung von klinischer Evidenz zur Sicherheit und Wirksamkeit eines R\u00fcckenmarkstimulations(SCS)-Systems engagiert, die sich auf gro\u00df angelegte randomisierte klinische Studien zur Indikationserweiterung st\u00fctzt.<\/p>\n<\/div>\r\n      <\/div>\r\n<\/div>\n\n<div class=\"tb-imgs-5050\">\r\n  <div class=\"md:max-w-[1360px] md:mx-auto\">\r\n    <div class=\"tb-imgs-row flex-col  lg:flex-row-reverse   no-padding \">\r\n      <div class=\"tb-imgs-col imgs\">\r\n                  <ul class=\"tabs-nav\">\r\n                                                          <li><a href=\"#\" data-tab=\"0\" class=\"tb-imgs-btn active\">R\u00fcckenschmerzen<\/a><\/li>\r\n                                                                        <li><a href=\"#\" data-tab=\"1\" class=\"tb-imgs-btn \">Beinschmerzen<\/a><\/li>\r\n                                    <\/ul>\r\n          <div class=\"image-container\">\r\n                                                          <div class=\"tab-image active\" data-tab=\"0\">\r\n                  <picture class=\"w-full h-auto\">\r\n                <source\r\n            media=\"(min-width: 1025px)\"\r\n            srcset=\"https:\/\/nevro-production.b-cdn.net\/app\/uploads\/cache\/sites\/4\/2025\/03\/GER_Back_Pain_VAS_Score_1355x765_F8C090921DV_v2.jpg\/697c9ba404147572bf5cb911d924611c\"\r\n            type=\"image\/webp\"\r\n        >\r\n        <source\r\n            media=\"(min-width: 1025px)\"\r\n            srcset=\"https:\/\/nevro-production.b-cdn.net\/app\/uploads\/cache\/sites\/4\/2025\/03\/GER_Back_Pain_VAS_Score_1355x765_F8C090921DV_v2.jpg\/a3e32d9a1aa95909826cd7ef609238ad\"\r\n            type=\"image\/jpeg\"\r\n        >\r\n                <source\r\n            media=\"(max-width: 1024px)\"\r\n            srcset=\"\/app\/uploads\/cache\/sites\/4\/2025\/03\/GER_Back_Pain_VAS_Score_1355x765_F8C090921DV_v2.jpg\/9860e0c7c3b12bc4c8c66321e2307c78\"\r\n            type=\"image\/webp\"\r\n        >\r\n        <source\r\n            media=\"(max-width: 1024px)\"\r\n            srcset=\"https:\/\/nevro-production.b-cdn.net\/app\/uploads\/cache\/sites\/4\/2025\/03\/GER_Back_Pain_VAS_Score_1355x765_F8C090921DV_v2.jpg\/516efe854636ce9c9b031105dde26767\"\r\n            type=\"image\/jpeg\"\r\n        >\r\n        <img decoding=\"async\"\r\n            sizes=\"auto, (max-width: 1024px) 1024px,\r\n                    (max-width: 768px) 768px\"\r\n\r\n            class=\"w-full h-auto\"\r\n\r\n            srcset=\"https:\/\/nevro-production.b-cdn.net\/app\/uploads\/cache\/sites\/4\/2025\/03\/GER_Back_Pain_VAS_Score_1355x765_F8C090921DV_v2.jpg\/a3e32d9a1aa95909826cd7ef609238ad 1024w,\r\n                    https:\/\/nevro-production.b-cdn.net\/app\/uploads\/cache\/sites\/4\/2025\/03\/GER_Back_Pain_VAS_Score_1355x765_F8C090921DV_v2.jpg\/516efe854636ce9c9b031105dde26767 768w\"\r\n            src=\"https:\/\/nevro-production.b-cdn.net\/app\/uploads\/cache\/sites\/4\/2025\/03\/GER_Back_Pain_VAS_Score_1355x765_F8C090921DV_v2.jpg\/516efe854636ce9c9b031105dde26767\"\r\n            loading=\"lazy\"\r\n            alt=\"\"\r\n            width=\"650\"\r\n            height=\"455\"\r\n        >\r\n    <\/picture>\r\n                <\/div>\r\n                                                                        <div class=\"tab-image \" data-tab=\"1\">\r\n                  <picture class=\"w-full h-auto\">\r\n                <source\r\n            media=\"(min-width: 1025px)\"\r\n            srcset=\"https:\/\/nevro-production.b-cdn.net\/app\/uploads\/cache\/sites\/4\/2025\/03\/GER_Leg_Pain_VAS_Score_1355x765_F8C090921DV_v2.jpg\/72f5e59a06646c55852cb310ff8bb25a\"\r\n            type=\"image\/webp\"\r\n        >\r\n        <source\r\n            media=\"(min-width: 1025px)\"\r\n            srcset=\"https:\/\/nevro-production.b-cdn.net\/app\/uploads\/cache\/sites\/4\/2025\/03\/GER_Leg_Pain_VAS_Score_1355x765_F8C090921DV_v2.jpg\/ef5ad439765e677b7a5183f70e71f812\"\r\n            type=\"image\/jpeg\"\r\n        >\r\n                <source\r\n            media=\"(max-width: 1024px)\"\r\n            srcset=\"\/app\/uploads\/cache\/sites\/4\/2025\/03\/GER_Leg_Pain_VAS_Score_1355x765_F8C090921DV_v2.jpg\/ef534242c1741930904e543fdfda29ec\"\r\n            type=\"image\/webp\"\r\n        >\r\n        <source\r\n            media=\"(max-width: 1024px)\"\r\n            srcset=\"https:\/\/nevro-production.b-cdn.net\/app\/uploads\/cache\/sites\/4\/2025\/03\/GER_Leg_Pain_VAS_Score_1355x765_F8C090921DV_v2.jpg\/81da6295745ce16700bc2f9352080a38\"\r\n            type=\"image\/jpeg\"\r\n        >\r\n        <img decoding=\"async\"\r\n            sizes=\"auto, (max-width: 1024px) 1024px,\r\n                    (max-width: 768px) 768px\"\r\n\r\n            class=\"w-full h-auto\"\r\n\r\n            srcset=\"https:\/\/nevro-production.b-cdn.net\/app\/uploads\/cache\/sites\/4\/2025\/03\/GER_Leg_Pain_VAS_Score_1355x765_F8C090921DV_v2.jpg\/ef5ad439765e677b7a5183f70e71f812 1024w,\r\n                    https:\/\/nevro-production.b-cdn.net\/app\/uploads\/cache\/sites\/4\/2025\/03\/GER_Leg_Pain_VAS_Score_1355x765_F8C090921DV_v2.jpg\/81da6295745ce16700bc2f9352080a38 768w\"\r\n            src=\"https:\/\/nevro-production.b-cdn.net\/app\/uploads\/cache\/sites\/4\/2025\/03\/GER_Leg_Pain_VAS_Score_1355x765_F8C090921DV_v2.jpg\/81da6295745ce16700bc2f9352080a38\"\r\n            loading=\"lazy\"\r\n            alt=\"\"\r\n            width=\"650\"\r\n            height=\"455\"\r\n        >\r\n    <\/picture>\r\n                <\/div>\r\n                                    <\/div>\r\n\r\n          <p><\/p>\r\n              <\/div>\r\n      <div class=\"tb-imgs-col text\">\r\n        <div class=\"content\">\r\n          <div class=\"lg:max-w-[430px]\">\r\n            <div class=\"wysiwyg\"><h2>Dauerhafte Linderung von R\u00fccken- und Beinschmerzen<\/h2>\n<p>Die bahnbrechende SENZA-RCT<sup>2<\/sup>-Studie erbrachte den Nachweis der langfristigen Sicherheit und besseren Wirksamkeit der 10-kHz-Therapie bei sowohl R\u00fccken- als auch Beinschmerzen.<\/p>\n<\/div>\r\n            <div class=\"cta-container\">\r\n                              <a class=\"button left\" href=\"https:\/\/www.nevro.com\/app\/uploads\/sites\/4\/2025\/01\/Comparison_of_10_kHz_High_Frequency_and.97253-2.pdf\" target=\"\">Die Senza-rct Ansehen<\/a>\r\n                              \r\n            <\/div>\r\n          <\/div>\r\n        <\/div>\r\n      <\/div>\r\n    <\/div>\r\n\r\n  <\/div>\r\n<\/div>\n\n<div class=\"rf-5050\">\r\n                  <div class=\"row-container w-full relative\">\r\n        <div class=\"rf-row md:max-w-[1360px] relative z-10 md:mx-auto flex-row  no-padding \">\r\n          <div class=\"rf-col image bg-white\">\r\n                                      <div class=\"image-container contain\">\r\n                                <picture class=\"\">\r\n                <source\r\n            media=\"(min-width: 1025px)\"\r\n            srcset=\"https:\/\/nevro-production.b-cdn.net\/app\/uploads\/cache\/sites\/4\/2025\/03\/GER_Long-Term_Responder_Graph_532x515_F8C090921DV_v2.jpg\/64db3aff46221a97455e37abcd8ad8af\"\r\n            type=\"image\/webp\"\r\n        >\r\n        <source\r\n            media=\"(min-width: 1025px)\"\r\n            srcset=\"https:\/\/nevro-production.b-cdn.net\/app\/uploads\/cache\/sites\/4\/2025\/03\/GER_Long-Term_Responder_Graph_532x515_F8C090921DV_v2.jpg\/8f893af15bb9102d281c169dd6ce5094\"\r\n            type=\"image\/jpeg\"\r\n        >\r\n                <source\r\n            media=\"(max-width: 1024px)\"\r\n            srcset=\"\/app\/uploads\/cache\/sites\/4\/2025\/03\/GER_Long-Term_Responder_Graph_532x515_F8C090921DV_v2.jpg\/8906961d74b34c43aa425ce142891077\"\r\n            type=\"image\/webp\"\r\n        >\r\n        <source\r\n            media=\"(max-width: 1024px)\"\r\n            srcset=\"https:\/\/nevro-production.b-cdn.net\/app\/uploads\/cache\/sites\/4\/2025\/03\/GER_Long-Term_Responder_Graph_532x515_F8C090921DV_v2.jpg\/b9317ff765664e677f97ff8e97b69d53\"\r\n            type=\"image\/jpeg\"\r\n        >\r\n        <img decoding=\"async\"\r\n            sizes=\"auto, (max-width: 1024px) 1024px,\r\n                    (max-width: 768px) 768px\"\r\n\r\n            class=\"\"\r\n\r\n            srcset=\"https:\/\/nevro-production.b-cdn.net\/app\/uploads\/cache\/sites\/4\/2025\/03\/GER_Long-Term_Responder_Graph_532x515_F8C090921DV_v2.jpg\/8f893af15bb9102d281c169dd6ce5094 1024w,\r\n                    https:\/\/nevro-production.b-cdn.net\/app\/uploads\/cache\/sites\/4\/2025\/03\/GER_Long-Term_Responder_Graph_532x515_F8C090921DV_v2.jpg\/b9317ff765664e677f97ff8e97b69d53 768w\"\r\n            src=\"https:\/\/nevro-production.b-cdn.net\/app\/uploads\/cache\/sites\/4\/2025\/03\/GER_Long-Term_Responder_Graph_532x515_F8C090921DV_v2.jpg\/b9317ff765664e677f97ff8e97b69d53\"\r\n            loading=\"lazy\"\r\n            alt=\"\"\r\n            width=\"543\"\r\n            height=\"524\"\r\n        >\r\n    <\/picture>\r\n              <\/div>\r\n                      <\/div>\r\n          <div class=\"rf-col text bg-blue-dark md:bg-transparent\">\r\n                        <div class=\"rf-col-content\">\r\n              <div class=\"wysiwyg text-white\"><h2>Reproduzierbarkeit der Studienergebnisse in der klinischen Routine<\/h2>\n<p>In einer Studie mit Daten aus der klinischen Routine betrug die Responderrate bei Patienten mit chronischen R\u00fcckenschmerzen 74\u00a0%, was die hervorragenden Ergebnisse der SENZA-RCT-Studie widerspiegelt.<\/p>\n<\/div>\r\n              <div class=\"cta-container\">\r\n                                  <a class=\"button left\" href=\"https:\/\/www.nevro.com\/app\/uploads\/sites\/4\/2025\/01\/Stauss_et_al-2019-Annals_of_Clinical_and_Translational_Neurology-1-1.pdf\" target=\"\">Die Publikation ansehen<\/a>\r\n                                              <\/div>\r\n            <\/div>\r\n          <\/div>\r\n        <\/div>\r\n        <div class=\"rf-row absolute w-full h-full top-0 left-0 max-md:hidden flex-row  no-padding \">\r\n          <div class=\"rf-col image bg-white\">\r\n          <\/div>\r\n          <div class=\"rf-col text bg-blue-dark\">\r\n          <\/div>\r\n        <\/div>\r\n      <\/div>\r\n                <div class=\"row-container w-full relative\">\r\n        <div class=\"rf-row md:max-w-[1360px] relative z-10 md:mx-auto flex-row-reverse  no-padding \">\r\n          <div class=\"rf-col image bg-grey-light\">\r\n                                      <div class=\"image-container contain\">\r\n                                  <p class=\"image-title\">Responderrate im Vergleich<br \/>\r\nzum CMM-Arm nach 6 Monaten<\/p>\r\n                                <picture class=\"\">\r\n                <source\r\n            media=\"(min-width: 1025px)\"\r\n            srcset=\"https:\/\/nevro-production.b-cdn.net\/app\/uploads\/cache\/sites\/4\/2025\/03\/GER_MeaninfulEvdence-v2.jpg\/c6c6de4a1c23f32b869bbb1e13e3d1f2\"\r\n            type=\"image\/webp\"\r\n        >\r\n        <source\r\n            media=\"(min-width: 1025px)\"\r\n            srcset=\"https:\/\/nevro-production.b-cdn.net\/app\/uploads\/cache\/sites\/4\/2025\/03\/GER_MeaninfulEvdence-v2.jpg\/ae48c78f888f6e52a2be6aa2bd7ba704\"\r\n            type=\"image\/jpeg\"\r\n        >\r\n                <source\r\n            media=\"(max-width: 1024px)\"\r\n            srcset=\"\/app\/uploads\/cache\/sites\/4\/2025\/03\/GER_MeaninfulEvdence-v2.jpg\/2f80eb74b72e5a03bbaff51cf4bc118d\"\r\n            type=\"image\/webp\"\r\n        >\r\n        <source\r\n            media=\"(max-width: 1024px)\"\r\n            srcset=\"https:\/\/nevro-production.b-cdn.net\/app\/uploads\/cache\/sites\/4\/2025\/03\/GER_MeaninfulEvdence-v2.jpg\/03419a51970f89df80aa9bb2ba18d4fa\"\r\n            type=\"image\/jpeg\"\r\n        >\r\n        <img decoding=\"async\"\r\n            sizes=\"auto, (max-width: 1024px) 1024px,\r\n                    (max-width: 768px) 768px\"\r\n\r\n            class=\"\"\r\n\r\n            srcset=\"https:\/\/nevro-production.b-cdn.net\/app\/uploads\/cache\/sites\/4\/2025\/03\/GER_MeaninfulEvdence-v2.jpg\/ae48c78f888f6e52a2be6aa2bd7ba704 1024w,\r\n                    https:\/\/nevro-production.b-cdn.net\/app\/uploads\/cache\/sites\/4\/2025\/03\/GER_MeaninfulEvdence-v2.jpg\/03419a51970f89df80aa9bb2ba18d4fa 768w\"\r\n            src=\"https:\/\/nevro-production.b-cdn.net\/app\/uploads\/cache\/sites\/4\/2025\/03\/GER_MeaninfulEvdence-v2.jpg\/03419a51970f89df80aa9bb2ba18d4fa\"\r\n            loading=\"lazy\"\r\n            alt=\"\"\r\n            width=\"398\"\r\n            height=\"398\"\r\n        >\r\n    <\/picture>\r\n              <\/div>\r\n                      <\/div>\r\n          <div class=\"rf-col text bg-grey-light md:bg-transparent\">\r\n                        <div class=\"rf-col-content\">\r\n              <div class=\"wysiwyg \"><div>\n<h2>Nachgewiesene Schmerzlinderung bei PDN<\/h2>\n<\/div>\n<p>Die gro\u00df angelegte, multizentrische SENZA-PDN-RCT-Studie demonstrierte eine bedeutende langfristige Schmerzlinderung mit der 10-kHz-Therapie.<\/p>\n<\/div>\r\n              <div class=\"cta-container\">\r\n                                  <a class=\"button left\" href=\"https:\/\/www.nevro.com\/app\/uploads\/sites\/4\/2025\/01\/jamaneurology_petersen_2021_oi_210012_1622672611.82747-2.pdf\" target=\"_blank\">Zur Publikation<\/a>\r\n                                              <\/div>\r\n            <\/div>\r\n          <\/div>\r\n        <\/div>\r\n        <div class=\"rf-row absolute w-full h-full top-0 left-0 max-md:hidden flex-row-reverse  no-padding \">\r\n          <div class=\"rf-col image bg-grey-light\">\r\n          <\/div>\r\n          <div class=\"rf-col text bg-grey-light\">\r\n          <\/div>\r\n        <\/div>\r\n      <\/div>\r\n      <\/div>\n\n<div class=\"fw-headline-copy bg-white\">\r\n  <div class=\"container\">\r\n        <h1>Die 10-kHz Therapie erm\u00f6glicht eine signifikante Reduktion der Opioideinnahme nach 2 Jahren.\u00b9<\/h1>\r\n    <div class=\"body-container wysiwyg\"><\/div>\r\n      <\/div>\r\n<\/div>\n\n<div class=\"rf-5050\">\r\n                  <div class=\"row-container w-full relative\">\r\n        <div class=\"rf-row md:max-w-[1360px] relative z-10 md:mx-auto flex-row  no-padding \">\r\n          <div class=\"rf-col image bg-white\">\r\n                                      <div class=\"image-container contain\">\r\n                                <picture class=\"\">\r\n                <source\r\n            media=\"(max-width: 1024px)\"\r\n            srcset=\"\"\r\n            type=\"image\/webp\"\r\n        >\r\n        <source\r\n            media=\"(max-width: 1024px)\"\r\n            srcset=\"https:\/\/nevro-production.b-cdn.net\/app\/uploads\/cache\/sites\/4\/2025\/03\/mean-morphine-de.png\/fb957e338d86c9c9631b36a7bce7c064\"\r\n            type=\"image\/jpeg\"\r\n        >\r\n        <img decoding=\"async\"\r\n            sizes=\"auto, (max-width: 1024px) 1024px,\r\n                    (max-width: 768px) 768px\"\r\n\r\n            class=\"\"\r\n\r\n            srcset=\"https:\/\/nevro-production.b-cdn.net\/app\/uploads\/cache\/sites\/4\/2025\/03\/mean-morphine-de.png\/1ac0f6144b061a27c5fdbbb2f554b7c4 1024w,\r\n                    https:\/\/nevro-production.b-cdn.net\/app\/uploads\/cache\/sites\/4\/2025\/03\/mean-morphine-de.png\/fb957e338d86c9c9631b36a7bce7c064 768w\"\r\n            src=\"https:\/\/nevro-production.b-cdn.net\/app\/uploads\/cache\/sites\/4\/2025\/03\/mean-morphine-de.png\/fb957e338d86c9c9631b36a7bce7c064\"\r\n            loading=\"lazy\"\r\n            alt=\"\"\r\n            width=\"504\"\r\n            height=\"473\"\r\n        >\r\n    <\/picture>\r\n              <\/div>\r\n                      <\/div>\r\n          <div class=\"rf-col text bg-white md:bg-transparent\">\r\n                        <div class=\"rf-col-content\">\r\n              <div class=\"wysiwyg \"><h2>Durchschnittliche Reduzierung der morphin\u00e4quivalenten Dosis um fast 70%\u00b9<\/h2>\n<\/div>\r\n              <div class=\"cta-container\">\r\n                                              <\/div>\r\n            <\/div>\r\n          <\/div>\r\n        <\/div>\r\n        <div class=\"rf-row absolute w-full h-full top-0 left-0 max-md:hidden flex-row  no-padding \">\r\n          <div class=\"rf-col image bg-white\">\r\n          <\/div>\r\n          <div class=\"rf-col text bg-grey-light md:bg-white\">\r\n          <\/div>\r\n        <\/div>\r\n      <\/div>\r\n      <\/div>","protected":false},"excerpt":{"rendered":"","protected":false},"author":1,"featured_media":0,"parent":14,"menu_order":0,"comment_status":"closed","ping_status":"closed","template":"","meta":{"_acf_changed":false,"footnotes":""},"class_list":["post-17","page","type-page","status-publish","hentry"],"acf":[],"yoast_head":"<!-- This site is optimized with the Yoast SEO plugin v26.7 - https:\/\/yoast.com\/wordpress\/plugins\/seo\/ -->\n<title>Bedeutsame Evidenzdaten f\u00fcr HFX - Deutsch<\/title>\n<meta name=\"robots\" content=\"index, follow, max-snippet:-1, max-image-preview:large, max-video-preview:-1\" \/>\n<link rel=\"canonical\" href=\"https:\/\/www.nevro.com\/de\/arzte\/klinische-evidenz\/\" \/>\n<meta property=\"og:locale\" content=\"en_US\" \/>\n<meta property=\"og:type\" content=\"article\" \/>\n<meta property=\"og:title\" content=\"Bedeutsame Evidenzdaten f\u00fcr HFX - Deutsch\" \/>\n<meta property=\"og:url\" content=\"https:\/\/www.nevro.com\/de\/arzte\/klinische-evidenz\/\" \/>\n<meta property=\"og:site_name\" content=\"Deutsch\" \/>\n<meta property=\"article:modified_time\" content=\"2025-04-30T22:57:09+00:00\" \/>\n<meta name=\"twitter:card\" content=\"summary_large_image\" \/>\n<script type=\"application\/ld+json\" class=\"yoast-schema-graph\">{\"@context\":\"https:\/\/schema.org\",\"@graph\":[{\"@type\":\"WebPage\",\"@id\":\"https:\/\/www.nevro.com\/de\/arzte\/klinische-evidenz\/\",\"url\":\"https:\/\/www.nevro.com\/de\/arzte\/klinische-evidenz\/\",\"name\":\"Bedeutsame Evidenzdaten f\u00fcr HFX - Deutsch\",\"isPartOf\":{\"@id\":\"https:\/\/www.nevro.com\/de\/#website\"},\"datePublished\":\"2025-03-07T22:38:06+00:00\",\"dateModified\":\"2025-04-30T22:57:09+00:00\",\"breadcrumb\":{\"@id\":\"https:\/\/www.nevro.com\/de\/arzte\/klinische-evidenz\/#breadcrumb\"},\"inLanguage\":\"en-US\",\"potentialAction\":[{\"@type\":\"ReadAction\",\"target\":[\"https:\/\/www.nevro.com\/de\/arzte\/klinische-evidenz\/\"]}]},{\"@type\":\"BreadcrumbList\",\"@id\":\"https:\/\/www.nevro.com\/de\/arzte\/klinische-evidenz\/#breadcrumb\",\"itemListElement\":[{\"@type\":\"ListItem\",\"position\":1,\"name\":\"Home\",\"item\":\"https:\/\/www.nevro.com\/de\/\"},{\"@type\":\"ListItem\",\"position\":2,\"name\":\"\u00c4rzte\",\"item\":\"https:\/\/www.nevro.com\/de\/arzte\/\"},{\"@type\":\"ListItem\",\"position\":3,\"name\":\"Bedeutsame Evidenzdaten f\u00fcr HFX\"}]},{\"@type\":\"WebSite\",\"@id\":\"https:\/\/www.nevro.com\/de\/#website\",\"url\":\"https:\/\/www.nevro.com\/de\/\",\"name\":\"Deutsch\",\"description\":\"\",\"potentialAction\":[{\"@type\":\"SearchAction\",\"target\":{\"@type\":\"EntryPoint\",\"urlTemplate\":\"https:\/\/www.nevro.com\/de\/?s={search_term_string}\"},\"query-input\":{\"@type\":\"PropertyValueSpecification\",\"valueRequired\":true,\"valueName\":\"search_term_string\"}}],\"inLanguage\":\"en-US\"}]}<\/script>\n<!-- \/ Yoast SEO plugin. -->","yoast_head_json":{"title":"Bedeutsame Evidenzdaten f\u00fcr HFX - Deutsch","robots":{"index":"index","follow":"follow","max-snippet":"max-snippet:-1","max-image-preview":"max-image-preview:large","max-video-preview":"max-video-preview:-1"},"canonical":"https:\/\/www.nevro.com\/de\/arzte\/klinische-evidenz\/","og_locale":"en_US","og_type":"article","og_title":"Bedeutsame Evidenzdaten f\u00fcr HFX - Deutsch","og_url":"https:\/\/www.nevro.com\/de\/arzte\/klinische-evidenz\/","og_site_name":"Deutsch","article_modified_time":"2025-04-30T22:57:09+00:00","twitter_card":"summary_large_image","schema":{"@context":"https:\/\/schema.org","@graph":[{"@type":"WebPage","@id":"https:\/\/www.nevro.com\/de\/arzte\/klinische-evidenz\/","url":"https:\/\/www.nevro.com\/de\/arzte\/klinische-evidenz\/","name":"Bedeutsame Evidenzdaten f\u00fcr HFX - Deutsch","isPartOf":{"@id":"https:\/\/www.nevro.com\/de\/#website"},"datePublished":"2025-03-07T22:38:06+00:00","dateModified":"2025-04-30T22:57:09+00:00","breadcrumb":{"@id":"https:\/\/www.nevro.com\/de\/arzte\/klinische-evidenz\/#breadcrumb"},"inLanguage":"en-US","potentialAction":[{"@type":"ReadAction","target":["https:\/\/www.nevro.com\/de\/arzte\/klinische-evidenz\/"]}]},{"@type":"BreadcrumbList","@id":"https:\/\/www.nevro.com\/de\/arzte\/klinische-evidenz\/#breadcrumb","itemListElement":[{"@type":"ListItem","position":1,"name":"Home","item":"https:\/\/www.nevro.com\/de\/"},{"@type":"ListItem","position":2,"name":"\u00c4rzte","item":"https:\/\/www.nevro.com\/de\/arzte\/"},{"@type":"ListItem","position":3,"name":"Bedeutsame Evidenzdaten f\u00fcr HFX"}]},{"@type":"WebSite","@id":"https:\/\/www.nevro.com\/de\/#website","url":"https:\/\/www.nevro.com\/de\/","name":"Deutsch","description":"","potentialAction":[{"@type":"SearchAction","target":{"@type":"EntryPoint","urlTemplate":"https:\/\/www.nevro.com\/de\/?s={search_term_string}"},"query-input":{"@type":"PropertyValueSpecification","valueRequired":true,"valueName":"search_term_string"}}],"inLanguage":"en-US"}]}},"_links":{"self":[{"href":"https:\/\/www.nevro.com\/de\/wp-json\/wp\/v2\/pages\/17","targetHints":{"allow":["GET"]}}],"collection":[{"href":"https:\/\/www.nevro.com\/de\/wp-json\/wp\/v2\/pages"}],"about":[{"href":"https:\/\/www.nevro.com\/de\/wp-json\/wp\/v2\/types\/page"}],"author":[{"embeddable":true,"href":"https:\/\/www.nevro.com\/de\/wp-json\/wp\/v2\/users\/1"}],"replies":[{"embeddable":true,"href":"https:\/\/www.nevro.com\/de\/wp-json\/wp\/v2\/comments?post=17"}],"version-history":[{"count":10,"href":"https:\/\/www.nevro.com\/de\/wp-json\/wp\/v2\/pages\/17\/revisions"}],"predecessor-version":[{"id":887,"href":"https:\/\/www.nevro.com\/de\/wp-json\/wp\/v2\/pages\/17\/revisions\/887"}],"up":[{"embeddable":true,"href":"https:\/\/www.nevro.com\/de\/wp-json\/wp\/v2\/pages\/14"}],"wp:attachment":[{"href":"https:\/\/www.nevro.com\/de\/wp-json\/wp\/v2\/media?parent=17"}],"curies":[{"name":"wp","href":"https:\/\/api.w.org\/{rel}","templated":true}]}}