{"id":18,"date":"2025-03-07T22:38:21","date_gmt":"2025-03-07T22:38:21","guid":{"rendered":"https:\/\/www.nevro-local.com\/de\/?page_id=18"},"modified":"2025-08-06T19:33:39","modified_gmt":"2025-08-06T19:33:39","slug":"produkthandbucher","status":"publish","type":"page","link":"https:\/\/www.nevro.com\/de\/arzte\/produkthandbucher\/","title":{"rendered":"Produkthandb\u00fccher"},"content":{"rendered":"<div class=\"hero no-image headline \">\r\n    \r\n    <div class=\"text-container justify-center\">\r\n        <div class=\"content text-center items-center \">\r\n              <h1 class=\"\r\n          text-blue-dark\r\n                                      block\r\n                      \">Produkthandb\u00fccher f\u00fcr Angeh\u00f6rige \r\nmedizinischer Fachkreise<\/h1>\r\n             \r\n                <\/div>\r\n  <\/div>\r\n<\/div>\n\n<div class=\"prdct-manuals\">\r\n    <div class=\"container\">\r\n                    <div class=\"text-above\">\r\n                <div class=\"wysiwyg\">\r\n                    <p>Bitte beachten Sie, dass die Produktliteratur von Region zu Region unterschiedlich ist. Verwenden Sie nur Produktliteratur aus der Region, in welcher der Patienteneingriff durchgef\u00fchrt wurde. Die Handb\u00fccher unterliegen \u00c4nderungen. Die neuste Version ist auf dieser Seite verf\u00fcgbar.<\/p>\n\r\n                <\/div>\r\n                            <\/div>\r\n                                    <div class=\"manual-selector\">\r\n                <form id=\"manual-filters\" class=\"manual-filters\"\r\n                     data-page=\"product_manuals\"                     action=\"https:\/\/www.nevro.com\/de\/wp-admin\/admin-ajax.php\" method=\"POST\">\r\n                                        \r\n                    <div class=\"filter-col\">\r\n                        <h5>Region<span\r\n                                class=\"md:hidden uppercase font-normal\">(Required)<\/span><\/h5>\r\n                        <select id=\"region\" name=\"region\">\r\n                            <option value=\"\">Region w\u00e4hlen<\/option>\r\n                                                                                                                        <option value=\"us\">USA<\/option>\r\n                                                                                            <option value=\"eu\">Europa<\/option>\r\n                                                                                            <option value=\"au\">Australien<\/option>\r\n                                                    <\/select>\r\n                        <p class=\"required\">(Pflichtfeld)<\/p>\r\n                    <\/div>\r\n                    \r\n                    <div class=\"filter-col\">\r\n                        <h5>Art der Literatur <span\r\n                                class=\"md:hidden uppercase font-normal\">(Pflichtfeld)<\/span>\r\n                        <\/h5>\r\n                        \r\n                        <select id=\"type\" name=\"type\">\r\n                            <option value=\"\">Art der Literatur<\/option>\r\n                                                                                                                            <option value=\"physician\">\r\n                                        Handbuch f\u00fcr \u00c4rzte\r\n                                    <\/option>\r\n                                    <option value=\"patient\">\r\n                                        Patientenhandb\u00fccher\r\n                                    <\/option>\r\n                                    <option value=\"mri\">\r\n                                        MRT-Leitlinien\r\n                                    <\/option>\r\n                                    <option value=\"programmer\">\r\n                                        Programmierhandbuch\r\n                                    <\/option>\r\n                                                                                    <\/select>\r\n                        <p class=\"required\">(Pflichtfeld)<\/p>\r\n                    <\/div>\r\n                    \r\n                    <div class=\"filter-col\">\r\n                        <h5>Sprache<\/h5>\r\n                        <div class=\"custom-select\">\r\n                            <select id=\"lang\" name=\"lang\">\r\n                                <option value=\"0\">Sprache w\u00e4hlen\r\n                                <\/option>\r\n                                                                                                                                                                                                                                        <option value=\"en\" class=\"flag-en\">\r\n                                        Englisch<\/option>\r\n                                                                                                        <option value=\"cz\" class=\"flag-cz\">\r\n                                        Tschechisch<\/option>\r\n                                                                                                        <option value=\"ne\" class=\"flag-ne\">\r\n                                        Niederl\u00e4ndisch<\/option>\r\n                                                                                                        <option value=\"fn\" class=\"flag-fn\">\r\n                                        Finnisch<\/option>\r\n                                                                                                        <option value=\"fr\" class=\"flag-fr\">\r\n                                        Franz\u00f6sisch<\/option>\r\n                                                                                                        <option value=\"de\" class=\"flag-de\">\r\n                                        Deutsch<\/option>\r\n                                                                                                        <option value=\"it\" class=\"flag-it\">\r\n                                        Italienisch<\/option>\r\n                                                                                                        <option value=\"no\" class=\"flag-no\">\r\n                                        Norwegisch<\/option>\r\n                                                                                                        <option value=\"sk\" class=\"flag-sk\">\r\n                                        Slovakisch<\/option>\r\n                                                                                                        <option value=\"es\" class=\"flag-es\">\r\n                                        Spanisch<\/option>\r\n                                                                                                        <option value=\"se\" class=\"flag-se\">\r\n                                        Schwedisch<\/option>\r\n                                                                                                        <option value=\"tk\" class=\"flag-tk\">\r\n                                        T\u00fcrkisch<\/option>\r\n                                                            <\/select>\r\n                        <\/div>\r\n                        <p class=\"required\">(Optional)<\/p>\r\n                    <\/div>\r\n                                    <\/form>\r\n            <\/div>\r\n                <div class=\"manual-table\">\r\n            <div class=\"manual-row header\">\r\n                <div class=\"manual-col\">\r\n                    <h5>Title<\/h5>\r\n                <\/div>\r\n                <div class=\"manual-col\">\r\n                    <h5>REV|Language<\/h5>\r\n                <\/div>\r\n                <div class=\"manual-col\">\r\n                    <h5>Download File<\/h5>\r\n                <\/div>\r\n            <\/div>\r\n            <div id=\"manual-table-contents\"><\/div>\r\n        <\/div>\r\n                    <div class=\"text-below\">\r\n                                    <a class=\"button left\" href=\"http:\/\/www.nevrophysicianmanual.com\/\"\r\n                        target=\"\">Druckversion Anfordern<\/a>\r\n                                                    <div class=\"wysiwyg\">\r\n                        <p>Zum Anzeigen von PDF-Dateien ben\u00f6tigen Sie den Adobe Reader. Laden Sie\u00a0die neueste Version <a href=\"https:\/\/get.adobe.com\/reader\/\" target=\"_blank\" rel=\"noopener\">hier<\/a> herunter.<\/p>\n<p><a href=\"https:\/\/www.nevro.com\/de\/arzte\/produkthandbucher\/historical-product-manuals\/\">Link zu fr\u00fcheren europ\u00e4ischen Produkthandb\u00fcchern<\/a><\/p>\n\r\n                    <\/div>\r\n                            <\/div>\r\n            <\/div>\r\n<\/div>\r\n","protected":false},"excerpt":{"rendered":"","protected":false},"author":1,"featured_media":0,"parent":14,"menu_order":0,"comment_status":"closed","ping_status":"closed","template":"","meta":{"_acf_changed":false,"footnotes":""},"class_list":["post-18","page","type-page","status-publish","hentry"],"acf":[],"yoast_head":"<!-- This site is optimized with the Yoast SEO plugin v26.7 - https:\/\/yoast.com\/wordpress\/plugins\/seo\/ -->\n<title>Produkthandb\u00fccher - Deutsch<\/title>\n<meta name=\"robots\" content=\"index, follow, max-snippet:-1, max-image-preview:large, max-video-preview:-1\" \/>\n<link rel=\"canonical\" href=\"https:\/\/www.nevro.com\/de\/arzte\/produkthandbucher\/\" \/>\n<meta property=\"og:locale\" content=\"en_US\" \/>\n<meta property=\"og:type\" content=\"article\" \/>\n<meta property=\"og:title\" content=\"Produkthandb\u00fccher - Deutsch\" \/>\n<meta property=\"og:url\" content=\"https:\/\/www.nevro.com\/de\/arzte\/produkthandbucher\/\" \/>\n<meta property=\"og:site_name\" content=\"Deutsch\" \/>\n<meta property=\"article:modified_time\" content=\"2025-08-06T19:33:39+00:00\" \/>\n<meta name=\"twitter:card\" content=\"summary_large_image\" \/>\n<script type=\"application\/ld+json\" class=\"yoast-schema-graph\">{\"@context\":\"https:\/\/schema.org\",\"@graph\":[{\"@type\":\"WebPage\",\"@id\":\"https:\/\/www.nevro.com\/de\/arzte\/produkthandbucher\/\",\"url\":\"https:\/\/www.nevro.com\/de\/arzte\/produkthandbucher\/\",\"name\":\"Produkthandb\u00fccher - Deutsch\",\"isPartOf\":{\"@id\":\"https:\/\/www.nevro.com\/de\/#website\"},\"datePublished\":\"2025-03-07T22:38:21+00:00\",\"dateModified\":\"2025-08-06T19:33:39+00:00\",\"breadcrumb\":{\"@id\":\"https:\/\/www.nevro.com\/de\/arzte\/produkthandbucher\/#breadcrumb\"},\"inLanguage\":\"en-US\",\"potentialAction\":[{\"@type\":\"ReadAction\",\"target\":[\"https:\/\/www.nevro.com\/de\/arzte\/produkthandbucher\/\"]}]},{\"@type\":\"BreadcrumbList\",\"@id\":\"https:\/\/www.nevro.com\/de\/arzte\/produkthandbucher\/#breadcrumb\",\"itemListElement\":[{\"@type\":\"ListItem\",\"position\":1,\"name\":\"Home\",\"item\":\"https:\/\/www.nevro.com\/de\/\"},{\"@type\":\"ListItem\",\"position\":2,\"name\":\"\u00c4rzte\",\"item\":\"https:\/\/www.nevro.com\/de\/arzte\/\"},{\"@type\":\"ListItem\",\"position\":3,\"name\":\"Produkthandb\u00fccher\"}]},{\"@type\":\"WebSite\",\"@id\":\"https:\/\/www.nevro.com\/de\/#website\",\"url\":\"https:\/\/www.nevro.com\/de\/\",\"name\":\"Deutsch\",\"description\":\"\",\"potentialAction\":[{\"@type\":\"SearchAction\",\"target\":{\"@type\":\"EntryPoint\",\"urlTemplate\":\"https:\/\/www.nevro.com\/de\/?s={search_term_string}\"},\"query-input\":{\"@type\":\"PropertyValueSpecification\",\"valueRequired\":true,\"valueName\":\"search_term_string\"}}],\"inLanguage\":\"en-US\"}]}<\/script>\n<!-- \/ Yoast SEO plugin. -->","yoast_head_json":{"title":"Produkthandb\u00fccher - Deutsch","robots":{"index":"index","follow":"follow","max-snippet":"max-snippet:-1","max-image-preview":"max-image-preview:large","max-video-preview":"max-video-preview:-1"},"canonical":"https:\/\/www.nevro.com\/de\/arzte\/produkthandbucher\/","og_locale":"en_US","og_type":"article","og_title":"Produkthandb\u00fccher - Deutsch","og_url":"https:\/\/www.nevro.com\/de\/arzte\/produkthandbucher\/","og_site_name":"Deutsch","article_modified_time":"2025-08-06T19:33:39+00:00","twitter_card":"summary_large_image","schema":{"@context":"https:\/\/schema.org","@graph":[{"@type":"WebPage","@id":"https:\/\/www.nevro.com\/de\/arzte\/produkthandbucher\/","url":"https:\/\/www.nevro.com\/de\/arzte\/produkthandbucher\/","name":"Produkthandb\u00fccher - Deutsch","isPartOf":{"@id":"https:\/\/www.nevro.com\/de\/#website"},"datePublished":"2025-03-07T22:38:21+00:00","dateModified":"2025-08-06T19:33:39+00:00","breadcrumb":{"@id":"https:\/\/www.nevro.com\/de\/arzte\/produkthandbucher\/#breadcrumb"},"inLanguage":"en-US","potentialAction":[{"@type":"ReadAction","target":["https:\/\/www.nevro.com\/de\/arzte\/produkthandbucher\/"]}]},{"@type":"BreadcrumbList","@id":"https:\/\/www.nevro.com\/de\/arzte\/produkthandbucher\/#breadcrumb","itemListElement":[{"@type":"ListItem","position":1,"name":"Home","item":"https:\/\/www.nevro.com\/de\/"},{"@type":"ListItem","position":2,"name":"\u00c4rzte","item":"https:\/\/www.nevro.com\/de\/arzte\/"},{"@type":"ListItem","position":3,"name":"Produkthandb\u00fccher"}]},{"@type":"WebSite","@id":"https:\/\/www.nevro.com\/de\/#website","url":"https:\/\/www.nevro.com\/de\/","name":"Deutsch","description":"","potentialAction":[{"@type":"SearchAction","target":{"@type":"EntryPoint","urlTemplate":"https:\/\/www.nevro.com\/de\/?s={search_term_string}"},"query-input":{"@type":"PropertyValueSpecification","valueRequired":true,"valueName":"search_term_string"}}],"inLanguage":"en-US"}]}},"_links":{"self":[{"href":"https:\/\/www.nevro.com\/de\/wp-json\/wp\/v2\/pages\/18","targetHints":{"allow":["GET"]}}],"collection":[{"href":"https:\/\/www.nevro.com\/de\/wp-json\/wp\/v2\/pages"}],"about":[{"href":"https:\/\/www.nevro.com\/de\/wp-json\/wp\/v2\/types\/page"}],"author":[{"embeddable":true,"href":"https:\/\/www.nevro.com\/de\/wp-json\/wp\/v2\/users\/1"}],"replies":[{"embeddable":true,"href":"https:\/\/www.nevro.com\/de\/wp-json\/wp\/v2\/comments?post=18"}],"version-history":[{"count":10,"href":"https:\/\/www.nevro.com\/de\/wp-json\/wp\/v2\/pages\/18\/revisions"}],"predecessor-version":[{"id":1031,"href":"https:\/\/www.nevro.com\/de\/wp-json\/wp\/v2\/pages\/18\/revisions\/1031"}],"up":[{"embeddable":true,"href":"https:\/\/www.nevro.com\/de\/wp-json\/wp\/v2\/pages\/14"}],"wp:attachment":[{"href":"https:\/\/www.nevro.com\/de\/wp-json\/wp\/v2\/media?parent=18"}],"curies":[{"name":"wp","href":"https:\/\/api.w.org\/{rel}","templated":true}]}}