{"id":19,"date":"2025-03-07T22:36:34","date_gmt":"2025-03-07T22:36:34","guid":{"rendered":"https:\/\/www.nevro-local.com\/de\/?page_id=19"},"modified":"2026-01-27T16:16:53","modified_gmt":"2026-01-27T16:16:53","slug":"kostenerstattung","status":"publish","type":"page","link":"https:\/\/www.nevro.com\/de\/arzte\/kostenerstattung\/","title":{"rendered":"Grants"},"content":{"rendered":"<div class=\"container max-w-6xl p-4 mx-auto basic-page-content\">\n<p><\/p>\n<\/div>\n\n<div class=\"hero no-image headline \">\r\n    \r\n    <div class=\"text-container justify-center\">\r\n        <div class=\"content text-center items-center \">\r\n              <h1 class=\"\r\n          text-blue-dark\r\n                                      block\r\n              md:block\r\n              2xl:block\r\n                      \">Globus Medical und Nevro b\u00fcndeln ihre Kr\u00e4fte, um die Linderung chronischer Schmerzen voranzutreiben.<\/h1>\r\n             \r\n                <\/div>\r\n  <\/div>\r\n<\/div>\n\n<div class=\"basic-text-container\">\r\n  <div class=\"wysiwyg\"><p style=\"font-weight: 400; text-align: center;\">Gemeinsam engagieren wir uns f\u00fcr transformative Innovationen mit branchenf\u00fchrenden klinischen Nachweisen, um Sie bei der Optimierung der Patientenversorgung zu unterst\u00fctzen.<\/p>\n<p style=\"font-weight: 400; text-align: center;\">Wenn Sie einen F\u00f6rderantrag stellen m\u00f6chten, besuchen Sie bitte\u00a0<a href=\"https:\/\/www.globusmedical.com\/healthcare-professionals\/resources\/funding-requests\/\" data-saferedirecturl=\"https:\/\/www.google.com\/url?q=http:\/\/www.globusmedical.com\/Grants&amp;source=gmail&amp;ust=1769616837660000&amp;usg=AOvVaw2cJ-sUQnkjhGO5b81eUeMM\">www.globusmedical.com\/Grants<\/a>.<\/p>\n<\/div>\r\n<\/div>\n\n<div class=\"container max-w-6xl p-4 mx-auto basic-page-content\">\n<p><\/p>\n<\/div>","protected":false},"excerpt":{"rendered":"","protected":false},"author":1,"featured_media":0,"parent":14,"menu_order":0,"comment_status":"closed","ping_status":"closed","template":"","meta":{"_acf_changed":false,"footnotes":""},"class_list":["post-19","page","type-page","status-publish","hentry"],"acf":[],"yoast_head":"<!-- This site is optimized with the Yoast SEO plugin v26.7 - https:\/\/yoast.com\/wordpress\/plugins\/seo\/ -->\n<title>Grants - Deutsch<\/title>\n<meta name=\"robots\" content=\"index, follow, max-snippet:-1, max-image-preview:large, max-video-preview:-1\" \/>\n<link rel=\"canonical\" href=\"https:\/\/www.nevro.com\/de\/arzte\/kostenerstattung\/\" \/>\n<meta property=\"og:locale\" content=\"en_US\" \/>\n<meta property=\"og:type\" content=\"article\" \/>\n<meta property=\"og:title\" content=\"Grants - Deutsch\" \/>\n<meta property=\"og:url\" content=\"https:\/\/www.nevro.com\/de\/arzte\/kostenerstattung\/\" \/>\n<meta property=\"og:site_name\" content=\"Deutsch\" \/>\n<meta property=\"article:modified_time\" content=\"2026-01-27T16:16:53+00:00\" \/>\n<meta name=\"twitter:card\" content=\"summary_large_image\" \/>\n<script type=\"application\/ld+json\" class=\"yoast-schema-graph\">{\"@context\":\"https:\/\/schema.org\",\"@graph\":[{\"@type\":\"WebPage\",\"@id\":\"https:\/\/www.nevro.com\/de\/arzte\/kostenerstattung\/\",\"url\":\"https:\/\/www.nevro.com\/de\/arzte\/kostenerstattung\/\",\"name\":\"Grants - Deutsch\",\"isPartOf\":{\"@id\":\"https:\/\/www.nevro.com\/de\/#website\"},\"datePublished\":\"2025-03-07T22:36:34+00:00\",\"dateModified\":\"2026-01-27T16:16:53+00:00\",\"breadcrumb\":{\"@id\":\"https:\/\/www.nevro.com\/de\/arzte\/kostenerstattung\/#breadcrumb\"},\"inLanguage\":\"en-US\",\"potentialAction\":[{\"@type\":\"ReadAction\",\"target\":[\"https:\/\/www.nevro.com\/de\/arzte\/kostenerstattung\/\"]}]},{\"@type\":\"BreadcrumbList\",\"@id\":\"https:\/\/www.nevro.com\/de\/arzte\/kostenerstattung\/#breadcrumb\",\"itemListElement\":[{\"@type\":\"ListItem\",\"position\":1,\"name\":\"Home\",\"item\":\"https:\/\/www.nevro.com\/de\/\"},{\"@type\":\"ListItem\",\"position\":2,\"name\":\"\u00c4rzte\",\"item\":\"https:\/\/www.nevro.com\/de\/arzte\/\"},{\"@type\":\"ListItem\",\"position\":3,\"name\":\"Grants\"}]},{\"@type\":\"WebSite\",\"@id\":\"https:\/\/www.nevro.com\/de\/#website\",\"url\":\"https:\/\/www.nevro.com\/de\/\",\"name\":\"Deutsch\",\"description\":\"\",\"potentialAction\":[{\"@type\":\"SearchAction\",\"target\":{\"@type\":\"EntryPoint\",\"urlTemplate\":\"https:\/\/www.nevro.com\/de\/?s={search_term_string}\"},\"query-input\":{\"@type\":\"PropertyValueSpecification\",\"valueRequired\":true,\"valueName\":\"search_term_string\"}}],\"inLanguage\":\"en-US\"}]}<\/script>\n<!-- \/ Yoast SEO plugin. -->","yoast_head_json":{"title":"Grants - Deutsch","robots":{"index":"index","follow":"follow","max-snippet":"max-snippet:-1","max-image-preview":"max-image-preview:large","max-video-preview":"max-video-preview:-1"},"canonical":"https:\/\/www.nevro.com\/de\/arzte\/kostenerstattung\/","og_locale":"en_US","og_type":"article","og_title":"Grants - Deutsch","og_url":"https:\/\/www.nevro.com\/de\/arzte\/kostenerstattung\/","og_site_name":"Deutsch","article_modified_time":"2026-01-27T16:16:53+00:00","twitter_card":"summary_large_image","schema":{"@context":"https:\/\/schema.org","@graph":[{"@type":"WebPage","@id":"https:\/\/www.nevro.com\/de\/arzte\/kostenerstattung\/","url":"https:\/\/www.nevro.com\/de\/arzte\/kostenerstattung\/","name":"Grants - Deutsch","isPartOf":{"@id":"https:\/\/www.nevro.com\/de\/#website"},"datePublished":"2025-03-07T22:36:34+00:00","dateModified":"2026-01-27T16:16:53+00:00","breadcrumb":{"@id":"https:\/\/www.nevro.com\/de\/arzte\/kostenerstattung\/#breadcrumb"},"inLanguage":"en-US","potentialAction":[{"@type":"ReadAction","target":["https:\/\/www.nevro.com\/de\/arzte\/kostenerstattung\/"]}]},{"@type":"BreadcrumbList","@id":"https:\/\/www.nevro.com\/de\/arzte\/kostenerstattung\/#breadcrumb","itemListElement":[{"@type":"ListItem","position":1,"name":"Home","item":"https:\/\/www.nevro.com\/de\/"},{"@type":"ListItem","position":2,"name":"\u00c4rzte","item":"https:\/\/www.nevro.com\/de\/arzte\/"},{"@type":"ListItem","position":3,"name":"Grants"}]},{"@type":"WebSite","@id":"https:\/\/www.nevro.com\/de\/#website","url":"https:\/\/www.nevro.com\/de\/","name":"Deutsch","description":"","potentialAction":[{"@type":"SearchAction","target":{"@type":"EntryPoint","urlTemplate":"https:\/\/www.nevro.com\/de\/?s={search_term_string}"},"query-input":{"@type":"PropertyValueSpecification","valueRequired":true,"valueName":"search_term_string"}}],"inLanguage":"en-US"}]}},"_links":{"self":[{"href":"https:\/\/www.nevro.com\/de\/wp-json\/wp\/v2\/pages\/19","targetHints":{"allow":["GET"]}}],"collection":[{"href":"https:\/\/www.nevro.com\/de\/wp-json\/wp\/v2\/pages"}],"about":[{"href":"https:\/\/www.nevro.com\/de\/wp-json\/wp\/v2\/types\/page"}],"author":[{"embeddable":true,"href":"https:\/\/www.nevro.com\/de\/wp-json\/wp\/v2\/users\/1"}],"replies":[{"embeddable":true,"href":"https:\/\/www.nevro.com\/de\/wp-json\/wp\/v2\/comments?post=19"}],"version-history":[{"count":9,"href":"https:\/\/www.nevro.com\/de\/wp-json\/wp\/v2\/pages\/19\/revisions"}],"predecessor-version":[{"id":1033,"href":"https:\/\/www.nevro.com\/de\/wp-json\/wp\/v2\/pages\/19\/revisions\/1033"}],"up":[{"embeddable":true,"href":"https:\/\/www.nevro.com\/de\/wp-json\/wp\/v2\/pages\/14"}],"wp:attachment":[{"href":"https:\/\/www.nevro.com\/de\/wp-json\/wp\/v2\/media?parent=19"}],"curies":[{"name":"wp","href":"https:\/\/api.w.org\/{rel}","templated":true}]}}