{"id":23,"date":"2025-03-07T22:35:59","date_gmt":"2025-03-07T22:35:59","guid":{"rendered":"https:\/\/www.nevro-local.com\/de\/?page_id=23"},"modified":"2025-05-06T22:02:12","modified_gmt":"2025-05-06T22:02:12","slug":"cookie-notice","status":"publish","type":"page","link":"https:\/\/www.nevro.com\/de\/cookie-notice\/","title":{"rendered":"Cookie-Erkl\u00e4rung"},"content":{"rendered":"<div class=\"hero no-image headline \">\r\n    \r\n    <div class=\"text-container justify-center\">\r\n        <div class=\"content text-center items-center \">\r\n              <h1 class=\"\r\n          text-blue-dark\r\n                                      block\r\n                      \">Cookie-Erkl\u00e4rung<\/h1>\r\n             \r\n                <\/div>\r\n  <\/div>\r\n<\/div>\n\n<div class=\"basic-text-container\">\r\n  <div class=\"wysiwyg\"><p><strong>NEVRO-COOKIE-HINWEIS<\/strong><\/p>\n<p>Version Datum des Inkrafttretens: 20. September 2022<\/p>\n<p>Nevro Corp. (\u201e<strong>Nevro<\/strong>\u201c, \u201e<strong>wir<\/strong>\u201c, \u201e<strong>uns<\/strong>\u201c und \u201e<strong>unser<\/strong>\u201c) verpflichtet sich, Ihre Privatsph\u00e4re und Ihre personenbezogenen Daten zu sch\u00fctzen und zu respektieren. Diese Richtlinie beschreibt, wie und warum Nevro Cookies und andere Tracking-Technologien auf Nevro.com (\u201e<strong>Website<\/strong>\u201c) verwendet.<\/p>\n<p><strong>Was sind Cookies?<\/strong><\/p>\n<p>Ein Cookie ist ein kleiner Datensatz (Textdatei), den eine Website oder eine Anwendung \u2013 wenn sie von einem Benutzer besucht wird \u2013 Ihren Browser auffordert, auf Ihrem Ger\u00e4t zu speichern, um sich an Informationen \u00fcber Sie zu erinnern, z.\u00a0B. daran, ob Sie der Verwendung von Cookies zugestimmt haben oder nicht. Diese Cookies werden von uns gesetzt und werden als\u00a0<em>Erstanbieter-Cookies<\/em>\u00a0bezeichnet.<\/p>\n<p>Wir verwenden auch\u00a0<em>Cookies von Drittanbietern<\/em>\u00a0\u2013 dies sind Cookies, die von einer anderen Domain als der von Ihnen besuchten Website oder einer von uns nicht betriebenen Domain gesetzt werden. Wir nutzen diese beispielsweise, um Zugriffe auf unsere Website zu analysieren.<\/p>\n<p>Wir verwenden auch \u00e4hnliche Technologien wie Cookies wie Pixel, Beacons, Tags, Java-Skripte usw. Der Einfachheit halber bezeichnen wir sie in dieser Richtlinie jedoch alle zusammen als Cookies.<\/p>\n<p>Weitere Informationen zu Cookies, einschlie\u00dflich Informationen zur Einstellung des Internetbrowsers und zum L\u00f6schen von Cookies,\u00a0<a href=\"http:\/\/www.allaboutcookies.org\/\">finden Sie unter www.allaboutcookies.org<\/a>.<\/p>\n<p><strong>Wie verwenden wir Cookies?<\/strong><\/p>\n<p>Wir verwenden zwei Arten von Cookies: dauerhafte und Sitzungs-Cookies.\u00a0<strong>Dauerhafte<\/strong>\u00a0Cookies sind Cookies, die f\u00fcr einen bestimmten Zeitraum (wie in der folgenden Tabelle angegeben) auf Ihrem Ger\u00e4t verbleiben oder bis Sie sie manuell l\u00f6schen oder ihnen widersprechen.\u00a0<strong>Sitzungs-Cookies<\/strong>\u00a0sind Cookies, die am Ende der Browser-Sitzung ablaufen (z.\u00a0B. wenn Sie unsere Website verlassen und Ihren Browser schlie\u00dfen).<\/p>\n<p>Wir verwenden\u00a0<strong>wesentliche<\/strong>\u00a0(<strong>zwingend erforderliche) Cookies<\/strong>, um (i) den Website-Datenverkehr zu verwalten; (ii) die Funktionalit\u00e4t der Website zu erm\u00f6glichen; (iii) Benutzereinstellungen (einschlie\u00dflich Cookie-Einstellungen) zu speichern; (iv) Benutzern zu erm\u00f6glichen, Formulare einzureichen und (v) unsere Website und unsere Dienste zu sichern (z.\u00a0B. um b\u00f6swillige Brute-Force-Angriffe zu erkennen).<\/p>\n<p>Wir verwenden\u00a0<strong>nicht wesentliche (nicht zwingend erforderliche) Cookies<\/strong>, um (i) den Datenverkehr und andere Kennzahlen auf unserer Website zu beobachten und zu analysieren; (ii) Targeting und Werbung zu erm\u00f6glichen; (iii) eingebettete Dienste zu verfolgen; (iv) Social-Media-Funktionen zu erm\u00f6glichen; (v) IDs zu generieren\/ID-Synchronisation in sozialen Medien zu erm\u00f6glichen; und (vi) f\u00fcr Risikoanalysezwecke. Nicht wesentliche Cookies helfen uns auch, unsere Website sowie Ihre allgemeine Benutzererfahrung zu verbessern. Wir verwenden nicht zwingend erforderliche Cookies nur, wenn wir Ihre Einwilligung haben (siehe unten).<\/p>\n<p>Wie oben erl\u00e4utert, kann es sich bei Cookies um solche von<strong>Erstanbietern<\/strong>\u00a0oder von\u00a0<strong>Drittanbietern<\/strong>\u00a0handeln, was bedeutet, dass sie von uns (Erstanbieter) oder einem anderen Anbieter (Drittanbieter) betrieben werden. Bitte beachten Sie, dass die Interaktionen mit den Cookies von Drittanbietern auf unserer Website den Datenschutz- und Cookie-Richtlinien des Drittanbieters unterliegen, wie unten dargelegt.<\/p>\n<p>Weitere Informationen zu den Arten von Cookies, die wir verwenden, finden Sie im Folgenden.<\/p>\n<p><strong>So verwalten Sie Cookies<\/strong><\/p>\n<p>Bei Ihrem ersten Besuch auf unserer Website und danach alle sechs Monate sehen Sie auf der Startseite ein Cookie-Banner, das Sie dar\u00fcber informiert, warum Cookies verwendet werden, und Sie auffordert, nicht zwingenden Cookies zuzustimmen, wenn Sie damit einverstanden sind, dass wir sie verwenden (oder \u201eCookies<strong>\u00a0akzeptieren<\/strong>\u201c). Wenn Sie nicht damit einverstanden sind, k\u00f6nnen Sie \u201eCookies<strong>\u00a0ablehnen<\/strong>\u201c ausw\u00e4hlen.<\/p>\n<p>Sie k\u00f6nnen Ihre Cookie-Einstellungen \u00fcber das Cookie-Banner \u00e4ndern, wo Sie die M\u00f6glichkeit haben, sich f\u00fcr die Verwendung nicht wesentlicher Cookies auf Ihrem Ger\u00e4t zu entscheiden oder diese abzulehnen. Sie k\u00f6nnen Ihre Cookie-Einstellungen auch jederzeit aktualisieren, indem Sie auf Cookie-Einstellungen verwalten klicken.<\/p>\n<p>Bitte beachten Sie, dass Sie zwingend erforderliche Cookies nicht deaktivieren k\u00f6nnen, da diese die Funktionalit\u00e4t unserer Website und Ihre F\u00e4higkeit, bestimmte Funktionen und Funktionalit\u00e4ten zu nutzen, beeintr\u00e4chtigen.<\/p>\n<p>Die meisten Webbrowser erlauben auch eine gewisse Kontrolle der meisten Cookies \u00fcber die Browsereinstellungen.<\/p>\n<p>Erfahren Sie, wie Sie Cookies in g\u00e4ngigen Browsern verwalten:<\/p>\n<ul>\n<li><a href=\"https:\/\/support.google.com\/accounts\/answer\/61416?co=GENIE.Platform%3DDesktop&amp;hl=en\">Google Chrome<\/a><\/li>\n<li><a href=\"https:\/\/privacy.microsoft.com\/en-us\/windows-10-microsoft-edge-and-privacy\">Microsoft Edge<\/a><\/li>\n<li><a href=\"https:\/\/support.mozilla.org\/en-US\/kb\/enable-and-disable-cookies-website-preferences\">Mozilla Firefox<\/a><\/li>\n<li><a href=\"https:\/\/support.microsoft.com\/en-gb\/help\/17442\/windows-internet-explorer-delete-manage-cookies\">Microsoft Internet Explorer<\/a><\/li>\n<li><a href=\"https:\/\/www.opera.com\/help\/tutorials\/security\/privacy\/\">Opera<\/a><\/li>\n<li><a href=\"https:\/\/support.apple.com\/en-gb\/safari\">Apple Safari<\/a><\/li>\n<\/ul>\n<p>&nbsp;<\/p>\n<p>Informationen zu anderen Browsern finden Sie auf der Website des Entwicklers des Browsers.<\/p>\n<p><strong>Arten der verwendeten Cookies<\/strong><\/p>\n<table class=\"padding table--privacy-notice table--wide\">\n<tbody>\n<tr>\n<td width=\"122\"><strong>Betreiber<\/strong><\/td>\n<td width=\"170\"><strong>Cookie-Name<\/strong><\/td>\n<td width=\"94\"><strong>Sitzung oder dauerhaft<\/strong><\/td>\n<td width=\"112\"><strong>Zweck<\/strong><\/td>\n<td width=\"102\"><strong>Lebensdauer<\/strong><\/td>\n<\/tr>\n<tr class=\"grey-background\">\n<td colspan=\"5\" width=\"601\"><strong>Wesentliche (zwingend erforderliche) Cookies<\/strong><\/td>\n<\/tr>\n<tr>\n<td width=\"122\">Nevro<\/td>\n<td width=\"170\">__cf_bm<\/td>\n<td width=\"94\">Dauerhaft<\/td>\n<td width=\"112\">Verwalten des Datenverkehr der Website durch Cloudflare Bot Management<\/td>\n<td width=\"102\">0 Tage<\/td>\n<\/tr>\n<tr>\n<td width=\"122\">Nevro<\/td>\n<td width=\"170\">_dc_gtm_UA-xxxxxxxx<\/td>\n<td width=\"94\">Dauerhaft<\/td>\n<td width=\"112\">Laden von Skripten<\/td>\n<td width=\"102\">0 Tage<\/td>\n<\/tr>\n<tr>\n<td width=\"122\">Nevro<\/td>\n<td width=\"170\">OptanonAlertBoxGeschlossen<\/td>\n<td width=\"94\">Dauerhaft<\/td>\n<td width=\"112\">Website-Funktionalit\u00e4t<\/td>\n<td width=\"102\">365 Tage<\/td>\n<\/tr>\n<tr>\n<td width=\"122\">Nevro<\/td>\n<td width=\"170\">OptanonConsent<\/td>\n<td width=\"94\">Dauerhaft<\/td>\n<td width=\"112\">Aufzeichnungen der Cookie-Einstellungen des Benutzers<\/td>\n<td width=\"102\">365 Tage<\/td>\n<\/tr>\n<tr>\n<td width=\"122\">Nevro<\/td>\n<td width=\"170\">contrast<\/td>\n<td width=\"94\">Sitzung<\/td>\n<td width=\"112\">Speichert die Kontrasteinstellungseinstellungen des Benutzers<\/td>\n<td width=\"102\">Sitzung<\/td>\n<\/tr>\n<tr>\n<td width=\"122\">Nevro<\/td>\n<td width=\"170\">bpazaws52gukakzc__ctrl0_ctl02_list_ctl05_systemcaptcha<\/td>\n<td width=\"94\">Sitzung<\/td>\n<td width=\"112\">Einreichungen von Benutzerformularen<\/td>\n<td width=\"102\">Sitzung<\/td>\n<\/tr>\n<tr>\n<td width=\"122\">Nevro<\/td>\n<td width=\"170\">bpazaws52gukakzc__ctrl0_ctl02_list_ctl10_systemcaptcha<\/td>\n<td width=\"94\">Sitzung<\/td>\n<td width=\"112\">Einreichungen von Benutzerformularen<\/td>\n<td width=\"102\">Sitzung<\/td>\n<\/tr>\n<tr>\n<td width=\"122\">Nevro<\/td>\n<td width=\"170\">bpazaws52gukakzc__ctrl0_ctl02_list_ctl15_systemcaptcha<\/td>\n<td width=\"94\">Sitzung<\/td>\n<td width=\"112\">Einreichungen von Benutzerformularen<\/td>\n<td width=\"102\">Sitzung<\/td>\n<\/tr>\n<tr>\n<td width=\"122\">Cloudflare Bot Management<\/td>\n<td width=\"170\">__cf_bm<\/td>\n<td width=\"94\">Sitzung<\/td>\n<td width=\"112\">Sicherheit<\/td>\n<td width=\"102\">Sitzung<\/td>\n<\/tr>\n<tr class=\"grey-background\">\n<td colspan=\"5\" width=\"601\"><strong>Nicht wesentliche Cookies<\/strong><\/td>\n<\/tr>\n<tr>\n<td width=\"122\">Google Analytics<\/td>\n<td width=\"170\">_ga<\/td>\n<td width=\"94\">Dauerhaft<\/td>\n<td width=\"112\">Analytik<\/td>\n<td width=\"102\">730 Tage<\/td>\n<\/tr>\n<tr>\n<td width=\"122\">Google Universal Analytics<\/td>\n<td width=\"170\">_gid<\/td>\n<td width=\"94\">Dauerhaft<\/td>\n<td width=\"112\">Analytik<\/td>\n<td width=\"102\">1 Tag<\/td>\n<\/tr>\n<tr>\n<td width=\"122\">Google Analytics<\/td>\n<td width=\"170\">_gclxxxx<\/td>\n<td width=\"94\">Dauerhaft<\/td>\n<td width=\"112\">Analytik<\/td>\n<td width=\"102\">90 Tage<\/td>\n<\/tr>\n<tr>\n<td width=\"122\">Cision<\/td>\n<td width=\"170\">c<\/td>\n<td width=\"94\">Dauerhaft<\/td>\n<td width=\"112\">Verfolgt die Nutzung von eingebetteten Diensten<\/td>\n<td width=\"102\">185 Tage<\/td>\n<\/tr>\n<tr>\n<td width=\"122\">Eventbrite<\/td>\n<td width=\"170\">sp<\/td>\n<td width=\"94\">Dauerhaft<\/td>\n<td width=\"112\">Targeting<\/td>\n<td width=\"102\">364 Tage<\/td>\n<\/tr>\n<tr>\n<td width=\"122\">Facebook<\/td>\n<td width=\"170\">_fbp<\/td>\n<td width=\"94\">Dauerhaft<\/td>\n<td width=\"112\">Targeting \/ Werbung<\/td>\n<td width=\"102\">90 Tage<\/td>\n<\/tr>\n<tr>\n<td width=\"122\">LinkedIn<\/td>\n<td width=\"170\">li_gc<\/td>\n<td width=\"94\">Dauerhaft<\/td>\n<td width=\"112\">Speichert die Zustimmungspr\u00e4ferenzen des Benutzers<\/td>\n<td width=\"102\">729 Tage<\/td>\n<\/tr>\n<tr>\n<td width=\"122\">LinkedIn<\/td>\n<td width=\"170\">lang<\/td>\n<td width=\"94\">Sitzung<\/td>\n<td width=\"112\">Speichert Benutzereinstellungen<\/td>\n<td width=\"102\">Sitzung<\/td>\n<\/tr>\n<tr>\n<td width=\"122\">LinkedIn<\/td>\n<td width=\"170\">AnalyticsSyncHistory<\/td>\n<td width=\"94\">Dauerhaft<\/td>\n<td width=\"112\">Werbung und ID-Synchronisierung<\/td>\n<td width=\"102\">30 Tage<\/td>\n<\/tr>\n<tr>\n<td width=\"122\">LinkedIn<\/td>\n<td width=\"170\">UserMatchHistory<\/td>\n<td width=\"94\">Dauerhaft<\/td>\n<td width=\"112\">Werbung und ID-Synchronisierung<\/td>\n<td width=\"102\">30 Tage<\/td>\n<\/tr>\n<tr>\n<td width=\"122\">Google<\/td>\n<td width=\"170\">_GRECAPTCHA<\/td>\n<td width=\"94\">Dauerhaft<\/td>\n<td width=\"112\">Risikoanalyse<\/td>\n<td width=\"102\">180 Tage<\/td>\n<\/tr>\n<tr>\n<td width=\"122\">LinkedIn<\/td>\n<td width=\"170\">bcookie<\/p>\n<p>&nbsp;<\/td>\n<td width=\"94\">Dauerhaft<\/td>\n<td width=\"112\">Werbung und ID-Synchronisierung<\/td>\n<td width=\"102\">730 Tage<\/td>\n<\/tr>\n<tr>\n<td width=\"122\">LinkedIn<\/td>\n<td width=\"170\">lidc<\/td>\n<td width=\"94\">Dauerhaft<\/td>\n<td width=\"112\">Werbung und ID-Synchronisierung<\/td>\n<td width=\"102\">1 Tag<\/td>\n<\/tr>\n<tr>\n<td width=\"122\">LinkedIn<\/td>\n<td width=\"170\">bscookie<\/td>\n<td width=\"94\">Dauerhaft<\/td>\n<td width=\"112\">Werbung und ID-Synchronisierung<\/td>\n<td width=\"102\">730 Tage<\/td>\n<\/tr>\n<tr>\n<td width=\"122\">Google<\/td>\n<td width=\"170\">CONSENT<\/td>\n<td width=\"94\">Dauerhaft<\/td>\n<td width=\"112\">Speichert die Zustimmungspr\u00e4ferenzen des Benutzers<\/td>\n<td width=\"102\">6141 Tage<\/td>\n<\/tr>\n<tr>\n<td width=\"122\">MediaMath<\/td>\n<td width=\"170\">uuid<\/td>\n<td width=\"94\">Dauerhaft<\/td>\n<td width=\"112\">Generiert eine eindeutige Benutzer-ID<\/td>\n<td width=\"102\">393 Tage<\/td>\n<\/tr>\n<tr>\n<td width=\"122\">Nevro<\/td>\n<td width=\"170\">__uxq412__ses.0707<\/td>\n<td width=\"94\">Sitzung<\/td>\n<td width=\"112\">Analytik<\/td>\n<td width=\"102\">Sitzung<\/td>\n<\/tr>\n<tr>\n<td width=\"122\">Nevro<\/td>\n<td width=\"170\">__uxq412__id.76ba<\/td>\n<td width=\"94\">Dauerhaft<\/td>\n<td width=\"112\">Analytik<\/td>\n<td width=\"102\">729 Tage<\/td>\n<\/tr>\n<tr>\n<td width=\"122\">Nevro<\/td>\n<td width=\"170\">__uxq412__id.0707<\/td>\n<td width=\"94\">Dauerhaft<\/td>\n<td width=\"112\">Analytik<\/td>\n<td width=\"102\">729 Tage<\/td>\n<\/tr>\n<tr>\n<td width=\"122\">DeepIntent, Inc.<\/td>\n<td width=\"170\">CDIUSER<\/td>\n<td width=\"94\">Dauerhaft<\/td>\n<td width=\"112\">Generiert eine eindeutige Benutzer-ID<\/td>\n<td width=\"102\">730 Tage<\/td>\n<\/tr>\n<tr>\n<td width=\"122\">StackAdapt<\/td>\n<td width=\"170\">sa-user-id<\/td>\n<td width=\"94\">Dauerhaft<\/td>\n<td width=\"112\">Benutzeridentifikation<\/td>\n<td width=\"102\">364 Tage<\/td>\n<\/tr>\n<tr>\n<td width=\"122\">StackAdapt<\/td>\n<td width=\"170\">sa-user-id-v2<\/td>\n<td width=\"94\">Dauerhaft<\/td>\n<td width=\"112\">Benutzeridentifikation<\/td>\n<td width=\"102\">364 Tage<\/td>\n<\/tr>\n<\/tbody>\n<\/table>\n<p><strong>\u00a0<\/strong><\/p>\n<p><strong>Liste der Drittanbieter, die Cookies auf unserer Website verwenden<\/strong><\/p>\n<table class=\"table--privacy-notice\">\n<tbody>\n<tr class=\"grey-background\">\n<td width=\"90\"><strong>Name des Drittanbieters<\/strong><\/td>\n<td width=\"90\"><strong>Zweck des vom Drittanbieter gesetzten Cookies<\/strong><\/td>\n<td width=\"90\"><strong>Gesch\u00e4ft des Drittanbieters<\/strong><\/td>\n<td width=\"90\"><strong>Link zu Cookie und Datenschutz<\/strong><\/td>\n<\/tr>\n<tr>\n<td width=\"90\">Google LLC<\/td>\n<td width=\"142\">Analyse, Risikoanalyse und Benutzerpr\u00e4ferenzen<\/td>\n<td width=\"90\">Internetbezogene Dienstleistungen und Produkte, einschlie\u00dflich Online-Werbung und Suchmaschinendienste<\/td>\n<td width=\"90\"><a href=\"https:\/\/policies.google.com\/technologies\/partner-sites\">https:\/\/policies.google.com\/technologies\/partner-sites<\/a><\/p>\n<p><a href=\"https:\/\/policies.google.com\/privacy\">https:\/\/policies.google.com\/privacy<\/a><\/p>\n<p><a href=\"https:\/\/policies.google.com\/technologies\/cookies\">https:\/\/policies.google.com\/technologies\/cookies<\/a><\/p>\n<p><a href=\"https:\/\/policies.google.com\/technologies\/ads\">https:\/\/policies.google.com\/technologies\/ads<\/a><\/td>\n<\/tr>\n<tr>\n<td width=\"90\">Cision LLC<\/td>\n<td width=\"90\">Verfolgt die Nutzung von eingebetteten Diensten<\/td>\n<td width=\"90\">Anbieter von PR-Softwareplattformen und Marketingl\u00f6sungen<\/td>\n<td width=\"90\"><a href=\"https:\/\/www.cision.com\/legal\/privacy-policy\/\">https:\/\/www.cision.com\/legal\/privacy-policy\/<\/a><\/p>\n<p><a href=\"https:\/\/www.cision.com\/legal\/cookie-policy\/\">https:\/\/www.cision.com\/legal\/cookie-policy\/<\/a><\/td>\n<\/tr>\n<tr>\n<td width=\"90\">Eventbrite UK Ltd<\/td>\n<td width=\"90\">Targeting<\/td>\n<td width=\"90\">Anbieter von Veranstaltungsdienstleistungen<\/td>\n<td width=\"90\"><a href=\"https:\/\/www.eventbrite.co.uk\/support\/articles\/en_US\/Troubleshooting\/eventbrite-privacy-policy?lg=en_GB\">https:\/\/www.eventbrite.co.uk\/support\/articles\/en_US\/Troubleshooting\/eventbrite-privacy-policy?lg=en_GB<\/a><\/td>\n<\/tr>\n<tr>\n<td width=\"90\">Meta Platforms Inc<\/td>\n<td width=\"90\">Targeting \/ Werbung<\/td>\n<td width=\"90\">Anbieter von Social-Networking-, Werbe- und Business-Insight-L\u00f6sungen<\/td>\n<td width=\"90\"><a href=\"https:\/\/www.facebook.com\/about\/privacy\">https:\/\/www.facebook.com\/about\/privacy<\/a><\/p>\n<p><a href=\"https:\/\/www.facebook.com\/policy\/cookies\/\">https:\/\/www.facebook.com\/policy\/cookies\/<\/a><\/td>\n<\/tr>\n<tr>\n<td width=\"90\">LinkedIn Corporation<\/td>\n<td width=\"90\">Benutzereinstellungen, Werbung und ID-Synchronisierung<\/td>\n<td width=\"90\">Unternehmens- und besch\u00e4ftigungsorientierter Online-Dienst<\/td>\n<td width=\"90\"><a href=\"https:\/\/www.linkedin.com\/legal\/privacy-policy\">https:\/\/www.linkedin.com\/legal\/privacy-policy<\/a><\/p>\n<p><a href=\"https:\/\/www.linkedin.com\/legal\/cookie-policyfacebook\">https:\/\/www.linkedin.com\/legal\/cookie-policyfacebook<\/a><\/td>\n<\/tr>\n<tr>\n<td width=\"90\">MediaMath Inc<\/td>\n<td width=\"90\">Generiert eine eindeutige Benutzer-ID<\/td>\n<td width=\"90\">Anbieter digitaler Werbung<\/td>\n<td width=\"90\"><a href=\"https:\/\/www.mediamath.com\/privacy-policy\/\">https:\/\/www.mediamath.com\/privacy-policy\/<\/a><\/p>\n<p><a href=\"https:\/\/www.mediamath.com\/cookie-notice\/\">https:\/\/www.mediamath.com\/cookie-notice\/<\/a><\/td>\n<\/tr>\n<tr>\n<td width=\"90\">DeepIntent Inc<\/td>\n<td width=\"90\">Generiert eine eindeutige Benutzer-ID<\/td>\n<td width=\"90\">Nachfrageseitige Plattform f\u00fcr das Gesundheitswesen<\/td>\n<td width=\"90\"><a href=\"https:\/\/www.deepintent.com\/website-privacy-policy\/\">https:\/\/www.deepintent.com\/website-privacy-policy\/<\/a><\/td>\n<\/tr>\n<tr>\n<td width=\"90\">StackAdapt Inc<\/td>\n<td width=\"90\">Benutzeridentifikation<\/td>\n<td width=\"90\">Selbstservice-Plattform f\u00fcr programmatische Werbung<\/td>\n<td width=\"90\"><a href=\"https:\/\/www.stackadapt.com\/privacy-policy\">https:\/\/www.stackadapt.com\/privacy-policy<\/a><\/td>\n<\/tr>\n<\/tbody>\n<\/table>\n<p>&nbsp;<\/p>\n<p><strong>\u00c4nderungen an der Cookie-Richtlinie<\/strong><\/p>\n<p><strong>\u00a0<\/strong><\/p>\n<p>Wir k\u00f6nnen diese Cookie-Richtlinie aktualisieren, um \u00c4nderungen in unseren Praktiken mit personenbezogenen Daten oder relevanten Gesetzen Rechnung zu tragen. Wir werden Sie benachrichtigen, wenn wir wesentliche \u00c4nderungen vornehmen, indem wir die \u201eDas Datum des Inkrafttretens der Version\u201c oben in dieser Cookie-Richtlinie \u00fcberarbeiten.<\/p>\n<p>&nbsp;<\/p>\n<p><strong>Kontakt<\/strong><\/p>\n<p><strong>\u00a0<\/strong><\/p>\n<p>F\u00fcr weitere Informationen \u00fcber unsere Verwendung von Cookies auf unserer Website kontaktieren Sie uns bitte wie folgt:<\/p>\n<p><strong>Per Post:<\/strong><br \/>\nNevro Corp.<br \/>\nAttn: Data Protection Officer<br \/>\n1800 Bridge Pkwy<br \/>\nRedwood City, CA 94065<br \/>\nUSA<\/p>\n<p>&nbsp;<\/p>\n<p><strong>Per E-Mail:\u00a0<\/strong>privacy@nevro.com<\/p>\n<p>&nbsp;<\/p>\n<p>Weitere Informationen dar\u00fcber, wie wir personenbezogene Daten verarbeiten, einschlie\u00dflich durch den Einsatz von Cookies, finden Sie in unserem Datenschutzhinweis\u00a0<a href=\"https:\/\/www.nevro.com\/English\/us\/privacy\/default.aspx\">hier<\/a>.<\/p>\n<\/div>\r\n<\/div>","protected":false},"excerpt":{"rendered":"","protected":false},"author":1,"featured_media":0,"parent":0,"menu_order":0,"comment_status":"closed","ping_status":"closed","template":"","meta":{"_acf_changed":false,"footnotes":""},"class_list":["post-23","page","type-page","status-publish","hentry"],"acf":[],"yoast_head":"<!-- This site is optimized with the Yoast SEO plugin v26.7 - https:\/\/yoast.com\/wordpress\/plugins\/seo\/ -->\n<title>Cookie-Erkl\u00e4rung - Deutsch<\/title>\n<meta name=\"robots\" content=\"index, follow, max-snippet:-1, max-image-preview:large, max-video-preview:-1\" \/>\n<link rel=\"canonical\" href=\"https:\/\/www.nevro.com\/de\/cookie-notice\/\" \/>\n<meta property=\"og:locale\" content=\"en_US\" \/>\n<meta property=\"og:type\" content=\"article\" \/>\n<meta property=\"og:title\" content=\"Cookie-Erkl\u00e4rung - Deutsch\" \/>\n<meta property=\"og:url\" content=\"https:\/\/www.nevro.com\/de\/cookie-notice\/\" \/>\n<meta property=\"og:site_name\" content=\"Deutsch\" \/>\n<meta property=\"article:modified_time\" content=\"2025-05-06T22:02:12+00:00\" \/>\n<meta name=\"twitter:card\" content=\"summary_large_image\" \/>\n<script type=\"application\/ld+json\" class=\"yoast-schema-graph\">{\"@context\":\"https:\/\/schema.org\",\"@graph\":[{\"@type\":\"WebPage\",\"@id\":\"https:\/\/www.nevro.com\/de\/cookie-notice\/\",\"url\":\"https:\/\/www.nevro.com\/de\/cookie-notice\/\",\"name\":\"Cookie-Erkl\u00e4rung - Deutsch\",\"isPartOf\":{\"@id\":\"https:\/\/www.nevro.com\/de\/#website\"},\"datePublished\":\"2025-03-07T22:35:59+00:00\",\"dateModified\":\"2025-05-06T22:02:12+00:00\",\"breadcrumb\":{\"@id\":\"https:\/\/www.nevro.com\/de\/cookie-notice\/#breadcrumb\"},\"inLanguage\":\"en-US\",\"potentialAction\":[{\"@type\":\"ReadAction\",\"target\":[\"https:\/\/www.nevro.com\/de\/cookie-notice\/\"]}]},{\"@type\":\"BreadcrumbList\",\"@id\":\"https:\/\/www.nevro.com\/de\/cookie-notice\/#breadcrumb\",\"itemListElement\":[{\"@type\":\"ListItem\",\"position\":1,\"name\":\"Home\",\"item\":\"https:\/\/www.nevro.com\/de\/\"},{\"@type\":\"ListItem\",\"position\":2,\"name\":\"Cookie-Erkl\u00e4rung\"}]},{\"@type\":\"WebSite\",\"@id\":\"https:\/\/www.nevro.com\/de\/#website\",\"url\":\"https:\/\/www.nevro.com\/de\/\",\"name\":\"Deutsch\",\"description\":\"\",\"potentialAction\":[{\"@type\":\"SearchAction\",\"target\":{\"@type\":\"EntryPoint\",\"urlTemplate\":\"https:\/\/www.nevro.com\/de\/?s={search_term_string}\"},\"query-input\":{\"@type\":\"PropertyValueSpecification\",\"valueRequired\":true,\"valueName\":\"search_term_string\"}}],\"inLanguage\":\"en-US\"}]}<\/script>\n<!-- \/ Yoast SEO plugin. -->","yoast_head_json":{"title":"Cookie-Erkl\u00e4rung - Deutsch","robots":{"index":"index","follow":"follow","max-snippet":"max-snippet:-1","max-image-preview":"max-image-preview:large","max-video-preview":"max-video-preview:-1"},"canonical":"https:\/\/www.nevro.com\/de\/cookie-notice\/","og_locale":"en_US","og_type":"article","og_title":"Cookie-Erkl\u00e4rung - Deutsch","og_url":"https:\/\/www.nevro.com\/de\/cookie-notice\/","og_site_name":"Deutsch","article_modified_time":"2025-05-06T22:02:12+00:00","twitter_card":"summary_large_image","schema":{"@context":"https:\/\/schema.org","@graph":[{"@type":"WebPage","@id":"https:\/\/www.nevro.com\/de\/cookie-notice\/","url":"https:\/\/www.nevro.com\/de\/cookie-notice\/","name":"Cookie-Erkl\u00e4rung - Deutsch","isPartOf":{"@id":"https:\/\/www.nevro.com\/de\/#website"},"datePublished":"2025-03-07T22:35:59+00:00","dateModified":"2025-05-06T22:02:12+00:00","breadcrumb":{"@id":"https:\/\/www.nevro.com\/de\/cookie-notice\/#breadcrumb"},"inLanguage":"en-US","potentialAction":[{"@type":"ReadAction","target":["https:\/\/www.nevro.com\/de\/cookie-notice\/"]}]},{"@type":"BreadcrumbList","@id":"https:\/\/www.nevro.com\/de\/cookie-notice\/#breadcrumb","itemListElement":[{"@type":"ListItem","position":1,"name":"Home","item":"https:\/\/www.nevro.com\/de\/"},{"@type":"ListItem","position":2,"name":"Cookie-Erkl\u00e4rung"}]},{"@type":"WebSite","@id":"https:\/\/www.nevro.com\/de\/#website","url":"https:\/\/www.nevro.com\/de\/","name":"Deutsch","description":"","potentialAction":[{"@type":"SearchAction","target":{"@type":"EntryPoint","urlTemplate":"https:\/\/www.nevro.com\/de\/?s={search_term_string}"},"query-input":{"@type":"PropertyValueSpecification","valueRequired":true,"valueName":"search_term_string"}}],"inLanguage":"en-US"}]}},"_links":{"self":[{"href":"https:\/\/www.nevro.com\/de\/wp-json\/wp\/v2\/pages\/23","targetHints":{"allow":["GET"]}}],"collection":[{"href":"https:\/\/www.nevro.com\/de\/wp-json\/wp\/v2\/pages"}],"about":[{"href":"https:\/\/www.nevro.com\/de\/wp-json\/wp\/v2\/types\/page"}],"author":[{"embeddable":true,"href":"https:\/\/www.nevro.com\/de\/wp-json\/wp\/v2\/users\/1"}],"replies":[{"embeddable":true,"href":"https:\/\/www.nevro.com\/de\/wp-json\/wp\/v2\/comments?post=23"}],"version-history":[{"count":8,"href":"https:\/\/www.nevro.com\/de\/wp-json\/wp\/v2\/pages\/23\/revisions"}],"predecessor-version":[{"id":942,"href":"https:\/\/www.nevro.com\/de\/wp-json\/wp\/v2\/pages\/23\/revisions\/942"}],"wp:attachment":[{"href":"https:\/\/www.nevro.com\/de\/wp-json\/wp\/v2\/media?parent=23"}],"curies":[{"name":"wp","href":"https:\/\/api.w.org\/{rel}","templated":true}]}}