{"id":5,"date":"2025-03-07T22:36:10","date_gmt":"2025-03-07T22:36:10","guid":{"rendered":"https:\/\/www.nevro-local.com\/de\/?page_id=5"},"modified":"2025-05-23T19:34:59","modified_gmt":"2025-05-23T19:34:59","slug":"landing-page","status":"publish","type":"page","link":"https:\/\/www.nevro.com\/de\/","title":{"rendered":"Home"},"content":{"rendered":"<div class=\"hero image no-headline \">\r\n      <div class=\"image-container \">\r\n      \r\n      <picture class=\" \">\r\n                <source\r\n            media=\"(min-width: 1025px)\"\r\n            srcset=\"https:\/\/nevro-production.b-cdn.net\/app\/uploads\/cache\/sites\/4\/2025\/03\/banner.jpg\/7a79b38ac0b2084bd12a8db8acc6e9f8\"\r\n            type=\"image\/webp\"\r\n        >\r\n        <source\r\n            media=\"(min-width: 1025px)\"\r\n            srcset=\"https:\/\/nevro-production.b-cdn.net\/app\/uploads\/cache\/sites\/4\/2025\/03\/banner.jpg\/d9357d24025d3d76cfa92f6f9fc72ff6\"\r\n            type=\"image\/jpeg\"\r\n        >\r\n                <source\r\n            media=\"(max-width: 1024px)\"\r\n            srcset=\"\/app\/uploads\/cache\/sites\/4\/2025\/03\/banner.jpg\/7dba5b6adb7556d61bd870b3d574e707\"\r\n            type=\"image\/webp\"\r\n        >\r\n        <source\r\n            media=\"(max-width: 1024px)\"\r\n            srcset=\"https:\/\/nevro-production.b-cdn.net\/app\/uploads\/cache\/sites\/4\/2025\/03\/banner.jpg\/065a9881cf3f912061a9528e6333b90b\"\r\n            type=\"image\/jpeg\"\r\n        >\r\n        <img decoding=\"async\"\r\n            sizes=\"auto, (max-width: 1024px) 1024px,\r\n                    (max-width: 768px) 768px\"\r\n\r\n            class=\" \"\r\n\r\n            srcset=\"https:\/\/nevro-production.b-cdn.net\/app\/uploads\/cache\/sites\/4\/2025\/03\/banner.jpg\/d9357d24025d3d76cfa92f6f9fc72ff6 1024w,\r\n                    https:\/\/nevro-production.b-cdn.net\/app\/uploads\/cache\/sites\/4\/2025\/03\/banner.jpg\/065a9881cf3f912061a9528e6333b90b 768w\"\r\n            src=\"https:\/\/nevro-production.b-cdn.net\/app\/uploads\/cache\/sites\/4\/2025\/03\/banner.jpg\/065a9881cf3f912061a9528e6333b90b\"\r\n            loading=\"lazy\"\r\n            alt=\"\"\r\n            width=\"2560\"\r\n            height=\"1005\"\r\n        >\r\n    <\/picture>\r\n                <\/div>\r\n    \r\n    <div class=\"text-container justify-center\">\r\n        <div class=\"content text-center items-center \">\r\n             \r\n                <\/div>\r\n  <\/div>\r\n<\/div>\n\n<div class=\"fw-headline-copy bg-white\">\r\n  <div class=\"container\">\r\n        <h1>Wir stellen vor: HFX<\/h1>\r\n    <div class=\"body-container wysiwyg\"><div id=\"_ctrl0_ctl51_divModuleContainer\" class=\"module module-html focused-matters text-center\">\n<div class=\"module_container module_container--outer\">\n<div class=\"module_container module_container--inner\">\n<p>Eine umfassende L\u00f6sung f\u00fcr die individuell angepasste Linderung chronischer Schmerzen, die noch nie dagewesene Vielseitigkeit bietet.<\/p>\n<\/div>\n<\/div>\n<\/div>\n<div id=\"_ctrl0_ctl54_divModuleContainer\" class=\"module module-html module-introducing-omnia container-md\">\n<div class=\"module_container module_container--outer\">\n<div class=\"module_container module_container--inner\"><\/div>\n<\/div>\n<\/div>\n<\/div>\r\n      <\/div>\r\n<\/div>\n\n<div class=\"rf-5050\">\r\n                  <div class=\"row-container w-full relative\">\r\n        <div class=\"rf-row md:max-w-[1360px] relative z-10 md:mx-auto flex-row  no-padding \">\r\n          <div class=\"rf-col image bg-grey-light\">\r\n                                      <div class=\"image-container contain\">\r\n                                <picture class=\"\">\r\n                <source\r\n            media=\"(min-width: 1025px)\"\r\n            srcset=\"https:\/\/nevro-production.b-cdn.net\/app\/uploads\/cache\/sites\/4\/2025\/05\/HFX_Solutions-Wheel_OL_CMYK_R1V10GER.jpg\/fd9093cd640e2e41fc285e6315399f4d\"\r\n            type=\"image\/webp\"\r\n        >\r\n        <source\r\n            media=\"(min-width: 1025px)\"\r\n            srcset=\"https:\/\/nevro-production.b-cdn.net\/app\/uploads\/cache\/sites\/4\/2025\/05\/HFX_Solutions-Wheel_OL_CMYK_R1V10GER.jpg\/fa2c2b5c95d2d9bc0a8f8e8074b4c7ea\"\r\n            type=\"image\/jpeg\"\r\n        >\r\n                <source\r\n            media=\"(max-width: 1024px)\"\r\n            srcset=\"\/app\/uploads\/cache\/sites\/4\/2025\/05\/HFX_Solutions-Wheel_OL_CMYK_R1V10GER.jpg\/aa78cba3e7d4598dcc27d6c90f240e71\"\r\n            type=\"image\/webp\"\r\n        >\r\n        <source\r\n            media=\"(max-width: 1024px)\"\r\n            srcset=\"https:\/\/nevro-production.b-cdn.net\/app\/uploads\/cache\/sites\/4\/2025\/05\/HFX_Solutions-Wheel_OL_CMYK_R1V10GER.jpg\/9685870f5b1e1d8a61a279219f35c4e0\"\r\n            type=\"image\/jpeg\"\r\n        >\r\n        <img decoding=\"async\"\r\n            sizes=\"auto, (max-width: 1024px) 1024px,\r\n                    (max-width: 768px) 768px\"\r\n\r\n            class=\"\"\r\n\r\n            srcset=\"https:\/\/nevro-production.b-cdn.net\/app\/uploads\/cache\/sites\/4\/2025\/05\/HFX_Solutions-Wheel_OL_CMYK_R1V10GER.jpg\/fa2c2b5c95d2d9bc0a8f8e8074b4c7ea 1024w,\r\n                    https:\/\/nevro-production.b-cdn.net\/app\/uploads\/cache\/sites\/4\/2025\/05\/HFX_Solutions-Wheel_OL_CMYK_R1V10GER.jpg\/9685870f5b1e1d8a61a279219f35c4e0 768w\"\r\n            src=\"https:\/\/nevro-production.b-cdn.net\/app\/uploads\/cache\/sites\/4\/2025\/05\/HFX_Solutions-Wheel_OL_CMYK_R1V10GER.jpg\/9685870f5b1e1d8a61a279219f35c4e0\"\r\n            loading=\"lazy\"\r\n            alt=\"\"\r\n            width=\"2210\"\r\n            height=\"2210\"\r\n        >\r\n    <\/picture>\r\n              <\/div>\r\n                      <\/div>\r\n          <div class=\"rf-col text bg-grey-light md:bg-transparent\">\r\n                        <div class=\"rf-col-content\">\r\n              <div class=\"wysiwyg \"><h2 class=\"module_subtitle\">Die L\u00f6sung f\u00fcr chronische Schmerzen<\/h2>\n<p>Herausragende M\u00f6glichkeiten in vier Schl\u00fcsselbereichen zur Unterst\u00fctzung Ihrer Patienten mit der besten L\u00f6sung f\u00fcr chronische Schmerzen.<\/p>\n<\/div>\r\n              <div class=\"cta-container\">\r\n                                  <a class=\"button left\" href=\"https:\/\/www.nevro.com\/de\/arzte\/\" target=\"\">MEHR INFORMATIONEN ZU HFX<\/a>\r\n                                              <\/div>\r\n            <\/div>\r\n          <\/div>\r\n        <\/div>\r\n        <div class=\"rf-row absolute w-full h-full top-0 left-0 max-md:hidden flex-row  no-padding \">\r\n          <div class=\"rf-col image bg-grey-light\">\r\n          <\/div>\r\n          <div class=\"rf-col text bg-grey-light\">\r\n          <\/div>\r\n        <\/div>\r\n      <\/div>\r\n                <div class=\"row-container w-full relative\">\r\n        <div class=\"rf-row md:max-w-[1360px] relative z-10 md:mx-auto flex-row-reverse  no-padding \">\r\n          <div class=\"rf-col image bg-white\">\r\n                                      <div class=\"image-container cover\">\r\n                                <picture class=\"\">\r\n                <source\r\n            media=\"(min-width: 1025px)\"\r\n            srcset=\"https:\/\/nevro-production.b-cdn.net\/app\/uploads\/cache\/sites\/4\/2025\/03\/for-providers-1.jpg\/e9773cdf13ae60c7d9bb91686e41e333\"\r\n            type=\"image\/webp\"\r\n        >\r\n        <source\r\n            media=\"(min-width: 1025px)\"\r\n            srcset=\"https:\/\/nevro-production.b-cdn.net\/app\/uploads\/cache\/sites\/4\/2025\/03\/for-providers-1.jpg\/1f11b7085d5448a34d42a4b91b82cd2e\"\r\n            type=\"image\/jpeg\"\r\n        >\r\n                <source\r\n            media=\"(max-width: 1024px)\"\r\n            srcset=\"\/app\/uploads\/cache\/sites\/4\/2025\/03\/for-providers-1.jpg\/5e05d0b7d2a4de6969fdf673701b3b56\"\r\n            type=\"image\/webp\"\r\n        >\r\n        <source\r\n            media=\"(max-width: 1024px)\"\r\n            srcset=\"https:\/\/nevro-production.b-cdn.net\/app\/uploads\/cache\/sites\/4\/2025\/03\/for-providers-1.jpg\/91eb6f4ae22f343e1a6a6622482d1e7f\"\r\n            type=\"image\/jpeg\"\r\n        >\r\n        <img decoding=\"async\"\r\n            sizes=\"auto, (max-width: 1024px) 1024px,\r\n                    (max-width: 768px) 768px\"\r\n\r\n            class=\"\"\r\n\r\n            srcset=\"https:\/\/nevro-production.b-cdn.net\/app\/uploads\/cache\/sites\/4\/2025\/03\/for-providers-1.jpg\/1f11b7085d5448a34d42a4b91b82cd2e 1024w,\r\n                    https:\/\/nevro-production.b-cdn.net\/app\/uploads\/cache\/sites\/4\/2025\/03\/for-providers-1.jpg\/91eb6f4ae22f343e1a6a6622482d1e7f 768w\"\r\n            src=\"https:\/\/nevro-production.b-cdn.net\/app\/uploads\/cache\/sites\/4\/2025\/03\/for-providers-1.jpg\/91eb6f4ae22f343e1a6a6622482d1e7f\"\r\n            loading=\"lazy\"\r\n            alt=\"\"\r\n            width=\"904\"\r\n            height=\"607\"\r\n        >\r\n    <\/picture>\r\n              <\/div>\r\n                      <\/div>\r\n          <div class=\"rf-col text bg-blue-dark md:bg-transparent\">\r\n                        <div class=\"rf-col-content\">\r\n              <div class=\"wysiwyg text-white\"><h2>F\u00fcr \u00c4rzte<\/h2>\n<p>Schmerzen sind komplex. Entdecken Sie, wie HFX Ihnen mehr Evidenz, mehr Vielseitigkeit bei der Programmierung und mehr Patienten-Support bietet, damit Ihre Patienten wieder das tun k\u00f6nnen, was sie lieben.<\/p>\n<\/div>\r\n              <div class=\"cta-container\">\r\n                                  <a class=\"button left\" href=\"https:\/\/www.nevro.com\/de\/arzte\/patienten-support\/\" target=\"\">Mehr Dazu<\/a>\r\n                                              <\/div>\r\n            <\/div>\r\n          <\/div>\r\n        <\/div>\r\n        <div class=\"rf-row absolute w-full h-full top-0 left-0 max-md:hidden flex-row-reverse  no-padding \">\r\n          <div class=\"rf-col image bg-white\">\r\n          <\/div>\r\n          <div class=\"rf-col text bg-blue-dark\">\r\n          <\/div>\r\n        <\/div>\r\n      <\/div>\r\n      <\/div>\n\n<div class=\"rf-4060\">\r\n                  <div class=\"rf-container bg-grey-light\">\r\n        <div class=\"rf-row flex-row   image-60   padding \">\r\n          <div class=\"rf-col image bg-white\">\r\n                                      <div class=\"image-container cover\">\r\n                <picture class=\"block h-auto w-full\">\r\n                <source\r\n            media=\"(min-width: 1025px)\"\r\n            srcset=\"https:\/\/nevro-production.b-cdn.net\/app\/uploads\/cache\/sites\/4\/2025\/03\/patience-experience-terri.jpg\/26c4412d5b6b6a0a0740ac47dccd93f3\"\r\n            type=\"image\/webp\"\r\n        >\r\n        <source\r\n            media=\"(min-width: 1025px)\"\r\n            srcset=\"https:\/\/nevro-production.b-cdn.net\/app\/uploads\/cache\/sites\/4\/2025\/03\/patience-experience-terri.jpg\/ffe365523ddb9bac115b317b82e87fd1\"\r\n            type=\"image\/jpeg\"\r\n        >\r\n                <source\r\n            media=\"(max-width: 1024px)\"\r\n            srcset=\"\/app\/uploads\/cache\/sites\/4\/2025\/03\/patience-experience-terri.jpg\/97a4d9b4216105b7a14d4c9750394bea\"\r\n            type=\"image\/webp\"\r\n        >\r\n        <source\r\n            media=\"(max-width: 1024px)\"\r\n            srcset=\"https:\/\/nevro-production.b-cdn.net\/app\/uploads\/cache\/sites\/4\/2025\/03\/patience-experience-terri.jpg\/6d78af08f01f5c9364e4d6216239f212\"\r\n            type=\"image\/jpeg\"\r\n        >\r\n        <img decoding=\"async\"\r\n            sizes=\"auto, (max-width: 1024px) 1024px,\r\n                    (max-width: 768px) 768px\"\r\n\r\n            class=\"block h-auto w-full\"\r\n\r\n            srcset=\"https:\/\/nevro-production.b-cdn.net\/app\/uploads\/cache\/sites\/4\/2025\/03\/patience-experience-terri.jpg\/ffe365523ddb9bac115b317b82e87fd1 1024w,\r\n                    https:\/\/nevro-production.b-cdn.net\/app\/uploads\/cache\/sites\/4\/2025\/03\/patience-experience-terri.jpg\/6d78af08f01f5c9364e4d6216239f212 768w\"\r\n            src=\"https:\/\/nevro-production.b-cdn.net\/app\/uploads\/cache\/sites\/4\/2025\/03\/patience-experience-terri.jpg\/6d78af08f01f5c9364e4d6216239f212\"\r\n            loading=\"lazy\"\r\n            alt=\"\"\r\n            width=\"893\"\r\n            height=\"594\"\r\n        >\r\n    <\/picture>\r\n              <\/div>\r\n                      <\/div>\r\n          <div class=\"rf-col text bg-white\">\r\n                        <div class=\"rf-col-content\">\r\n              <div class=\"wysiwyg \"><h2>F\u00fcr Patienten<\/h2>\n<p>Erfahren Sie, wie HFX Ihnen helfen kann, chronische Schmerzen zu lindern, damit Sie Ihr Leben wieder genie\u00dfen k\u00f6nnen.<\/p>\n<\/div>\r\n                              <a class=\"button left\" href=\"https:\/\/www.nevro.com\/de\/patients\/\" target=\"\">Erfahren Sie mehr<\/a>\r\n                                        <\/div>\r\n          <\/div>\r\n        <\/div>\r\n      <\/div>\r\n      <\/div>","protected":false},"excerpt":{"rendered":"","protected":false},"author":1,"featured_media":0,"parent":0,"menu_order":0,"comment_status":"closed","ping_status":"closed","template":"","meta":{"_acf_changed":false,"footnotes":""},"class_list":["post-5","page","type-page","status-publish","hentry"],"acf":[],"yoast_head":"<!-- This site is optimized with the Yoast SEO plugin v26.7 - https:\/\/yoast.com\/wordpress\/plugins\/seo\/ -->\n<title>Home - Deutsch<\/title>\n<meta name=\"robots\" content=\"index, follow, max-snippet:-1, max-image-preview:large, max-video-preview:-1\" \/>\n<link rel=\"canonical\" href=\"https:\/\/www.nevro.com\/de\/\" \/>\n<meta property=\"og:locale\" content=\"en_US\" \/>\n<meta property=\"og:type\" content=\"article\" \/>\n<meta property=\"og:title\" content=\"Home - Deutsch\" \/>\n<meta property=\"og:url\" content=\"https:\/\/www.nevro.com\/de\/\" \/>\n<meta property=\"og:site_name\" content=\"Deutsch\" \/>\n<meta property=\"article:modified_time\" content=\"2025-05-23T19:34:59+00:00\" \/>\n<meta name=\"twitter:card\" content=\"summary_large_image\" \/>\n<script type=\"application\/ld+json\" class=\"yoast-schema-graph\">{\"@context\":\"https:\/\/schema.org\",\"@graph\":[{\"@type\":\"WebPage\",\"@id\":\"https:\/\/www.nevro.com\/de\/\",\"url\":\"https:\/\/www.nevro.com\/de\/\",\"name\":\"Home - Deutsch\",\"isPartOf\":{\"@id\":\"https:\/\/www.nevro.com\/de\/#website\"},\"datePublished\":\"2025-03-07T22:36:10+00:00\",\"dateModified\":\"2025-05-23T19:34:59+00:00\",\"breadcrumb\":{\"@id\":\"https:\/\/www.nevro.com\/de\/#breadcrumb\"},\"inLanguage\":\"en-US\",\"potentialAction\":[{\"@type\":\"ReadAction\",\"target\":[\"https:\/\/www.nevro.com\/de\/\"]}]},{\"@type\":\"BreadcrumbList\",\"@id\":\"https:\/\/www.nevro.com\/de\/#breadcrumb\",\"itemListElement\":[{\"@type\":\"ListItem\",\"position\":1,\"name\":\"Home\",\"item\":\"https:\/\/www.nevro.com\/de\/\"},{\"@type\":\"ListItem\",\"position\":2,\"name\":\"Home\"}]},{\"@type\":\"WebSite\",\"@id\":\"https:\/\/www.nevro.com\/de\/#website\",\"url\":\"https:\/\/www.nevro.com\/de\/\",\"name\":\"Deutsch\",\"description\":\"\",\"potentialAction\":[{\"@type\":\"SearchAction\",\"target\":{\"@type\":\"EntryPoint\",\"urlTemplate\":\"https:\/\/www.nevro.com\/de\/?s={search_term_string}\"},\"query-input\":{\"@type\":\"PropertyValueSpecification\",\"valueRequired\":true,\"valueName\":\"search_term_string\"}}],\"inLanguage\":\"en-US\"}]}<\/script>\n<!-- \/ Yoast SEO plugin. -->","yoast_head_json":{"title":"Home - Deutsch","robots":{"index":"index","follow":"follow","max-snippet":"max-snippet:-1","max-image-preview":"max-image-preview:large","max-video-preview":"max-video-preview:-1"},"canonical":"https:\/\/www.nevro.com\/de\/","og_locale":"en_US","og_type":"article","og_title":"Home - Deutsch","og_url":"https:\/\/www.nevro.com\/de\/","og_site_name":"Deutsch","article_modified_time":"2025-05-23T19:34:59+00:00","twitter_card":"summary_large_image","schema":{"@context":"https:\/\/schema.org","@graph":[{"@type":"WebPage","@id":"https:\/\/www.nevro.com\/de\/","url":"https:\/\/www.nevro.com\/de\/","name":"Home - Deutsch","isPartOf":{"@id":"https:\/\/www.nevro.com\/de\/#website"},"datePublished":"2025-03-07T22:36:10+00:00","dateModified":"2025-05-23T19:34:59+00:00","breadcrumb":{"@id":"https:\/\/www.nevro.com\/de\/#breadcrumb"},"inLanguage":"en-US","potentialAction":[{"@type":"ReadAction","target":["https:\/\/www.nevro.com\/de\/"]}]},{"@type":"BreadcrumbList","@id":"https:\/\/www.nevro.com\/de\/#breadcrumb","itemListElement":[{"@type":"ListItem","position":1,"name":"Home","item":"https:\/\/www.nevro.com\/de\/"},{"@type":"ListItem","position":2,"name":"Home"}]},{"@type":"WebSite","@id":"https:\/\/www.nevro.com\/de\/#website","url":"https:\/\/www.nevro.com\/de\/","name":"Deutsch","description":"","potentialAction":[{"@type":"SearchAction","target":{"@type":"EntryPoint","urlTemplate":"https:\/\/www.nevro.com\/de\/?s={search_term_string}"},"query-input":{"@type":"PropertyValueSpecification","valueRequired":true,"valueName":"search_term_string"}}],"inLanguage":"en-US"}]}},"_links":{"self":[{"href":"https:\/\/www.nevro.com\/de\/wp-json\/wp\/v2\/pages\/5","targetHints":{"allow":["GET"]}}],"collection":[{"href":"https:\/\/www.nevro.com\/de\/wp-json\/wp\/v2\/pages"}],"about":[{"href":"https:\/\/www.nevro.com\/de\/wp-json\/wp\/v2\/types\/page"}],"author":[{"embeddable":true,"href":"https:\/\/www.nevro.com\/de\/wp-json\/wp\/v2\/users\/1"}],"replies":[{"embeddable":true,"href":"https:\/\/www.nevro.com\/de\/wp-json\/wp\/v2\/comments?post=5"}],"version-history":[{"count":9,"href":"https:\/\/www.nevro.com\/de\/wp-json\/wp\/v2\/pages\/5\/revisions"}],"predecessor-version":[{"id":987,"href":"https:\/\/www.nevro.com\/de\/wp-json\/wp\/v2\/pages\/5\/revisions\/987"}],"wp:attachment":[{"href":"https:\/\/www.nevro.com\/de\/wp-json\/wp\/v2\/media?parent=5"}],"curies":[{"name":"wp","href":"https:\/\/api.w.org\/{rel}","templated":true}]}}