{"id":55,"date":"2025-03-14T20:15:11","date_gmt":"2025-03-14T20:15:11","guid":{"rendered":"https:\/\/www.nevro-local.com\/de\/patients\/hfx-services-and-support\/"},"modified":"2025-03-24T22:02:47","modified_gmt":"2025-03-24T22:02:47","slug":"patienten-support","status":"publish","type":"page","link":"https:\/\/www.nevro.com\/de\/arzte\/patienten-support\/","title":{"rendered":"HFX-Dienstleistungen und Support"},"content":{"rendered":"<div class=\"hero image headline \">\r\n      <div class=\"image-container \">\r\n      \r\n      <picture class=\" \">\r\n                <source\r\n            media=\"(min-width: 1025px)\"\r\n            srcset=\"https:\/\/nevro-production.b-cdn.net\/app\/uploads\/cache\/sites\/4\/2025\/03\/banner.jpg\/7a79b38ac0b2084bd12a8db8acc6e9f8\"\r\n            type=\"image\/webp\"\r\n        >\r\n        <source\r\n            media=\"(min-width: 1025px)\"\r\n            srcset=\"https:\/\/nevro-production.b-cdn.net\/app\/uploads\/cache\/sites\/4\/2025\/03\/banner.jpg\/d9357d24025d3d76cfa92f6f9fc72ff6\"\r\n            type=\"image\/jpeg\"\r\n        >\r\n                <source\r\n            media=\"(max-width: 1024px)\"\r\n            srcset=\"\/app\/uploads\/cache\/sites\/4\/2025\/03\/banner.jpg\/7dba5b6adb7556d61bd870b3d574e707\"\r\n            type=\"image\/webp\"\r\n        >\r\n        <source\r\n            media=\"(max-width: 1024px)\"\r\n            srcset=\"https:\/\/nevro-production.b-cdn.net\/app\/uploads\/cache\/sites\/4\/2025\/03\/banner.jpg\/065a9881cf3f912061a9528e6333b90b\"\r\n            type=\"image\/jpeg\"\r\n        >\r\n        <img decoding=\"async\"\r\n            sizes=\"auto, (max-width: 1024px) 1024px,\r\n                    (max-width: 768px) 768px\"\r\n\r\n            class=\" \"\r\n\r\n            srcset=\"https:\/\/nevro-production.b-cdn.net\/app\/uploads\/cache\/sites\/4\/2025\/03\/banner.jpg\/d9357d24025d3d76cfa92f6f9fc72ff6 1024w,\r\n                    https:\/\/nevro-production.b-cdn.net\/app\/uploads\/cache\/sites\/4\/2025\/03\/banner.jpg\/065a9881cf3f912061a9528e6333b90b 768w\"\r\n            src=\"https:\/\/nevro-production.b-cdn.net\/app\/uploads\/cache\/sites\/4\/2025\/03\/banner.jpg\/065a9881cf3f912061a9528e6333b90b\"\r\n            loading=\"lazy\"\r\n            alt=\"\"\r\n            width=\"2560\"\r\n            height=\"1005\"\r\n        >\r\n    <\/picture>\r\n                <\/div>\r\n    \r\n    <div class=\"text-container justify-start\">\r\n        <div class=\"content text-left items-start \">\r\n              <h1 class=\"\r\n          text-white\r\n                                      block\r\n                      \">Enge Partnerschaft mit Ihnen f\u00fcr den besten Patientensupport.<\/h1>\r\n             \r\n                <\/div>\r\n  <\/div>\r\n<\/div>\n\n<div class=\"fw-headline-copy bg-white\">\r\n  <div class=\"container\">\r\n        <h1>Umfassender Support unterst\u00fctzt von der HFX Cloud\u2122<\/h1>\r\n    <div class=\"body-container wysiwyg\"><p>HFX Cloud\u2122, unser propriet\u00e4res Cloud-basiertes Patientenmanagement-System, erm\u00f6glicht langfristigen Service und umfassende Auswertungen f\u00fcr einen anhaltenden Therapieerfolg mit unserem SCS System.<\/p>\n<\/div>\r\n      <\/div>\r\n<\/div>\n\n<div class=\"rf-4060\">\r\n                  <div class=\"rf-container none\">\r\n        <div class=\"rf-row flex-row-reverse   text-60   padding \">\r\n          <div class=\"rf-col image bg-blue-light\">\r\n                                      <div class=\"image-container cover\">\r\n                <picture class=\"block h-auto w-full\">\r\n                <source\r\n            media=\"(min-width: 1025px)\"\r\n            srcset=\"https:\/\/nevro-production.b-cdn.net\/app\/uploads\/cache\/sites\/4\/2025\/03\/daisy.jpg\/ce59dbba979525b703d664f2e325fe2e\"\r\n            type=\"image\/webp\"\r\n        >\r\n        <source\r\n            media=\"(min-width: 1025px)\"\r\n            srcset=\"https:\/\/nevro-production.b-cdn.net\/app\/uploads\/cache\/sites\/4\/2025\/03\/daisy.jpg\/becaf794bc63d521c263764c8170d768\"\r\n            type=\"image\/jpeg\"\r\n        >\r\n                <source\r\n            media=\"(max-width: 1024px)\"\r\n            srcset=\"\/app\/uploads\/cache\/sites\/4\/2025\/03\/daisy.jpg\/e31dc01fec0b3ba70256e3b20bbf0e87\"\r\n            type=\"image\/webp\"\r\n        >\r\n        <source\r\n            media=\"(max-width: 1024px)\"\r\n            srcset=\"https:\/\/nevro-production.b-cdn.net\/app\/uploads\/cache\/sites\/4\/2025\/03\/daisy.jpg\/1207dbdfe8cc3898c5244ee24c9b65ac\"\r\n            type=\"image\/jpeg\"\r\n        >\r\n        <img decoding=\"async\"\r\n            sizes=\"auto, (max-width: 1024px) 1024px,\r\n                    (max-width: 768px) 768px\"\r\n\r\n            class=\"block h-auto w-full\"\r\n\r\n            srcset=\"https:\/\/nevro-production.b-cdn.net\/app\/uploads\/cache\/sites\/4\/2025\/03\/daisy.jpg\/becaf794bc63d521c263764c8170d768 1024w,\r\n                    https:\/\/nevro-production.b-cdn.net\/app\/uploads\/cache\/sites\/4\/2025\/03\/daisy.jpg\/1207dbdfe8cc3898c5244ee24c9b65ac 768w\"\r\n            src=\"https:\/\/nevro-production.b-cdn.net\/app\/uploads\/cache\/sites\/4\/2025\/03\/daisy.jpg\/1207dbdfe8cc3898c5244ee24c9b65ac\"\r\n            loading=\"lazy\"\r\n            alt=\"\"\r\n            width=\"1273\"\r\n            height=\"634\"\r\n        >\r\n    <\/picture>\r\n              <\/div>\r\n                      <\/div>\r\n          <div class=\"rf-col text bg-blue-navy\">\r\n                        <div class=\"rf-col-content\">\r\n              <div class=\"wysiwyg text-white\"><h3>\u201eMit HFX Cloud kann ich jederzeit sehen, wie es meinen Patienten geht.\u201c<\/h3>\n<p>MICHAEL YANG, MD<\/p>\n<\/div>\r\n                                        <\/div>\r\n          <\/div>\r\n        <\/div>\r\n      <\/div>\r\n      <\/div>\n\n<div class=\"rf-5050\">\r\n                  <div class=\"row-container w-full relative\">\r\n        <div class=\"rf-row md:max-w-[1360px] relative z-10 md:mx-auto flex-row-reverse  no-padding \">\r\n          <div class=\"rf-col image bg-white\">\r\n                                      <div class=\"image-container contain\">\r\n                                <picture class=\"\">\r\n                <source\r\n            media=\"(max-width: 1024px)\"\r\n            srcset=\"\"\r\n            type=\"image\/webp\"\r\n        >\r\n        <source\r\n            media=\"(max-width: 1024px)\"\r\n            srcset=\"https:\/\/nevro-production.b-cdn.net\/app\/uploads\/cache\/sites\/4\/2025\/03\/Nevroimagenew.png\/6940dd8cb84ecb17699d12cbfa7a7ec6\"\r\n            type=\"image\/jpeg\"\r\n        >\r\n        <img decoding=\"async\"\r\n            sizes=\"auto, (max-width: 1024px) 1024px,\r\n                    (max-width: 768px) 768px\"\r\n\r\n            class=\"\"\r\n\r\n            srcset=\"https:\/\/nevro-production.b-cdn.net\/app\/uploads\/cache\/sites\/4\/2025\/03\/Nevroimagenew.png\/49b07edb2484f34ac78aa8a66dcd0c35 1024w,\r\n                    https:\/\/nevro-production.b-cdn.net\/app\/uploads\/cache\/sites\/4\/2025\/03\/Nevroimagenew.png\/6940dd8cb84ecb17699d12cbfa7a7ec6 768w\"\r\n            src=\"https:\/\/nevro-production.b-cdn.net\/app\/uploads\/cache\/sites\/4\/2025\/03\/Nevroimagenew.png\/6940dd8cb84ecb17699d12cbfa7a7ec6\"\r\n            loading=\"lazy\"\r\n            alt=\"\"\r\n            width=\"577\"\r\n            height=\"395\"\r\n        >\r\n    <\/picture>\r\n              <\/div>\r\n                      <\/div>\r\n          <div class=\"rf-col text bg-white md:bg-transparent\">\r\n                        <div class=\"rf-col-content\">\r\n              <div class=\"wysiwyg \"><h2>Ein Team f\u00fcr eine koordinierte Versorgung<\/h2>\n<p>HFX Cloud erm\u00f6glicht die Erfassung vollst\u00e4ndiger und laufender historischer Daten zu jeder Patientin\/jedem Patienten. Ab der Testphase und \u00fcber die gesamte Lebensdauer des Implantats hinweg werden Daten erfasst und dann an Sie und Ihr Behandlungsteam weitergeleitet, um sicherzustellen, dass jede Patientin\/jeder Patient den bestm\u00f6glichen Support erh\u00e4lt.<\/p>\n<\/div>\r\n              <div class=\"cta-container\">\r\n                                              <\/div>\r\n            <\/div>\r\n          <\/div>\r\n        <\/div>\r\n        <div class=\"rf-row absolute w-full h-full top-0 left-0 max-md:hidden flex-row-reverse  no-padding \">\r\n          <div class=\"rf-col image bg-white\">\r\n          <\/div>\r\n          <div class=\"rf-col text bg-grey-light md:bg-white\">\r\n          <\/div>\r\n        <\/div>\r\n      <\/div>\r\n                <div class=\"row-container w-full relative\">\r\n        <div class=\"rf-row md:max-w-[1360px] relative z-10 md:mx-auto flex-row  no-padding \">\r\n          <div class=\"rf-col image bg-white\">\r\n                                      <div class=\"image-container contain\">\r\n                                <picture class=\"\">\r\n                <source\r\n            media=\"(min-width: 1025px)\"\r\n            srcset=\"https:\/\/nevro-production.b-cdn.net\/app\/uploads\/cache\/sites\/4\/2025\/03\/Long-term-Outcomes-Dashboard-629x586-1.jpg\/d1ba378835f3666b8950128cf84a7499\"\r\n            type=\"image\/webp\"\r\n        >\r\n        <source\r\n            media=\"(min-width: 1025px)\"\r\n            srcset=\"https:\/\/nevro-production.b-cdn.net\/app\/uploads\/cache\/sites\/4\/2025\/03\/Long-term-Outcomes-Dashboard-629x586-1.jpg\/2c374f2d72e4846e6c86f9201501ff02\"\r\n            type=\"image\/jpeg\"\r\n        >\r\n                <source\r\n            media=\"(max-width: 1024px)\"\r\n            srcset=\"\/app\/uploads\/cache\/sites\/4\/2025\/03\/Long-term-Outcomes-Dashboard-629x586-1.jpg\/9e5c36d01dbed6d81667650fbb2c69c0\"\r\n            type=\"image\/webp\"\r\n        >\r\n        <source\r\n            media=\"(max-width: 1024px)\"\r\n            srcset=\"https:\/\/nevro-production.b-cdn.net\/app\/uploads\/cache\/sites\/4\/2025\/03\/Long-term-Outcomes-Dashboard-629x586-1.jpg\/58a94937cafa313232507fd68f3324f2\"\r\n            type=\"image\/jpeg\"\r\n        >\r\n        <img decoding=\"async\"\r\n            sizes=\"auto, (max-width: 1024px) 1024px,\r\n                    (max-width: 768px) 768px\"\r\n\r\n            class=\"\"\r\n\r\n            srcset=\"https:\/\/nevro-production.b-cdn.net\/app\/uploads\/cache\/sites\/4\/2025\/03\/Long-term-Outcomes-Dashboard-629x586-1.jpg\/2c374f2d72e4846e6c86f9201501ff02 1024w,\r\n                    https:\/\/nevro-production.b-cdn.net\/app\/uploads\/cache\/sites\/4\/2025\/03\/Long-term-Outcomes-Dashboard-629x586-1.jpg\/58a94937cafa313232507fd68f3324f2 768w\"\r\n            src=\"https:\/\/nevro-production.b-cdn.net\/app\/uploads\/cache\/sites\/4\/2025\/03\/Long-term-Outcomes-Dashboard-629x586-1.jpg\/58a94937cafa313232507fd68f3324f2\"\r\n            loading=\"lazy\"\r\n            alt=\"\"\r\n            width=\"629\"\r\n            height=\"586\"\r\n        >\r\n    <\/picture>\r\n              <\/div>\r\n                      <\/div>\r\n          <div class=\"rf-col text bg-white md:bg-transparent\">\r\n                        <div class=\"rf-col-content\">\r\n              <div class=\"wysiwyg \"><h2>Transparenz f\u00fcr Ihre SCS-Praxis<\/h2>\n<p>Aggregierte Ergebnisse einschlie\u00dflich Nachverfolgungsergebnisse und Wellenformdaten f\u00fcr eine verbesserte Transparenz und Vertrauen in den langfristigen Erfolg.<\/p>\n<\/div>\r\n              <div class=\"cta-container\">\r\n                                              <\/div>\r\n            <\/div>\r\n          <\/div>\r\n        <\/div>\r\n        <div class=\"rf-row absolute w-full h-full top-0 left-0 max-md:hidden flex-row  no-padding \">\r\n          <div class=\"rf-col image bg-white\">\r\n          <\/div>\r\n          <div class=\"rf-col text bg-grey-light md:bg-white\">\r\n          <\/div>\r\n        <\/div>\r\n      <\/div>\r\n      <\/div>","protected":false},"excerpt":{"rendered":"","protected":false},"author":1,"featured_media":0,"parent":14,"menu_order":0,"comment_status":"closed","ping_status":"closed","template":"","meta":{"_acf_changed":false,"footnotes":""},"class_list":["post-55","page","type-page","status-publish","hentry"],"acf":[],"yoast_head":"<!-- This site is optimized with the Yoast SEO plugin v26.7 - https:\/\/yoast.com\/wordpress\/plugins\/seo\/ -->\n<title>HFX-Dienstleistungen und Support - Deutsch<\/title>\n<meta name=\"robots\" content=\"index, follow, max-snippet:-1, max-image-preview:large, max-video-preview:-1\" \/>\n<link rel=\"canonical\" href=\"https:\/\/www.nevro.com\/de\/arzte\/patienten-support\/\" \/>\n<meta property=\"og:locale\" content=\"en_US\" \/>\n<meta property=\"og:type\" content=\"article\" \/>\n<meta property=\"og:title\" content=\"HFX-Dienstleistungen und Support - Deutsch\" \/>\n<meta property=\"og:url\" content=\"https:\/\/www.nevro.com\/de\/arzte\/patienten-support\/\" \/>\n<meta property=\"og:site_name\" content=\"Deutsch\" \/>\n<meta property=\"article:modified_time\" content=\"2025-03-24T22:02:47+00:00\" \/>\n<meta name=\"twitter:card\" content=\"summary_large_image\" \/>\n<script type=\"application\/ld+json\" class=\"yoast-schema-graph\">{\"@context\":\"https:\/\/schema.org\",\"@graph\":[{\"@type\":\"WebPage\",\"@id\":\"https:\/\/www.nevro.com\/de\/arzte\/patienten-support\/\",\"url\":\"https:\/\/www.nevro.com\/de\/arzte\/patienten-support\/\",\"name\":\"HFX-Dienstleistungen und Support - Deutsch\",\"isPartOf\":{\"@id\":\"https:\/\/www.nevro.com\/de\/#website\"},\"datePublished\":\"2025-03-14T20:15:11+00:00\",\"dateModified\":\"2025-03-24T22:02:47+00:00\",\"breadcrumb\":{\"@id\":\"https:\/\/www.nevro.com\/de\/arzte\/patienten-support\/#breadcrumb\"},\"inLanguage\":\"en-US\",\"potentialAction\":[{\"@type\":\"ReadAction\",\"target\":[\"https:\/\/www.nevro.com\/de\/arzte\/patienten-support\/\"]}]},{\"@type\":\"BreadcrumbList\",\"@id\":\"https:\/\/www.nevro.com\/de\/arzte\/patienten-support\/#breadcrumb\",\"itemListElement\":[{\"@type\":\"ListItem\",\"position\":1,\"name\":\"Home\",\"item\":\"https:\/\/www.nevro.com\/de\/\"},{\"@type\":\"ListItem\",\"position\":2,\"name\":\"\u00c4rzte\",\"item\":\"https:\/\/www.nevro.com\/de\/arzte\/\"},{\"@type\":\"ListItem\",\"position\":3,\"name\":\"HFX-Dienstleistungen und Support\"}]},{\"@type\":\"WebSite\",\"@id\":\"https:\/\/www.nevro.com\/de\/#website\",\"url\":\"https:\/\/www.nevro.com\/de\/\",\"name\":\"Deutsch\",\"description\":\"\",\"potentialAction\":[{\"@type\":\"SearchAction\",\"target\":{\"@type\":\"EntryPoint\",\"urlTemplate\":\"https:\/\/www.nevro.com\/de\/?s={search_term_string}\"},\"query-input\":{\"@type\":\"PropertyValueSpecification\",\"valueRequired\":true,\"valueName\":\"search_term_string\"}}],\"inLanguage\":\"en-US\"}]}<\/script>\n<!-- \/ Yoast SEO plugin. -->","yoast_head_json":{"title":"HFX-Dienstleistungen und Support - Deutsch","robots":{"index":"index","follow":"follow","max-snippet":"max-snippet:-1","max-image-preview":"max-image-preview:large","max-video-preview":"max-video-preview:-1"},"canonical":"https:\/\/www.nevro.com\/de\/arzte\/patienten-support\/","og_locale":"en_US","og_type":"article","og_title":"HFX-Dienstleistungen und Support - Deutsch","og_url":"https:\/\/www.nevro.com\/de\/arzte\/patienten-support\/","og_site_name":"Deutsch","article_modified_time":"2025-03-24T22:02:47+00:00","twitter_card":"summary_large_image","schema":{"@context":"https:\/\/schema.org","@graph":[{"@type":"WebPage","@id":"https:\/\/www.nevro.com\/de\/arzte\/patienten-support\/","url":"https:\/\/www.nevro.com\/de\/arzte\/patienten-support\/","name":"HFX-Dienstleistungen und Support - Deutsch","isPartOf":{"@id":"https:\/\/www.nevro.com\/de\/#website"},"datePublished":"2025-03-14T20:15:11+00:00","dateModified":"2025-03-24T22:02:47+00:00","breadcrumb":{"@id":"https:\/\/www.nevro.com\/de\/arzte\/patienten-support\/#breadcrumb"},"inLanguage":"en-US","potentialAction":[{"@type":"ReadAction","target":["https:\/\/www.nevro.com\/de\/arzte\/patienten-support\/"]}]},{"@type":"BreadcrumbList","@id":"https:\/\/www.nevro.com\/de\/arzte\/patienten-support\/#breadcrumb","itemListElement":[{"@type":"ListItem","position":1,"name":"Home","item":"https:\/\/www.nevro.com\/de\/"},{"@type":"ListItem","position":2,"name":"\u00c4rzte","item":"https:\/\/www.nevro.com\/de\/arzte\/"},{"@type":"ListItem","position":3,"name":"HFX-Dienstleistungen und Support"}]},{"@type":"WebSite","@id":"https:\/\/www.nevro.com\/de\/#website","url":"https:\/\/www.nevro.com\/de\/","name":"Deutsch","description":"","potentialAction":[{"@type":"SearchAction","target":{"@type":"EntryPoint","urlTemplate":"https:\/\/www.nevro.com\/de\/?s={search_term_string}"},"query-input":{"@type":"PropertyValueSpecification","valueRequired":true,"valueName":"search_term_string"}}],"inLanguage":"en-US"}]}},"_links":{"self":[{"href":"https:\/\/www.nevro.com\/de\/wp-json\/wp\/v2\/pages\/55","targetHints":{"allow":["GET"]}}],"collection":[{"href":"https:\/\/www.nevro.com\/de\/wp-json\/wp\/v2\/pages"}],"about":[{"href":"https:\/\/www.nevro.com\/de\/wp-json\/wp\/v2\/types\/page"}],"author":[{"embeddable":true,"href":"https:\/\/www.nevro.com\/de\/wp-json\/wp\/v2\/users\/1"}],"replies":[{"embeddable":true,"href":"https:\/\/www.nevro.com\/de\/wp-json\/wp\/v2\/comments?post=55"}],"version-history":[{"count":10,"href":"https:\/\/www.nevro.com\/de\/wp-json\/wp\/v2\/pages\/55\/revisions"}],"predecessor-version":[{"id":664,"href":"https:\/\/www.nevro.com\/de\/wp-json\/wp\/v2\/pages\/55\/revisions\/664"}],"up":[{"embeddable":true,"href":"https:\/\/www.nevro.com\/de\/wp-json\/wp\/v2\/pages\/14"}],"wp:attachment":[{"href":"https:\/\/www.nevro.com\/de\/wp-json\/wp\/v2\/media?parent=55"}],"curies":[{"name":"wp","href":"https:\/\/api.w.org\/{rel}","templated":true}]}}