{"id":8,"date":"2025-03-07T22:38:54","date_gmt":"2025-03-07T22:38:54","guid":{"rendered":"https:\/\/www.nevro-local.com\/de\/?page_id=8"},"modified":"2025-03-24T20:26:26","modified_gmt":"2025-03-24T20:26:26","slug":"sicherheit","status":"publish","type":"page","link":"https:\/\/www.nevro.com\/de\/sicherheit\/","title":{"rendered":"Sicherheit"},"content":{"rendered":"<div class=\"hero no-image headline \">\r\n    \r\n    <div class=\"text-container justify-center\">\r\n        <div class=\"content text-center items-center \">\r\n              <h1 class=\"\r\n          text-blue-dark\r\n                                      block\r\n                      \">Sicherheit<\/h1>\r\n             \r\n                <\/div>\r\n  <\/div>\r\n<\/div>\n\n<div class=\"accordion\">\r\n      <div class=\"container\">\r\n      <div class=\"accordion-col\">\r\n                  <div class=\"accordion-row\">\r\n                          <a href=\"#\" class=\"title\">\r\n                <h5>Wichtige Sicherheitsinformationen<\/h5>\r\n                <div class=\"icon\"><\/div>\r\n              <\/a>\r\n              <div class=\"expand\">\r\n                                  <div class=\"wysiwyg\"><p>HFX wird vom Senza-R\u00fcckenmarkstimulationssystem verabreicht. Alle auf dieser Website erw\u00e4hnten Produkte, einschlie\u00dflich des Implantats, der Elektroden und des Patientenzubeh\u00f6rs, sind Teile des Senza-Systems.<\/p>\n<\/div>\r\n                                              <\/div>\r\n                      <\/div>\r\n                  <div class=\"accordion-row\">\r\n                          <a href=\"#\" class=\"title\">\r\n                <h5>Wann kommt das Senza-System zur Anwendung?<\/h5>\r\n                <div class=\"icon\"><\/div>\r\n              <\/a>\r\n              <div class=\"expand\">\r\n                                  <div class=\"wysiwyg\"><p>Die Senza-, Senza II- und Senza Omnia-Neuromodulationssysteme dienen der Unterst\u00fctzung der Behandlung chronischer, therapierefrakt\u00e4rer Schmerzen des Rumpfes und\/oder der Gliedma\u00dfen, einschlie\u00dflich einseitiger oder beidseitiger Schmerzen in Verbindung mit Folgendem:<\/p>\n<ol class=\"list list--ordered\">\n<li>Postdiskektomiesyndrom (Failed Back Surgery Syndrome)<\/li>\n<li>therapierefrakt\u00e4re (hartn\u00e4ckige) Schmerzen im unteren R\u00fccken<\/li>\n<li>Schmerzen im oberen R\u00fccken<\/li>\n<li>Beinschmerzen<\/li>\n<li>Schmerzen in den oberen Gliedma\u00dfen und Nackenschmerzen<\/li>\n<\/ol>\n<p class=\"uppercase\">Befolgen Sie Die Gebrauchsanweisung. Bei Anhaltenden Symptomen Bitte Den Zust\u00e4ndigen Arzt\/die Zust\u00e4ndige Medizinische Fachkraft Konsultieren.<\/p>\n<\/div>\r\n                                              <\/div>\r\n                      <\/div>\r\n                  <div class=\"accordion-row\">\r\n                          <a href=\"#\" class=\"title\">\r\n                <h5>In welchen F\u00e4llen darf die 10-kHz Therapie nicht verwendet werden?<\/h5>\r\n                <div class=\"icon\"><\/div>\r\n              <\/a>\r\n              <div class=\"expand\">\r\n                                  <div class=\"wysiwyg\"><p>Bei Patienten, die w\u00e4hrend einer Teststimulation keine wirksame Schmerzlinderung erfahren haben oder die keine guten Kandidaten f\u00fcr einen chirurgischen Eingriff sind.<\/p>\n<p>In Verbindung mit Kurzwellen-, Mikrowellen- und\/oder therapeutischer Ultraschall-Diathermie.<\/p>\n<p>Nebenwirkungen oder Risiken des Senza-Systems:<\/p>\n<p>Das Senza-System hat ein sehr \u00e4hnliches Sicherheitsprofil wie andere SCS-Produkte, die seit vielen Jahren verf\u00fcgbar sind.<\/p>\n<p>Das Implantat wird in einem chirurgischen Verfahren unter der Haut implantiert. Dadurch kann es zu chirurgischen Komplikationen kommen. Wie bei \u00e4hnlichen chirurgischen Verfahren k\u00f6nnen die Komplikationen Folgendes umfassen: Infektion, Schmerzen an der Eingriffsstelle, Blutung und in extrem seltenen F\u00e4llen L\u00e4hmung oder den Tod.<\/p>\n<p>Es ist auch m\u00f6glich, dass es bei Ihnen nach der Implantation des Produkts zu Komplikationen kommt, darunter: Infektion, Wegfall der Schmerzlinderung, Elektrodenwanderung, Allergie und Schmerzen\/unangenehme Stimulation aufgrund von Elektrodenwanderung. Diese Komplikationen k\u00f6nnen das Ersetzen der Elektroden, korrigierende chirurgische Eingriffe oder das Entfernen des Produkts zur Folge haben.<\/p>\n<p>Bitte sehen Sie das Patientenhandbuch im Hinblick auf wichtige Sicherheitsinformationen und ausf\u00fchrliche MRT-Informationen ein. Besprechen Sie au\u00dferdem bitte die Vorteile und Risiken eines jeden Verfahrens mit Ihrem Arzt.<\/p>\n<p>Nicht alle Patienten reagieren auf eine R\u00fcckenmarkstimulation in der gleichen Weise und die Resultate k\u00f6nnen unterschiedlich ausfallen.<\/p>\n<\/div>\r\n                                              <\/div>\r\n                      <\/div>\r\n              <\/div>\r\n    <\/div>\r\n  <\/div>","protected":false},"excerpt":{"rendered":"","protected":false},"author":1,"featured_media":0,"parent":0,"menu_order":0,"comment_status":"closed","ping_status":"closed","template":"","meta":{"_acf_changed":false,"footnotes":""},"class_list":["post-8","page","type-page","status-publish","hentry"],"acf":[],"yoast_head":"<!-- This site is optimized with the Yoast SEO plugin v26.7 - https:\/\/yoast.com\/wordpress\/plugins\/seo\/ -->\n<title>Sicherheit - Deutsch<\/title>\n<meta name=\"robots\" content=\"index, follow, max-snippet:-1, max-image-preview:large, max-video-preview:-1\" \/>\n<link rel=\"canonical\" href=\"https:\/\/www.nevro.com\/de\/sicherheit\/\" \/>\n<meta property=\"og:locale\" content=\"en_US\" \/>\n<meta property=\"og:type\" content=\"article\" \/>\n<meta property=\"og:title\" content=\"Sicherheit - Deutsch\" \/>\n<meta property=\"og:url\" content=\"https:\/\/www.nevro.com\/de\/sicherheit\/\" \/>\n<meta property=\"og:site_name\" content=\"Deutsch\" \/>\n<meta property=\"article:modified_time\" content=\"2025-03-24T20:26:26+00:00\" \/>\n<meta name=\"twitter:card\" content=\"summary_large_image\" \/>\n<script type=\"application\/ld+json\" class=\"yoast-schema-graph\">{\"@context\":\"https:\/\/schema.org\",\"@graph\":[{\"@type\":\"WebPage\",\"@id\":\"https:\/\/www.nevro.com\/de\/sicherheit\/\",\"url\":\"https:\/\/www.nevro.com\/de\/sicherheit\/\",\"name\":\"Sicherheit - Deutsch\",\"isPartOf\":{\"@id\":\"https:\/\/www.nevro.com\/de\/#website\"},\"datePublished\":\"2025-03-07T22:38:54+00:00\",\"dateModified\":\"2025-03-24T20:26:26+00:00\",\"breadcrumb\":{\"@id\":\"https:\/\/www.nevro.com\/de\/sicherheit\/#breadcrumb\"},\"inLanguage\":\"en-US\",\"potentialAction\":[{\"@type\":\"ReadAction\",\"target\":[\"https:\/\/www.nevro.com\/de\/sicherheit\/\"]}]},{\"@type\":\"BreadcrumbList\",\"@id\":\"https:\/\/www.nevro.com\/de\/sicherheit\/#breadcrumb\",\"itemListElement\":[{\"@type\":\"ListItem\",\"position\":1,\"name\":\"Home\",\"item\":\"https:\/\/www.nevro.com\/de\/\"},{\"@type\":\"ListItem\",\"position\":2,\"name\":\"Sicherheit\"}]},{\"@type\":\"WebSite\",\"@id\":\"https:\/\/www.nevro.com\/de\/#website\",\"url\":\"https:\/\/www.nevro.com\/de\/\",\"name\":\"Deutsch\",\"description\":\"\",\"potentialAction\":[{\"@type\":\"SearchAction\",\"target\":{\"@type\":\"EntryPoint\",\"urlTemplate\":\"https:\/\/www.nevro.com\/de\/?s={search_term_string}\"},\"query-input\":{\"@type\":\"PropertyValueSpecification\",\"valueRequired\":true,\"valueName\":\"search_term_string\"}}],\"inLanguage\":\"en-US\"}]}<\/script>\n<!-- \/ Yoast SEO plugin. -->","yoast_head_json":{"title":"Sicherheit - Deutsch","robots":{"index":"index","follow":"follow","max-snippet":"max-snippet:-1","max-image-preview":"max-image-preview:large","max-video-preview":"max-video-preview:-1"},"canonical":"https:\/\/www.nevro.com\/de\/sicherheit\/","og_locale":"en_US","og_type":"article","og_title":"Sicherheit - Deutsch","og_url":"https:\/\/www.nevro.com\/de\/sicherheit\/","og_site_name":"Deutsch","article_modified_time":"2025-03-24T20:26:26+00:00","twitter_card":"summary_large_image","schema":{"@context":"https:\/\/schema.org","@graph":[{"@type":"WebPage","@id":"https:\/\/www.nevro.com\/de\/sicherheit\/","url":"https:\/\/www.nevro.com\/de\/sicherheit\/","name":"Sicherheit - Deutsch","isPartOf":{"@id":"https:\/\/www.nevro.com\/de\/#website"},"datePublished":"2025-03-07T22:38:54+00:00","dateModified":"2025-03-24T20:26:26+00:00","breadcrumb":{"@id":"https:\/\/www.nevro.com\/de\/sicherheit\/#breadcrumb"},"inLanguage":"en-US","potentialAction":[{"@type":"ReadAction","target":["https:\/\/www.nevro.com\/de\/sicherheit\/"]}]},{"@type":"BreadcrumbList","@id":"https:\/\/www.nevro.com\/de\/sicherheit\/#breadcrumb","itemListElement":[{"@type":"ListItem","position":1,"name":"Home","item":"https:\/\/www.nevro.com\/de\/"},{"@type":"ListItem","position":2,"name":"Sicherheit"}]},{"@type":"WebSite","@id":"https:\/\/www.nevro.com\/de\/#website","url":"https:\/\/www.nevro.com\/de\/","name":"Deutsch","description":"","potentialAction":[{"@type":"SearchAction","target":{"@type":"EntryPoint","urlTemplate":"https:\/\/www.nevro.com\/de\/?s={search_term_string}"},"query-input":{"@type":"PropertyValueSpecification","valueRequired":true,"valueName":"search_term_string"}}],"inLanguage":"en-US"}]}},"_links":{"self":[{"href":"https:\/\/www.nevro.com\/de\/wp-json\/wp\/v2\/pages\/8","targetHints":{"allow":["GET"]}}],"collection":[{"href":"https:\/\/www.nevro.com\/de\/wp-json\/wp\/v2\/pages"}],"about":[{"href":"https:\/\/www.nevro.com\/de\/wp-json\/wp\/v2\/types\/page"}],"author":[{"embeddable":true,"href":"https:\/\/www.nevro.com\/de\/wp-json\/wp\/v2\/users\/1"}],"replies":[{"embeddable":true,"href":"https:\/\/www.nevro.com\/de\/wp-json\/wp\/v2\/comments?post=8"}],"version-history":[{"count":10,"href":"https:\/\/www.nevro.com\/de\/wp-json\/wp\/v2\/pages\/8\/revisions"}],"predecessor-version":[{"id":605,"href":"https:\/\/www.nevro.com\/de\/wp-json\/wp\/v2\/pages\/8\/revisions\/605"}],"wp:attachment":[{"href":"https:\/\/www.nevro.com\/de\/wp-json\/wp\/v2\/media?parent=8"}],"curies":[{"name":"wp","href":"https:\/\/api.w.org\/{rel}","templated":true}]}}