{"id":9,"date":"2025-03-07T22:35:26","date_gmt":"2025-03-07T22:35:26","guid":{"rendered":"https:\/\/www.nevro-local.com\/de\/?page_id=9"},"modified":"2025-05-23T19:25:57","modified_gmt":"2025-05-23T19:25:57","slug":"uber-uns","status":"publish","type":"page","link":"https:\/\/www.nevro.com\/de\/uber-uns\/","title":{"rendered":"\u00dcber uns"},"content":{"rendered":"<div class=\"hero image headline \">\r\n      <div class=\"image-container \">\r\n      \r\n      <picture class=\" \">\r\n                <source\r\n            media=\"(min-width: 1025px)\"\r\n            srcset=\"https:\/\/nevro-production.b-cdn.net\/app\/uploads\/cache\/sites\/4\/2025\/03\/AboutOverview-Banner-1920x450-1.jpg\/461cb0ac3f317660f02a07d8cb54e653\"\r\n            type=\"image\/webp\"\r\n        >\r\n        <source\r\n            media=\"(min-width: 1025px)\"\r\n            srcset=\"https:\/\/nevro-production.b-cdn.net\/app\/uploads\/cache\/sites\/4\/2025\/03\/AboutOverview-Banner-1920x450-1.jpg\/baf96769155666fc09db0b7829f610bd\"\r\n            type=\"image\/jpeg\"\r\n        >\r\n                <source\r\n            media=\"(max-width: 1024px)\"\r\n            srcset=\"\/app\/uploads\/cache\/sites\/4\/2025\/03\/AboutOverview-Banner-1920x450-1.jpg\/87a673d42b1a9a39e7ba5b072c62dcf4\"\r\n            type=\"image\/webp\"\r\n        >\r\n        <source\r\n            media=\"(max-width: 1024px)\"\r\n            srcset=\"https:\/\/nevro-production.b-cdn.net\/app\/uploads\/cache\/sites\/4\/2025\/03\/AboutOverview-Banner-1920x450-1.jpg\/2fbbd250a590b755445cadc38fffa36a\"\r\n            type=\"image\/jpeg\"\r\n        >\r\n        <img decoding=\"async\"\r\n            sizes=\"auto, (max-width: 1024px) 1024px,\r\n                    (max-width: 768px) 768px\"\r\n\r\n            class=\" \"\r\n\r\n            srcset=\"https:\/\/nevro-production.b-cdn.net\/app\/uploads\/cache\/sites\/4\/2025\/03\/AboutOverview-Banner-1920x450-1.jpg\/baf96769155666fc09db0b7829f610bd 1024w,\r\n                    https:\/\/nevro-production.b-cdn.net\/app\/uploads\/cache\/sites\/4\/2025\/03\/AboutOverview-Banner-1920x450-1.jpg\/2fbbd250a590b755445cadc38fffa36a 768w\"\r\n            src=\"https:\/\/nevro-production.b-cdn.net\/app\/uploads\/cache\/sites\/4\/2025\/03\/AboutOverview-Banner-1920x450-1.jpg\/2fbbd250a590b755445cadc38fffa36a\"\r\n            loading=\"lazy\"\r\n            alt=\"\"\r\n            width=\"1920\"\r\n            height=\"482\"\r\n        >\r\n    <\/picture>\r\n                <\/div>\r\n    \r\n    <div class=\"text-container justify-start\">\r\n        <div class=\"content text-left items-start \">\r\n              <h1 class=\"\r\n          text-white\r\n                                      block\r\n                      \">Wir glauben, dass echte Innovation das Leben von mehr Menschen ver\u00e4ndert<\/h1>\r\n             \r\n                <\/div>\r\n  <\/div>\r\n<\/div>\n\n<div class=\"rf-4060\">\r\n                  <div class=\"rf-container none\">\r\n        <div class=\"rf-row flex-row   image-60   no-padding \">\r\n          <div class=\"rf-col image bg-white\">\r\n                                      <div class=\"image-container contain\">\r\n                <picture class=\"block h-auto w-full\">\r\n                <source\r\n            media=\"(min-width: 1025px)\"\r\n            srcset=\"https:\/\/nevro-production.b-cdn.net\/app\/uploads\/cache\/sites\/4\/2025\/03\/who-we-are.jpg\/d070a189cda11e4797d56266923ed327\"\r\n            type=\"image\/webp\"\r\n        >\r\n        <source\r\n            media=\"(min-width: 1025px)\"\r\n            srcset=\"https:\/\/nevro-production.b-cdn.net\/app\/uploads\/cache\/sites\/4\/2025\/03\/who-we-are.jpg\/d14c2623bb68f3b3ef144b27012f8c0f\"\r\n            type=\"image\/jpeg\"\r\n        >\r\n                <source\r\n            media=\"(max-width: 1024px)\"\r\n            srcset=\"\/app\/uploads\/cache\/sites\/4\/2025\/03\/who-we-are.jpg\/b2ad953d3202c74ed68639424ad16f71\"\r\n            type=\"image\/webp\"\r\n        >\r\n        <source\r\n            media=\"(max-width: 1024px)\"\r\n            srcset=\"https:\/\/nevro-production.b-cdn.net\/app\/uploads\/cache\/sites\/4\/2025\/03\/who-we-are.jpg\/74dc01b32fa300270382e4d9ff56b992\"\r\n            type=\"image\/jpeg\"\r\n        >\r\n        <img decoding=\"async\"\r\n            sizes=\"auto, (max-width: 1024px) 1024px,\r\n                    (max-width: 768px) 768px\"\r\n\r\n            class=\"block h-auto w-full\"\r\n\r\n            srcset=\"https:\/\/nevro-production.b-cdn.net\/app\/uploads\/cache\/sites\/4\/2025\/03\/who-we-are.jpg\/d14c2623bb68f3b3ef144b27012f8c0f 1024w,\r\n                    https:\/\/nevro-production.b-cdn.net\/app\/uploads\/cache\/sites\/4\/2025\/03\/who-we-are.jpg\/74dc01b32fa300270382e4d9ff56b992 768w\"\r\n            src=\"https:\/\/nevro-production.b-cdn.net\/app\/uploads\/cache\/sites\/4\/2025\/03\/who-we-are.jpg\/74dc01b32fa300270382e4d9ff56b992\"\r\n            loading=\"lazy\"\r\n            alt=\"\"\r\n            width=\"748\"\r\n            height=\"549\"\r\n        >\r\n    <\/picture>\r\n              <\/div>\r\n                      <\/div>\r\n          <div class=\"rf-col text bg-white\">\r\n                        <div class=\"rf-col-content\">\r\n              <div class=\"wysiwyg \"><h2>Wer wir sind<\/h2>\n<p>Nevro ist ein Medizinprodukteunternehmen und der Erfinder von HFX, einer innovativen, evidenzbasierten Behandlung f\u00fcr chronische Schmerzen des Rumpfes und\/oder der Gliedma\u00dfen.<\/p>\n<p>Das im kalifornischen Redwood City ans\u00e4ssige Unternehmen hat ein einfaches Ziel: mehr Patienten, die an solchen chronischen Schmerzen leiden, nachhaltige Schmerzlinderung zu verschaffen.<\/p>\n<\/div>\r\n                                        <\/div>\r\n          <\/div>\r\n        <\/div>\r\n      <\/div>\r\n                <div class=\"rf-container bg-grey-light\">\r\n        <div class=\"rf-row flex-row-reverse   image-60   no-padding \">\r\n          <div class=\"rf-col image bg-grey-light\">\r\n                                      <div class=\"image-container contain\">\r\n                <picture class=\"block h-auto w-full\">\r\n                <source\r\n            media=\"(min-width: 1025px)\"\r\n            srcset=\"https:\/\/nevro-production.b-cdn.net\/app\/uploads\/cache\/sites\/4\/2025\/03\/neveroofficeimage.jpg\/ee3146f26ee6ecc7fa68cacca3b0d869\"\r\n            type=\"image\/webp\"\r\n        >\r\n        <source\r\n            media=\"(min-width: 1025px)\"\r\n            srcset=\"https:\/\/nevro-production.b-cdn.net\/app\/uploads\/cache\/sites\/4\/2025\/03\/neveroofficeimage.jpg\/4243d2204294bccafb261f8306c9b653\"\r\n            type=\"image\/jpeg\"\r\n        >\r\n                <source\r\n            media=\"(max-width: 1024px)\"\r\n            srcset=\"\/app\/uploads\/cache\/sites\/4\/2025\/03\/neveroofficeimage.jpg\/26bc9ead200029d8a09fdcadc13ea9b1\"\r\n            type=\"image\/webp\"\r\n        >\r\n        <source\r\n            media=\"(max-width: 1024px)\"\r\n            srcset=\"https:\/\/nevro-production.b-cdn.net\/app\/uploads\/cache\/sites\/4\/2025\/03\/neveroofficeimage.jpg\/151b72412d0e3a7e30fa3bd0ba5cf69f\"\r\n            type=\"image\/jpeg\"\r\n        >\r\n        <img decoding=\"async\"\r\n            sizes=\"auto, (max-width: 1024px) 1024px,\r\n                    (max-width: 768px) 768px\"\r\n\r\n            class=\"block h-auto w-full\"\r\n\r\n            srcset=\"https:\/\/nevro-production.b-cdn.net\/app\/uploads\/cache\/sites\/4\/2025\/03\/neveroofficeimage.jpg\/4243d2204294bccafb261f8306c9b653 1024w,\r\n                    https:\/\/nevro-production.b-cdn.net\/app\/uploads\/cache\/sites\/4\/2025\/03\/neveroofficeimage.jpg\/151b72412d0e3a7e30fa3bd0ba5cf69f 768w\"\r\n            src=\"https:\/\/nevro-production.b-cdn.net\/app\/uploads\/cache\/sites\/4\/2025\/03\/neveroofficeimage.jpg\/151b72412d0e3a7e30fa3bd0ba5cf69f\"\r\n            loading=\"lazy\"\r\n            alt=\"\"\r\n            width=\"748\"\r\n            height=\"549\"\r\n        >\r\n    <\/picture>\r\n              <\/div>\r\n                      <\/div>\r\n          <div class=\"rf-col text bg-grey-light\">\r\n                        <div class=\"rf-col-content\">\r\n              <div class=\"wysiwyg \"><p>Die herk\u00f6mmliche R\u00fcckenmarkstimulation (Spinal Cord Stimulation, SCS) gibt es zwar seit mehr als 30\u00a0Jahren. Nevro hat aber mit einer innovativen Weiterentwicklung, der sogenannten 10-kHz Therapie, einen Durchbruch erreicht, da sie den Patienten signifikante Schmerzlinderung ohne Par\u00e4sthesie bietet.<\/p>\n<\/div>\r\n                                        <\/div>\r\n          <\/div>\r\n        <\/div>\r\n      <\/div>\r\n                <div class=\"rf-container none\">\r\n        <div class=\"rf-row flex-row   image-60   no-padding \">\r\n          <div class=\"rf-col image bg-white\">\r\n                                      <div class=\"image-container contain\">\r\n                <picture class=\"block h-auto w-full\">\r\n                <source\r\n            media=\"(min-width: 1025px)\"\r\n            srcset=\"https:\/\/nevro-production.b-cdn.net\/app\/uploads\/cache\/sites\/4\/2025\/03\/about-3.jpg\/d9b71f0ce4da42cb028b424f18725584\"\r\n            type=\"image\/webp\"\r\n        >\r\n        <source\r\n            media=\"(min-width: 1025px)\"\r\n            srcset=\"https:\/\/nevro-production.b-cdn.net\/app\/uploads\/cache\/sites\/4\/2025\/03\/about-3.jpg\/a8637ee3e9da25dcc8cc66d6b36dc02c\"\r\n            type=\"image\/jpeg\"\r\n        >\r\n                <source\r\n            media=\"(max-width: 1024px)\"\r\n            srcset=\"\/app\/uploads\/cache\/sites\/4\/2025\/03\/about-3.jpg\/2f359326292bb10f7bf3664e4d7da371\"\r\n            type=\"image\/webp\"\r\n        >\r\n        <source\r\n            media=\"(max-width: 1024px)\"\r\n            srcset=\"https:\/\/nevro-production.b-cdn.net\/app\/uploads\/cache\/sites\/4\/2025\/03\/about-3.jpg\/2609bb70445cc60a49070bf61d4fda69\"\r\n            type=\"image\/jpeg\"\r\n        >\r\n        <img decoding=\"async\"\r\n            sizes=\"auto, (max-width: 1024px) 1024px,\r\n                    (max-width: 768px) 768px\"\r\n\r\n            class=\"block h-auto w-full\"\r\n\r\n            srcset=\"https:\/\/nevro-production.b-cdn.net\/app\/uploads\/cache\/sites\/4\/2025\/03\/about-3.jpg\/a8637ee3e9da25dcc8cc66d6b36dc02c 1024w,\r\n                    https:\/\/nevro-production.b-cdn.net\/app\/uploads\/cache\/sites\/4\/2025\/03\/about-3.jpg\/2609bb70445cc60a49070bf61d4fda69 768w\"\r\n            src=\"https:\/\/nevro-production.b-cdn.net\/app\/uploads\/cache\/sites\/4\/2025\/03\/about-3.jpg\/2609bb70445cc60a49070bf61d4fda69\"\r\n            loading=\"lazy\"\r\n            alt=\"\"\r\n            width=\"748\"\r\n            height=\"549\"\r\n        >\r\n    <\/picture>\r\n              <\/div>\r\n                      <\/div>\r\n          <div class=\"rf-col text bg-white\">\r\n                        <div class=\"rf-col-content\">\r\n              <div class=\"wysiwyg \"><p>Das Nevro<sup>\u00ae<\/sup>\u00a0Senza<sup>\u00ae<\/sup>\u00a0SCS-System f\u00fcr die 10 kHz Therapie erhielt im Jahr 2010 die CE-Kennzeichnung und im Jahr 2015 die FDA-Zulassung und ist in Europa, Australien, und den Vereinigten Staaten erh\u00e4ltlich. Weltweit genie\u00dfen zehntausende von Patienten dank Produkten von Nevro mehr Freiheit und eine Verbesserung ihres t\u00e4glichen Lebens.<\/p>\n<p>In Europa sind unsere SCS-Systeme f\u00fcr die Abgabe von 2-1.200 Hz &amp; 10.000Hz sowie die meisten Wellenformen in einem einzigen Produkt zugelassen. Dadurch soll Patienten zu einer langfristigen Schmerzlinderung verholfen werden.<\/p>\n<\/div>\r\n                                        <\/div>\r\n          <\/div>\r\n        <\/div>\r\n      <\/div>\r\n      <\/div>\n\n<div class=\"rf-3070\">\r\n                  <div class=\"rf-container none\">\r\n        <div class=\"rf-row flex-row   image-70   no-padding \">\r\n          <div class=\"rf-col image bg-bg-blue-light\">\r\n                                <\/div>\r\n          <div class=\"rf-col text bg-bg-blue-light\">\r\n                        <div class=\"rf-col-content\">\r\n              <div class=\"wysiwyg \"><\/div>\r\n                                        <\/div>\r\n          <\/div>\r\n        <\/div>\r\n      <\/div>\r\n      <\/div>\n\n<div class=\"bckt  bg-grey-light \">\r\n  <div class=\"container\">\r\n            <div class=\"flex flex-col md:flex-row md:flex-wrap justify-center\">\r\n      \r\n                        \r\n          <div class=\"bckt-col\">\r\n                          <div class=\"image-container\">\r\n                <picture class=\"h-[80px] w-auto\">\r\n                <source\r\n            media=\"(max-width: 1024px)\"\r\n            srcset=\"\"\r\n            type=\"image\/webp\"\r\n        >\r\n        <source\r\n            media=\"(max-width: 1024px)\"\r\n            srcset=\"https:\/\/nevro-production.b-cdn.net\/app\/uploads\/cache\/sites\/4\/2025\/03\/leadership.png\/df9d68783254ce9d93deae35327060af\"\r\n            type=\"image\/jpeg\"\r\n        >\r\n        <img decoding=\"async\"\r\n            sizes=\"auto, (max-width: 1024px) 1024px,\r\n                    (max-width: 768px) 768px\"\r\n\r\n            class=\"h-[80px] w-auto\"\r\n\r\n            srcset=\"https:\/\/nevro-production.b-cdn.net\/app\/uploads\/cache\/sites\/4\/2025\/03\/leadership.png\/2dcf4a0488435ec1a474c78eccb59054 1024w,\r\n                    https:\/\/nevro-production.b-cdn.net\/app\/uploads\/cache\/sites\/4\/2025\/03\/leadership.png\/df9d68783254ce9d93deae35327060af 768w\"\r\n            src=\"https:\/\/nevro-production.b-cdn.net\/app\/uploads\/cache\/sites\/4\/2025\/03\/leadership.png\/df9d68783254ce9d93deae35327060af\"\r\n            loading=\"lazy\"\r\n            alt=\"\"\r\n            width=\"auto\"\r\n            height=\"80px\"\r\n        >\r\n    <\/picture>\r\n              <\/div>\r\n                        <div class=\"text-container\">\r\n                              <h5>F\u00fchrungsteam<\/h5>\r\n                                                          <div class=\"link-container\">\r\n                  <a href=\"https:\/\/www.globusmedical.com\/about\/management-team\/\" target=\"\">Lernen Sie Das Team Kennen<\/a>\r\n                <\/div>\r\n                          <\/div>\r\n          <\/div>\r\n                                \r\n          <div class=\"bckt-col\">\r\n                          <div class=\"image-container\">\r\n                <picture class=\"h-[80px] w-auto\">\r\n                <source\r\n            media=\"(max-width: 1024px)\"\r\n            srcset=\"\"\r\n            type=\"image\/webp\"\r\n        >\r\n        <source\r\n            media=\"(max-width: 1024px)\"\r\n            srcset=\"https:\/\/nevro-production.b-cdn.net\/app\/uploads\/cache\/sites\/4\/2025\/03\/contactus.png\/e5eecbde4a26333291609e4b74eb841a\"\r\n            type=\"image\/jpeg\"\r\n        >\r\n        <img decoding=\"async\"\r\n            sizes=\"auto, (max-width: 1024px) 1024px,\r\n                    (max-width: 768px) 768px\"\r\n\r\n            class=\"h-[80px] w-auto\"\r\n\r\n            srcset=\"https:\/\/nevro-production.b-cdn.net\/app\/uploads\/cache\/sites\/4\/2025\/03\/contactus.png\/a5a77d68ea758f2db79f5f93cd3bcb9d 1024w,\r\n                    https:\/\/nevro-production.b-cdn.net\/app\/uploads\/cache\/sites\/4\/2025\/03\/contactus.png\/e5eecbde4a26333291609e4b74eb841a 768w\"\r\n            src=\"https:\/\/nevro-production.b-cdn.net\/app\/uploads\/cache\/sites\/4\/2025\/03\/contactus.png\/e5eecbde4a26333291609e4b74eb841a\"\r\n            loading=\"lazy\"\r\n            alt=\"\"\r\n            width=\"auto\"\r\n            height=\"80px\"\r\n        >\r\n    <\/picture>\r\n              <\/div>\r\n                        <div class=\"text-container\">\r\n                              <h5>Kontakt<\/h5>\r\n                                                          <div class=\"link-container\">\r\n                  <a href=\"https:\/\/www.nevro.com\/de\/uber-uns\/kontakt\/\" target=\"\">Kontaktieren Sie Uns<\/a>\r\n                <\/div>\r\n                          <\/div>\r\n          <\/div>\r\n                  <\/div>\r\n          <\/div>\r\n<\/div>","protected":false},"excerpt":{"rendered":"","protected":false},"author":1,"featured_media":0,"parent":0,"menu_order":0,"comment_status":"closed","ping_status":"closed","template":"","meta":{"_acf_changed":false,"footnotes":""},"class_list":["post-9","page","type-page","status-publish","hentry"],"acf":[],"yoast_head":"<!-- This site is optimized with the Yoast SEO plugin v26.7 - https:\/\/yoast.com\/wordpress\/plugins\/seo\/ -->\n<title>\u00dcber uns - Deutsch<\/title>\n<meta name=\"robots\" content=\"index, follow, max-snippet:-1, max-image-preview:large, max-video-preview:-1\" \/>\n<link rel=\"canonical\" href=\"https:\/\/www.nevro.com\/de\/uber-uns\/\" \/>\n<meta property=\"og:locale\" content=\"en_US\" \/>\n<meta property=\"og:type\" content=\"article\" \/>\n<meta property=\"og:title\" content=\"\u00dcber uns - Deutsch\" \/>\n<meta property=\"og:url\" content=\"https:\/\/www.nevro.com\/de\/uber-uns\/\" \/>\n<meta property=\"og:site_name\" content=\"Deutsch\" \/>\n<meta property=\"article:modified_time\" content=\"2025-05-23T19:25:57+00:00\" \/>\n<meta name=\"twitter:card\" content=\"summary_large_image\" \/>\n<script type=\"application\/ld+json\" class=\"yoast-schema-graph\">{\"@context\":\"https:\/\/schema.org\",\"@graph\":[{\"@type\":\"WebPage\",\"@id\":\"https:\/\/www.nevro.com\/de\/uber-uns\/\",\"url\":\"https:\/\/www.nevro.com\/de\/uber-uns\/\",\"name\":\"\u00dcber uns - Deutsch\",\"isPartOf\":{\"@id\":\"https:\/\/www.nevro.com\/de\/#website\"},\"datePublished\":\"2025-03-07T22:35:26+00:00\",\"dateModified\":\"2025-05-23T19:25:57+00:00\",\"breadcrumb\":{\"@id\":\"https:\/\/www.nevro.com\/de\/uber-uns\/#breadcrumb\"},\"inLanguage\":\"en-US\",\"potentialAction\":[{\"@type\":\"ReadAction\",\"target\":[\"https:\/\/www.nevro.com\/de\/uber-uns\/\"]}]},{\"@type\":\"BreadcrumbList\",\"@id\":\"https:\/\/www.nevro.com\/de\/uber-uns\/#breadcrumb\",\"itemListElement\":[{\"@type\":\"ListItem\",\"position\":1,\"name\":\"Home\",\"item\":\"https:\/\/www.nevro.com\/de\/\"},{\"@type\":\"ListItem\",\"position\":2,\"name\":\"\u00dcber uns\"}]},{\"@type\":\"WebSite\",\"@id\":\"https:\/\/www.nevro.com\/de\/#website\",\"url\":\"https:\/\/www.nevro.com\/de\/\",\"name\":\"Deutsch\",\"description\":\"\",\"potentialAction\":[{\"@type\":\"SearchAction\",\"target\":{\"@type\":\"EntryPoint\",\"urlTemplate\":\"https:\/\/www.nevro.com\/de\/?s={search_term_string}\"},\"query-input\":{\"@type\":\"PropertyValueSpecification\",\"valueRequired\":true,\"valueName\":\"search_term_string\"}}],\"inLanguage\":\"en-US\"}]}<\/script>\n<!-- \/ Yoast SEO plugin. -->","yoast_head_json":{"title":"\u00dcber uns - Deutsch","robots":{"index":"index","follow":"follow","max-snippet":"max-snippet:-1","max-image-preview":"max-image-preview:large","max-video-preview":"max-video-preview:-1"},"canonical":"https:\/\/www.nevro.com\/de\/uber-uns\/","og_locale":"en_US","og_type":"article","og_title":"\u00dcber uns - Deutsch","og_url":"https:\/\/www.nevro.com\/de\/uber-uns\/","og_site_name":"Deutsch","article_modified_time":"2025-05-23T19:25:57+00:00","twitter_card":"summary_large_image","schema":{"@context":"https:\/\/schema.org","@graph":[{"@type":"WebPage","@id":"https:\/\/www.nevro.com\/de\/uber-uns\/","url":"https:\/\/www.nevro.com\/de\/uber-uns\/","name":"\u00dcber uns - Deutsch","isPartOf":{"@id":"https:\/\/www.nevro.com\/de\/#website"},"datePublished":"2025-03-07T22:35:26+00:00","dateModified":"2025-05-23T19:25:57+00:00","breadcrumb":{"@id":"https:\/\/www.nevro.com\/de\/uber-uns\/#breadcrumb"},"inLanguage":"en-US","potentialAction":[{"@type":"ReadAction","target":["https:\/\/www.nevro.com\/de\/uber-uns\/"]}]},{"@type":"BreadcrumbList","@id":"https:\/\/www.nevro.com\/de\/uber-uns\/#breadcrumb","itemListElement":[{"@type":"ListItem","position":1,"name":"Home","item":"https:\/\/www.nevro.com\/de\/"},{"@type":"ListItem","position":2,"name":"\u00dcber uns"}]},{"@type":"WebSite","@id":"https:\/\/www.nevro.com\/de\/#website","url":"https:\/\/www.nevro.com\/de\/","name":"Deutsch","description":"","potentialAction":[{"@type":"SearchAction","target":{"@type":"EntryPoint","urlTemplate":"https:\/\/www.nevro.com\/de\/?s={search_term_string}"},"query-input":{"@type":"PropertyValueSpecification","valueRequired":true,"valueName":"search_term_string"}}],"inLanguage":"en-US"}]}},"_links":{"self":[{"href":"https:\/\/www.nevro.com\/de\/wp-json\/wp\/v2\/pages\/9","targetHints":{"allow":["GET"]}}],"collection":[{"href":"https:\/\/www.nevro.com\/de\/wp-json\/wp\/v2\/pages"}],"about":[{"href":"https:\/\/www.nevro.com\/de\/wp-json\/wp\/v2\/types\/page"}],"author":[{"embeddable":true,"href":"https:\/\/www.nevro.com\/de\/wp-json\/wp\/v2\/users\/1"}],"replies":[{"embeddable":true,"href":"https:\/\/www.nevro.com\/de\/wp-json\/wp\/v2\/comments?post=9"}],"version-history":[{"count":10,"href":"https:\/\/www.nevro.com\/de\/wp-json\/wp\/v2\/pages\/9\/revisions"}],"predecessor-version":[{"id":986,"href":"https:\/\/www.nevro.com\/de\/wp-json\/wp\/v2\/pages\/9\/revisions\/986"}],"wp:attachment":[{"href":"https:\/\/www.nevro.com\/de\/wp-json\/wp\/v2\/media?parent=9"}],"curies":[{"name":"wp","href":"https:\/\/api.w.org\/{rel}","templated":true}]}}