{"id":988,"date":"2025-05-26T21:33:51","date_gmt":"2025-05-26T21:33:51","guid":{"rendered":"https:\/\/www.nevro.com\/de\/?page_id=988"},"modified":"2025-05-27T19:09:37","modified_gmt":"2025-05-27T19:09:37","slug":"historical-product-manuals","status":"publish","type":"page","link":"https:\/\/www.nevro.com\/de\/arzte\/produkthandbucher\/historical-product-manuals\/","title":{"rendered":"Historical Product Manuals"},"content":{"rendered":"<div class=\"hero no-image headline \">\r\n    \r\n    <div class=\"text-container justify-center\">\r\n        <div class=\"content text-center items-center \">\r\n              <h1 class=\"\r\n          text-blue-dark\r\n                                      block\r\n              md:block\r\n              2xl:block\r\n                      \">Fr\u00fchere Produkthandb\u00fccher<\/h1>\r\n             \r\n                <\/div>\r\n  <\/div>\r\n<\/div>\n\n<div class=\"prdct-manuals\">\r\n    <div class=\"container\">\r\n                    <div class=\"text-above\">\r\n                <div class=\"wysiwyg\">\r\n                    <p>Diese Seite enth\u00e4lt fr\u00fchere (\u201ehistorische\u201c) Versionen der Produktliteratur f\u00fcr die Regionen EU und Vereinigtes K\u00f6nigreich. Bitte beachten Sie, dass es sich hierbei nicht um die neuesten Versionen der Handb\u00fccher handelt.\u00a0<a href=\"https:\/\/www.nevro.com\/de\/arzte\/produkthandbucher\/\">Die aktuellen Versionen der Handb\u00fccher finden Sie hier<\/a>.<\/p>\n\r\n                <\/div>\r\n                            <\/div>\r\n                                    <div class=\"manual-selector\">\r\n                <form id=\"historical-manual-filters\" class=\"manual-filters\"\r\n                    action=\"https:\/\/www.nevro.com\/de\/wp-admin\/admin-ajax.php\" method=\"POST\">\r\n                                        \r\n                    <div class=\"filter-col\">\r\n                        <h5>Region<span\r\n                                class=\"md:hidden uppercase font-normal\">(Required)<\/span><\/h5>\r\n                        <select id=\"region\" name=\"region\">\r\n                            <option value=\"\">Region w\u00e4hlen<\/option>\r\n                                                        \r\n                            <option value=\"eu\">\r\n                                Europa<\/option>\r\n                        <\/select>\r\n                        <p class=\"required\">(Pflichtfeld)<\/p>\r\n                    <\/div>\r\n                    \r\n                    <div class=\"filter-col\">\r\n                        <h5>Art der Literatur <span\r\n                                class=\"md:hidden uppercase font-normal\">(Pflichtfeld)<\/span>\r\n                        <\/h5>\r\n                        \r\n                        <select id=\"type\" name=\"type\">\r\n                            <option value=\"\">Art der Literatur\r\n                            <\/option>\r\n                                                                                                                            <option value=\"hfa-trial\">\r\n                                        Informationen f\u00fcr verschreibende \u00c4rzte &#8211; HFA-Testsystem\r\n                                    <\/option>\r\n                                    <option value=\"hfx-trial\">\r\n                                        Implantationshandbuch f\u00fcr \u00c4rzte &#8211; HFX-Testsystem\r\n                                    <\/option>\r\n                                    <option value=\"info-senza\">\r\n                                        Informationen F\u00fcr Verschreibende \u00c4rzte- Senza Bluetooth &#8211; Testsystem\r\n                                    <\/option>\r\n                                    <option value=\"physician-senza\">\r\n                                        Implantationshandbuch F\u00fcr \u00c4rzte- Senza Bluetooth &#8211; Testsystem\r\n                                    <\/option>\r\n                                    <option value=\"physician\">\r\n                                        Handbuch f\u00fcr \u00c4rzte\r\n                                    <\/option>\r\n                                    <option value=\"m8\">\r\n                                        M8-Elektrodenadapter Handbuch\r\n                                    <\/option>\r\n                                    <option value=\"s8\">\r\n                                        S8-Elektrodenadapter Handbuch\r\n                                    <\/option>\r\n                                    <option value=\"surgical\">\r\n                                        Chirurgische Elektrode Surpass\u2013 Handbuch\r\n                                    <\/option>\r\n                                    <option value=\"surpass\">\r\n                                        Surpass-C Chirurgische Elektrode\u2013 Handbuch\r\n                                    <\/option>\r\n                                    <option value=\"mri\">\r\n                                        MRT-Leitlinien\r\n                                    <\/option>\r\n                                    <option value=\"programmer\">\r\n                                        Programmierhandbuch\r\n                                    <\/option>\r\n                                                                                    <\/select>\r\n                        <p class=\"required\">(Pflichtfeld)<\/p>\r\n                    <\/div>\r\n                    \r\n                    <div class=\"filter-col\">\r\n                        <h5>Sprache<\/h5>\r\n                        <div class=\"custom-select\">\r\n                            <select id=\"lang\" name=\"lang\">\r\n                                <option value=\"0\">Sprache w\u00e4hlen\r\n                                <\/option>\r\n                                                                                                                                                                                                                                        <option value=\"en\" class=\"flag-en\">\r\n                                        Englisch<\/option>\r\n                                                                                                        <option value=\"cz\" class=\"flag-cz\">\r\n                                        Tschechisch<\/option>\r\n                                                                                                        <option value=\"ne\" class=\"flag-ne\">\r\n                                        Niederl\u00e4ndisch<\/option>\r\n                                                                                                        <option value=\"fn\" class=\"flag-fn\">\r\n                                        Finnisch<\/option>\r\n                                                                                                        <option value=\"fr\" class=\"flag-fr\">\r\n                                        Franz\u00f6sisch<\/option>\r\n                                                                                                        <option value=\"de\" class=\"flag-de\">\r\n                                        Deutsch<\/option>\r\n                                                                                                        <option value=\"it\" class=\"flag-it\">\r\n                                        Italienisch<\/option>\r\n                                                                                                        <option value=\"no\" class=\"flag-no\">\r\n                                        Norwegisch<\/option>\r\n                                                                                                        <option value=\"sk\" class=\"flag-sk\">\r\n                                        Slovakisch<\/option>\r\n                                                                                                        <option value=\"es\" class=\"flag-es\">\r\n                                        Spanisch<\/option>\r\n                                                                                                        <option value=\"se\" class=\"flag-se\">\r\n                                        Schwedisch<\/option>\r\n                                                                                                        <option value=\"tk\" class=\"flag-tk\">\r\n                                        T\u00fcrkisch<\/option>\r\n                                                            <\/select>\r\n                        <\/div>\r\n                        <p class=\"required\">(Optional)<\/p>\r\n                    <\/div>\r\n                                    <\/form>\r\n            <\/div>\r\n                <div class=\"manual-table\">\r\n            <div class=\"manual-row header\">\r\n                <div class=\"manual-col\">\r\n                    <h5>Title<\/h5>\r\n                <\/div>\r\n                <div class=\"manual-col\">\r\n                    <h5>REV|Language<\/h5>\r\n                <\/div>\r\n                <div class=\"manual-col\">\r\n                    <h5>Download File<\/h5>\r\n                <\/div>\r\n            <\/div>\r\n            <div id=\"manual-table-contents\"><\/div>\r\n        <\/div>\r\n                    <div class=\"text-below\">\r\n                                    <a class=\"button left\" href=\"http:\/\/www.nevrophysicianmanual.com\/\"\r\n                        target=\"_blank\">Druckversion Anfordern<\/a>\r\n                                                    <div class=\"wysiwyg\">\r\n                        <p>Zum Anzeigen von PDF-Dateien wird Adobe Reader ben\u00f6tigt. Laden Sie hier die neueste Version\u00a0<a href=\"https:\/\/get.adobe.com\/reader\/\" target=\"_blank\" rel=\"noopener\">herunter<\/a><\/p>\n\r\n                    <\/div>\r\n                            <\/div>\r\n            <\/div>\r\n<\/div>\r\n","protected":false},"excerpt":{"rendered":"","protected":false},"author":1,"featured_media":0,"parent":18,"menu_order":0,"comment_status":"closed","ping_status":"closed","template":"","meta":{"_acf_changed":false,"footnotes":""},"class_list":["post-988","page","type-page","status-publish","hentry"],"acf":[],"yoast_head":"<!-- This site is optimized with the Yoast SEO plugin v26.7 - https:\/\/yoast.com\/wordpress\/plugins\/seo\/ -->\n<title>Historical Product Manuals - Deutsch<\/title>\n<meta name=\"robots\" content=\"index, follow, max-snippet:-1, max-image-preview:large, max-video-preview:-1\" \/>\n<link rel=\"canonical\" href=\"https:\/\/www.nevro.com\/de\/arzte\/produkthandbucher\/historical-product-manuals\/\" \/>\n<meta property=\"og:locale\" content=\"en_US\" \/>\n<meta property=\"og:type\" content=\"article\" \/>\n<meta property=\"og:title\" content=\"Historical Product Manuals - Deutsch\" \/>\n<meta property=\"og:url\" content=\"https:\/\/www.nevro.com\/de\/arzte\/produkthandbucher\/historical-product-manuals\/\" \/>\n<meta property=\"og:site_name\" content=\"Deutsch\" \/>\n<meta property=\"article:modified_time\" content=\"2025-05-27T19:09:37+00:00\" \/>\n<meta name=\"twitter:card\" content=\"summary_large_image\" \/>\n<script type=\"application\/ld+json\" class=\"yoast-schema-graph\">{\"@context\":\"https:\/\/schema.org\",\"@graph\":[{\"@type\":\"WebPage\",\"@id\":\"https:\/\/www.nevro.com\/de\/arzte\/produkthandbucher\/historical-product-manuals\/\",\"url\":\"https:\/\/www.nevro.com\/de\/arzte\/produkthandbucher\/historical-product-manuals\/\",\"name\":\"Historical Product Manuals - Deutsch\",\"isPartOf\":{\"@id\":\"https:\/\/www.nevro.com\/de\/#website\"},\"datePublished\":\"2025-05-26T21:33:51+00:00\",\"dateModified\":\"2025-05-27T19:09:37+00:00\",\"breadcrumb\":{\"@id\":\"https:\/\/www.nevro.com\/de\/arzte\/produkthandbucher\/historical-product-manuals\/#breadcrumb\"},\"inLanguage\":\"en-US\",\"potentialAction\":[{\"@type\":\"ReadAction\",\"target\":[\"https:\/\/www.nevro.com\/de\/arzte\/produkthandbucher\/historical-product-manuals\/\"]}]},{\"@type\":\"BreadcrumbList\",\"@id\":\"https:\/\/www.nevro.com\/de\/arzte\/produkthandbucher\/historical-product-manuals\/#breadcrumb\",\"itemListElement\":[{\"@type\":\"ListItem\",\"position\":1,\"name\":\"Home\",\"item\":\"https:\/\/www.nevro.com\/de\/\"},{\"@type\":\"ListItem\",\"position\":2,\"name\":\"\u00c4rzte\",\"item\":\"https:\/\/www.nevro.com\/de\/arzte\/\"},{\"@type\":\"ListItem\",\"position\":3,\"name\":\"Produkthandb\u00fccher\",\"item\":\"https:\/\/www.nevro.com\/de\/arzte\/produkthandbucher\/\"},{\"@type\":\"ListItem\",\"position\":4,\"name\":\"Historical Product Manuals\"}]},{\"@type\":\"WebSite\",\"@id\":\"https:\/\/www.nevro.com\/de\/#website\",\"url\":\"https:\/\/www.nevro.com\/de\/\",\"name\":\"Deutsch\",\"description\":\"\",\"potentialAction\":[{\"@type\":\"SearchAction\",\"target\":{\"@type\":\"EntryPoint\",\"urlTemplate\":\"https:\/\/www.nevro.com\/de\/?s={search_term_string}\"},\"query-input\":{\"@type\":\"PropertyValueSpecification\",\"valueRequired\":true,\"valueName\":\"search_term_string\"}}],\"inLanguage\":\"en-US\"}]}<\/script>\n<!-- \/ Yoast SEO plugin. -->","yoast_head_json":{"title":"Historical Product Manuals - Deutsch","robots":{"index":"index","follow":"follow","max-snippet":"max-snippet:-1","max-image-preview":"max-image-preview:large","max-video-preview":"max-video-preview:-1"},"canonical":"https:\/\/www.nevro.com\/de\/arzte\/produkthandbucher\/historical-product-manuals\/","og_locale":"en_US","og_type":"article","og_title":"Historical Product Manuals - Deutsch","og_url":"https:\/\/www.nevro.com\/de\/arzte\/produkthandbucher\/historical-product-manuals\/","og_site_name":"Deutsch","article_modified_time":"2025-05-27T19:09:37+00:00","twitter_card":"summary_large_image","schema":{"@context":"https:\/\/schema.org","@graph":[{"@type":"WebPage","@id":"https:\/\/www.nevro.com\/de\/arzte\/produkthandbucher\/historical-product-manuals\/","url":"https:\/\/www.nevro.com\/de\/arzte\/produkthandbucher\/historical-product-manuals\/","name":"Historical Product Manuals - Deutsch","isPartOf":{"@id":"https:\/\/www.nevro.com\/de\/#website"},"datePublished":"2025-05-26T21:33:51+00:00","dateModified":"2025-05-27T19:09:37+00:00","breadcrumb":{"@id":"https:\/\/www.nevro.com\/de\/arzte\/produkthandbucher\/historical-product-manuals\/#breadcrumb"},"inLanguage":"en-US","potentialAction":[{"@type":"ReadAction","target":["https:\/\/www.nevro.com\/de\/arzte\/produkthandbucher\/historical-product-manuals\/"]}]},{"@type":"BreadcrumbList","@id":"https:\/\/www.nevro.com\/de\/arzte\/produkthandbucher\/historical-product-manuals\/#breadcrumb","itemListElement":[{"@type":"ListItem","position":1,"name":"Home","item":"https:\/\/www.nevro.com\/de\/"},{"@type":"ListItem","position":2,"name":"\u00c4rzte","item":"https:\/\/www.nevro.com\/de\/arzte\/"},{"@type":"ListItem","position":3,"name":"Produkthandb\u00fccher","item":"https:\/\/www.nevro.com\/de\/arzte\/produkthandbucher\/"},{"@type":"ListItem","position":4,"name":"Historical Product Manuals"}]},{"@type":"WebSite","@id":"https:\/\/www.nevro.com\/de\/#website","url":"https:\/\/www.nevro.com\/de\/","name":"Deutsch","description":"","potentialAction":[{"@type":"SearchAction","target":{"@type":"EntryPoint","urlTemplate":"https:\/\/www.nevro.com\/de\/?s={search_term_string}"},"query-input":{"@type":"PropertyValueSpecification","valueRequired":true,"valueName":"search_term_string"}}],"inLanguage":"en-US"}]}},"_links":{"self":[{"href":"https:\/\/www.nevro.com\/de\/wp-json\/wp\/v2\/pages\/988","targetHints":{"allow":["GET"]}}],"collection":[{"href":"https:\/\/www.nevro.com\/de\/wp-json\/wp\/v2\/pages"}],"about":[{"href":"https:\/\/www.nevro.com\/de\/wp-json\/wp\/v2\/types\/page"}],"author":[{"embeddable":true,"href":"https:\/\/www.nevro.com\/de\/wp-json\/wp\/v2\/users\/1"}],"replies":[{"embeddable":true,"href":"https:\/\/www.nevro.com\/de\/wp-json\/wp\/v2\/comments?post=988"}],"version-history":[{"count":5,"href":"https:\/\/www.nevro.com\/de\/wp-json\/wp\/v2\/pages\/988\/revisions"}],"predecessor-version":[{"id":995,"href":"https:\/\/www.nevro.com\/de\/wp-json\/wp\/v2\/pages\/988\/revisions\/995"}],"up":[{"embeddable":true,"href":"https:\/\/www.nevro.com\/de\/wp-json\/wp\/v2\/pages\/18"}],"wp:attachment":[{"href":"https:\/\/www.nevro.com\/de\/wp-json\/wp\/v2\/media?parent=988"}],"curies":[{"name":"wp","href":"https:\/\/api.w.org\/{rel}","templated":true}]}}